{"id":6758,"date":"2022-05-18T01:56:29","date_gmt":"2022-05-17T18:56:29","guid":{"rendered":"http:\/\/aleenta.bml2l1izss-eqg35n0pk3xn.p.temp-site.link\/?page_id=6758"},"modified":"2026-01-19T16:33:14","modified_gmt":"2026-01-19T09:33:14","slug":"dining","status":"publish","type":"page","link":"http:\/\/www.aleenta.com\/de\/huahin\/dining\/","title":{"rendered":"Kulinarik"},"content":{"rendered":"<div data-elementor-type=\"wp-page\" data-elementor-id=\"6758\" class=\"elementor elementor-6758\" data-elementor-post-type=\"page\">\n\t\t\t\t\t\t<section class=\"elementor-section elementor-top-section elementor-element elementor-element-93cb530 elementor-section-content-middle elementor-section-height-min-height elementor-section-items-bottom elementor-section-boxed elementor-section-height-default\" data-id=\"93cb530\" data-element_type=\"section\" data-settings=\"{&quot;background_background&quot;:&quot;classic&quot;,&quot;jet_parallax_layout_list&quot;:[]}\">\n\t\t\t\t\t\t\t<div class=\"elementor-background-overlay\"><\/div>\n\t\t\t\t\t\t\t<div class=\"elementor-container elementor-column-gap-no\">\n\t\t\t\t\t<div class=\"elementor-column elementor-col-100 elementor-top-column elementor-element elementor-element-3413700\" data-id=\"3413700\" data-element_type=\"column\">\n\t\t\t<div class=\"elementor-widget-wrap elementor-element-populated\">\n\t\t\t\t\t\t<div class=\"elementor-element elementor-element-f9504eb elementor-widget elementor-widget-heading\" data-id=\"f9504eb\" data-element_type=\"widget\" data-widget_type=\"heading.default\">\n\t\t\t\t<div class=\"elementor-widget-container\">\n\t\t\t\t\t<h1 class=\"elementor-heading-title elementor-size-default\">Restaurants &amp; Bars bei Hua Hin<\/h1>\t\t\t\t<\/div>\n\t\t\t\t<\/div>\n\t\t\t\t\t<\/div>\n\t\t<\/div>\n\t\t\t\t\t<\/div>\n\t\t<\/section>\n\t\t\t\t<section class=\"elementor-section elementor-top-section elementor-element elementor-element-679c7ea elementor-section-boxed elementor-section-height-default elementor-section-height-default\" data-id=\"679c7ea\" data-element_type=\"section\" data-settings=\"{&quot;jet_parallax_layout_list&quot;:[]}\">\n\t\t\t\t\t\t<div class=\"elementor-container elementor-column-gap-default\">\n\t\t\t\t\t<div class=\"elementor-column elementor-col-50 elementor-top-column elementor-element elementor-element-8a0992b\" data-id=\"8a0992b\" data-element_type=\"column\">\n\t\t\t<div class=\"elementor-widget-wrap elementor-element-populated\">\n\t\t\t\t\t\t<div class=\"elementor-element elementor-element-3c551fa elementor-widget elementor-widget-heading\" data-id=\"3c551fa\" data-element_type=\"widget\" data-widget_type=\"heading.default\">\n\t\t\t\t<div class=\"elementor-widget-container\">\n\t\t\t\t\t<h2 class=\"elementor-heading-title elementor-size-default\">Spannende thail\u00e4ndische K\u00fcche und kulinarische Erlebnisse<\/h2>\t\t\t\t<\/div>\n\t\t\t\t<\/div>\n\t\t\t\t\t<\/div>\n\t\t<\/div>\n\t\t\t\t<div class=\"elementor-column elementor-col-50 elementor-top-column elementor-element elementor-element-4bc33a0\" data-id=\"4bc33a0\" data-element_type=\"column\">\n\t\t\t<div class=\"elementor-widget-wrap elementor-element-populated\">\n\t\t\t\t\t\t<div class=\"elementor-element elementor-element-312cad8 elementor-widget elementor-widget-text-editor\" data-id=\"312cad8\" data-element_type=\"widget\" data-widget_type=\"text-editor.default\">\n\t\t\t\t<div class=\"elementor-widget-container\">\n\t\t\t\t\t\t\t\t\t<p>Lassen Sie sich von unserem Restaurant in Pranburi, Hua Hin, in eine k\u00f6stliche Welt asiatischer Aromen entf\u00fchren. Alle unsere Gerichte werden mit frischen Zutaten wie Heilkr\u00e4utern zubereitet und mit exotischen Gew\u00fcrzen verfeinert. Die Speisekarte reicht von gesunder K\u00fcche \u00fcber vegane K\u00f6stlichkeiten bis hin zu traditionellen thail\u00e4ndischen Gerichten. Unser Team versteht es, Ihren Gaumen so richtig zu verw\u00f6hnen. Ob Sie ein romantisches Abendessen zu zweit oder ein Barbecue am Strand mit Ihren Freunden planen, unsere Pool-Lounge und <a href=\"https:\/\/www.aleenta.com\/de\/huahin\/dining\/beach-cafe\/\">Aleenta-Stange<\/a> bieten den ganzen Tag \u00fcber ein besonderes Erlebnis mit erfrischenden Cocktails und alkoholfreien Getr\u00e4nken.<\/p>\t\t\t\t\t\t\t\t<\/div>\n\t\t\t\t<\/div>\n\t\t\t\t\t<\/div>\n\t\t<\/div>\n\t\t\t\t\t<\/div>\n\t\t<\/section>\n\t\t<div class=\"elementor-element elementor-element-28792f0 e-flex e-con-boxed e-con e-parent\" data-id=\"28792f0\" data-element_type=\"container\" data-settings=\"{&quot;jet_parallax_layout_list&quot;:[]}\">\n\t\t\t\t\t<div class=\"e-con-inner\">\n\t\t\t\t<div class=\"elementor-element elementor-element-6fa0c7d elementor-widget elementor-widget-heading\" data-id=\"6fa0c7d\" data-element_type=\"widget\" data-widget_type=\"heading.default\">\n\t\t\t\t<div class=\"elementor-widget-container\">\n\t\t\t\t\t<h2 class=\"elementor-heading-title elementor-size-default\">Kulinarische Gen\u00fcsse in Aleenta Hua Hin<\/h2>\t\t\t\t<\/div>\n\t\t\t\t<\/div>\n\t\t\t\t\t<\/div>\n\t\t\t\t<\/div>\n\t\t<div class=\"elementor-element elementor-element-2fdacf0 e-flex e-con-boxed e-con e-parent\" data-id=\"2fdacf0\" data-element_type=\"container\" data-settings=\"{&quot;jet_parallax_layout_list&quot;:[]}\">\n\t\t\t\t\t<div class=\"e-con-inner\">\n\t\t<div class=\"elementor-element elementor-element-738e7cd e-con-full e-flex e-con e-child\" data-id=\"738e7cd\" data-element_type=\"container\" data-settings=\"{&quot;jet_parallax_layout_list&quot;:[]}\">\n\t\t<div class=\"elementor-element elementor-element-12b25bb e-con-full e-flex e-con e-child\" data-id=\"12b25bb\" data-element_type=\"container\" data-settings=\"{&quot;jet_parallax_layout_list&quot;:[]}\">\n\t\t\t\t<div class=\"elementor-element elementor-element-4ea33db elementor-widget elementor-widget-image\" data-id=\"4ea33db\" data-element_type=\"widget\" data-widget_type=\"image.default\">\n\t\t\t\t<div class=\"elementor-widget-container\">\n\t\t\t\t\t\t\t\t\t\t\t\t\t\t\t\t<a href=\"https:\/\/www.aleenta.com\/de\/huahin\/dining\/aleenta-restaurant\/\">\n\t\t\t\t\t\t\t<img fetchpriority=\"high\" decoding=\"async\" width=\"663\" height=\"386\" src=\"https:\/\/www.aleenta.com\/wp-content\/uploads\/aleenta-restaurant-huahin.jpg\" class=\"attachment-large size-large wp-image-6781\" alt=\"Alenta-Restaurant\" srcset=\"https:\/\/www.aleenta.com\/wp-content\/uploads\/aleenta-restaurant-huahin.jpg 663w, https:\/\/www.aleenta.com\/wp-content\/uploads\/aleenta-restaurant-huahin-300x175.jpg 300w\" sizes=\"(max-width: 663px) 100vw, 663px\" \/>\t\t\t\t\t\t\t\t<\/a>\n\t\t\t\t\t\t\t\t\t\t\t\t\t\t\t<\/div>\n\t\t\t\t<\/div>\n\t\t\t\t<div class=\"elementor-element elementor-element-c24fa53 elementor-widget elementor-widget-heading\" data-id=\"c24fa53\" data-element_type=\"widget\" data-widget_type=\"heading.default\">\n\t\t\t\t<div class=\"elementor-widget-container\">\n\t\t\t\t\t<h3 class=\"elementor-heading-title elementor-size-default\"><a href=\"https:\/\/www.aleenta.com\/de\/huahin\/dining\/aleenta-restaurant\/\"> Aleenta Restaurant<\/a><\/h3>\t\t\t\t<\/div>\n\t\t\t\t<\/div>\n\t\t\t\t<div class=\"elementor-element elementor-element-a67bc85 elementor-widget elementor-widget-text-editor\" data-id=\"a67bc85\" data-element_type=\"widget\" data-widget_type=\"text-editor.default\">\n\t\t\t\t<div class=\"elementor-widget-container\">\n\t\t\t\t\t\t\t\t\t<p>Unser Restaurant in der N\u00e4he von Hua Hin serviert sowohl internationale als auch traditionelle thail\u00e4ndische Gerichte. Unser K\u00fcchenteam verwendet nur die besten Zutaten und verleiht jeder Mahlzeit eine ganz besondere Note.<\/p>\t\t\t\t\t\t\t\t<\/div>\n\t\t\t\t<\/div>\n\t\t<div class=\"elementor-element elementor-element-80f4cd8 e-con-full e-flex e-con e-child\" data-id=\"80f4cd8\" data-element_type=\"container\" data-settings=\"{&quot;jet_parallax_layout_list&quot;:[]}\">\n\t\t\t\t<div class=\"elementor-element elementor-element-afd792a elementor-widget elementor-widget-image\" data-id=\"afd792a\" data-element_type=\"widget\" data-widget_type=\"image.default\">\n\t\t\t\t<div class=\"elementor-widget-container\">\n\t\t\t\t\t\t\t\t\t\t\t\t\t\t\t\t<a href=\"https:\/\/www.aleenta.com\/de\/huahin\/dining\/aleenta-bakery\/\">\n\t\t\t\t\t\t\t<img decoding=\"async\" width=\"663\" height=\"386\" src=\"https:\/\/www.aleenta.com\/wp-content\/uploads\/Aleenta-Bakery.jpg\" class=\"attachment-large size-large wp-image-33418\" alt=\"\" srcset=\"https:\/\/www.aleenta.com\/wp-content\/uploads\/Aleenta-Bakery.jpg 663w, https:\/\/www.aleenta.com\/wp-content\/uploads\/Aleenta-Bakery-300x175.jpg 300w, https:\/\/www.aleenta.com\/wp-content\/uploads\/Aleenta-Bakery-18x10.jpg 18w\" sizes=\"(max-width: 663px) 100vw, 663px\" \/>\t\t\t\t\t\t\t\t<\/a>\n\t\t\t\t\t\t\t\t\t\t\t\t\t\t\t<\/div>\n\t\t\t\t<\/div>\n\t\t\t\t<div class=\"elementor-element elementor-element-537b72f elementor-widget elementor-widget-heading\" data-id=\"537b72f\" data-element_type=\"widget\" data-widget_type=\"heading.default\">\n\t\t\t\t<div class=\"elementor-widget-container\">\n\t\t\t\t\t<h3 class=\"elementor-heading-title elementor-size-default\"><a href=\"https:\/\/www.aleenta.com\/de\/huahin\/dining\/aleenta-bakery\/\">Aleenta Bakery<\/a><\/h3>\t\t\t\t<\/div>\n\t\t\t\t<\/div>\n\t\t\t\t<div class=\"elementor-element elementor-element-2e0ba7a elementor-widget elementor-widget-text-editor\" data-id=\"2e0ba7a\" data-element_type=\"widget\" data-widget_type=\"text-editor.default\">\n\t\t\t\t<div class=\"elementor-widget-container\">\n\t\t\t\t\t\t\t\t\t<p>Im Hauptfl\u00fcgel des Aleenta Hua Hin Resort &amp; Spa gelegen, werden t\u00e4glich frisches Brot und Geb\u00e4ck serviert und durch ein umfangreiches Kaffeeangebot erg\u00e4nzt. Genie\u00dfen Sie hausgemachte Kuchen und Geb\u00e4ck mit Meerblick. Frisches Brot, Br\u00f6tchen und Croissants zum Mitnehmen.<\/p>\t\t\t\t\t\t\t\t<\/div>\n\t\t\t\t<\/div>\n\t\t\t\t<\/div>\n\t\t\t\t<\/div>\n\t\t\t\t<\/div>\n\t\t<div class=\"elementor-element elementor-element-a3c73bb e-con-full e-flex e-con e-child\" data-id=\"a3c73bb\" data-element_type=\"container\" data-settings=\"{&quot;jet_parallax_layout_list&quot;:[]}\">\n\t\t<div class=\"elementor-element elementor-element-b0310b8 e-con-full e-flex e-con e-child\" data-id=\"b0310b8\" data-element_type=\"container\" data-settings=\"{&quot;jet_parallax_layout_list&quot;:[]}\">\n\t\t\t\t<div class=\"elementor-element elementor-element-e0e14f0 elementor-widget elementor-widget-image\" data-id=\"e0e14f0\" data-element_type=\"widget\" data-widget_type=\"image.default\">\n\t\t\t\t<div class=\"elementor-widget-container\">\n\t\t\t\t\t\t\t\t\t\t\t\t\t\t\t\t<a href=\"https:\/\/www.aleenta.com\/de\/huahin\/dining\/beach-cafe\/\">\n\t\t\t\t\t\t\t<img decoding=\"async\" width=\"663\" height=\"386\" src=\"https:\/\/www.aleenta.com\/wp-content\/uploads\/Aleenta-Hua-Hin-Beach-cafe-box.jpg\" class=\"attachment-large size-large wp-image-21346\" alt=\"Aleenta Hua Hin Strandcaf\u00e9\" srcset=\"https:\/\/www.aleenta.com\/wp-content\/uploads\/Aleenta-Hua-Hin-Beach-cafe-box.jpg 663w, https:\/\/www.aleenta.com\/wp-content\/uploads\/Aleenta-Hua-Hin-Beach-cafe-box-300x175.jpg 300w, https:\/\/www.aleenta.com\/wp-content\/uploads\/Aleenta-Hua-Hin-Beach-cafe-box-18x10.jpg 18w\" sizes=\"(max-width: 663px) 100vw, 663px\" \/>\t\t\t\t\t\t\t\t<\/a>\n\t\t\t\t\t\t\t\t\t\t\t\t\t\t\t<\/div>\n\t\t\t\t<\/div>\n\t\t\t\t<div class=\"elementor-element elementor-element-5ba9be1 elementor-widget elementor-widget-heading\" data-id=\"5ba9be1\" data-element_type=\"widget\" data-widget_type=\"heading.default\">\n\t\t\t\t<div class=\"elementor-widget-container\">\n\t\t\t\t\t<h3 class=\"elementor-heading-title elementor-size-default\"><a href=\"https:\/\/www.aleenta.com\/de\/huahin\/dining\/beach-cafe\/\">Aleenta Beach Cafe<\/a><\/h3>\t\t\t\t<\/div>\n\t\t\t\t<\/div>\n\t\t\t\t<div class=\"elementor-element elementor-element-383c9f0 elementor-widget elementor-widget-text-editor\" data-id=\"383c9f0\" data-element_type=\"widget\" data-widget_type=\"text-editor.default\">\n\t\t\t\t<div class=\"elementor-widget-container\">\n\t\t\t\t\t\t\t\t\t<p>Unser Beach Caf\u00e9 ist der perfekte Ort, um das Meer zu genie\u00dfen und dabei einen k\u00f6stlichen Kaffee oder Cocktail zu schl\u00fcrfen. Entdecken Sie diesen absoluten Wohlf\u00fchlort im Frangipani-Fl\u00fcgel von Aleenta Hua Hin.<\/p>\t\t\t\t\t\t\t\t<\/div>\n\t\t\t\t<\/div>\n\t\t<div class=\"elementor-element elementor-element-2f11159 e-con-full e-flex e-con e-child\" data-id=\"2f11159\" data-element_type=\"container\" data-settings=\"{&quot;jet_parallax_layout_list&quot;:[]}\">\n\t\t\t\t<div class=\"elementor-element elementor-element-ccfc2e7 elementor-widget elementor-widget-image\" data-id=\"ccfc2e7\" data-element_type=\"widget\" data-widget_type=\"image.default\">\n\t\t\t\t<div class=\"elementor-widget-container\">\n\t\t\t\t\t\t\t\t\t\t\t\t\t\t\t<img loading=\"lazy\" decoding=\"async\" width=\"663\" height=\"386\" src=\"https:\/\/www.aleenta.com\/wp-content\/uploads\/private-dining-huahin.jpg\" class=\"attachment-large size-large wp-image-6786\" alt=\"\" srcset=\"https:\/\/www.aleenta.com\/wp-content\/uploads\/private-dining-huahin.jpg 663w, https:\/\/www.aleenta.com\/wp-content\/uploads\/private-dining-huahin-300x175.jpg 300w\" sizes=\"(max-width: 663px) 100vw, 663px\" \/>\t\t\t\t\t\t\t\t\t\t\t\t\t\t\t<\/div>\n\t\t\t\t<\/div>\n\t\t\t\t<div class=\"elementor-element elementor-element-fcc13e3 elementor-widget elementor-widget-heading\" data-id=\"fcc13e3\" data-element_type=\"widget\" data-widget_type=\"heading.default\">\n\t\t\t\t<div class=\"elementor-widget-container\">\n\t\t\t\t\t<h3 class=\"elementor-heading-title elementor-size-default\"><a href=\"https:\/\/www.aleenta.com\/de\/huahin\/dining\/private-dining\/\">Private Dining<\/a><\/h3>\t\t\t\t<\/div>\n\t\t\t\t<\/div>\n\t\t\t\t<div class=\"elementor-element elementor-element-66cc16a elementor-widget elementor-widget-text-editor\" data-id=\"66cc16a\" data-element_type=\"widget\" data-widget_type=\"text-editor.default\">\n\t\t\t\t<div class=\"elementor-widget-container\">\n\t\t\t\t\t\t\t\t\t<p>Lauschen Sie dem sanften Rauschen des Meeres und genie\u00dfen Sie dabei wahre kulinarische Gen\u00fcsse. Beim Private Dining Erlebnis steht Ihr pers\u00f6nlicher Genuss im Mittelpunkt, egal ob im romantischen Rahmen mit Ihrem Liebsten oder in geselliger Runde mit Freunden.<\/p>\t\t\t\t\t\t\t\t<\/div>\n\t\t\t\t<\/div>\n\t\t\t\t<\/div>\n\t\t\t\t<\/div>\n\t\t\t\t<\/div>\n\t\t\t\t\t<\/div>\n\t\t\t\t<\/div>\n\t\t\t\t<\/div>","protected":false},"excerpt":{"rendered":"<p>Restaurants &amp; Bars in Hua Hin Exciting Thai Cuisine &amp; Dining Experiences Let our restaurant in Pranburi, Hua Hin, take [&hellip;]<\/p>\n","protected":false},"author":2,"featured_media":0,"parent":5535,"menu_order":0,"comment_status":"closed","ping_status":"closed","template":"","meta":{"_acf_changed":false,"site-sidebar-layout":"no-sidebar","site-content-layout":"page-builder","ast-site-content-layout":"full-width-container","site-content-style":"unboxed","site-sidebar-style":"unboxed","ast-global-header-display":"","ast-banner-title-visibility":"","ast-main-header-display":"","ast-hfb-above-header-display":"","ast-hfb-below-header-display":"","ast-hfb-mobile-header-display":"","site-post-title":"disabled","ast-breadcrumbs-content":"","ast-featured-img":"disabled","footer-sml-layout":"","ast-disable-related-posts":"","theme-transparent-header-meta":"default","adv-header-id-meta":"","stick-header-meta":"default","header-above-stick-meta":"","header-main-stick-meta":"","header-below-stick-meta":"","astra-migrate-meta-layouts":"set","ast-page-background-enabled":"default","ast-page-background-meta":{"desktop":{"background-color":"var(--ast-global-color-4)","background-image":"","background-repeat":"repeat","background-position":"center center","background-size":"auto","background-attachment":"scroll","background-type":"","background-media":"","overlay-type":"","overlay-color":"","overlay-opacity":"","overlay-gradient":""},"tablet":{"background-color":"","background-image":"","background-repeat":"repeat","background-position":"center center","background-size":"auto","background-attachment":"scroll","background-type":"","background-media":"","overlay-type":"","overlay-color":"","overlay-opacity":"","overlay-gradient":""},"mobile":{"background-color":"","background-image":"","background-repeat":"repeat","background-position":"center center","background-size":"auto","background-attachment":"scroll","background-type":"","background-media":"","overlay-type":"","overlay-color":"","overlay-opacity":"","overlay-gradient":""}},"ast-content-background-meta":{"desktop":{"background-color":"var(--ast-global-color-5)","background-image":"","background-repeat":"repeat","background-position":"center center","background-size":"auto","background-attachment":"scroll","background-type":"","background-media":"","overlay-type":"","overlay-color":"","overlay-opacity":"","overlay-gradient":""},"tablet":{"background-color":"var(--ast-global-color-5)","background-image":"","background-repeat":"repeat","background-position":"center center","background-size":"auto","background-attachment":"scroll","background-type":"","background-media":"","overlay-type":"","overlay-color":"","overlay-opacity":"","overlay-gradient":""},"mobile":{"background-color":"var(--ast-global-color-5)","background-image":"","background-repeat":"repeat","background-position":"center center","background-size":"auto","background-attachment":"scroll","background-type":"","background-media":"","overlay-type":"","overlay-color":"","overlay-opacity":"","overlay-gradient":""}},"footnotes":""},"retreat-cat":[],"retreat-cat-chiang-mai":[],"retreat-cat-hua-hin":[],"class_list":["post-6758","page","type-page","status-publish","hentry"],"acf":[],"yoast_head":"<!-- This site is optimized with the Yoast SEO plugin v27.3 - https:\/\/yoast.com\/product\/yoast-seo-wordpress\/ -->\n<title>Restaurant &amp; Dining - Aleenta Hua Hin Resort and Spa<\/title>\n<meta name=\"description\" content=\"A culinary journey of Asian flavours await at Aleenta Hua Hin Resort restaurants and bars with delicious expertly prepared Thai food bursting with exotic spices.\" \/>\n<meta name=\"robots\" content=\"index, follow, max-snippet:-1, max-image-preview:large, max-video-preview:-1\" \/>\n<link rel=\"canonical\" href=\"https:\/\/www.aleenta.com\/de\/huahin\/dining\/\" \/>\n<meta property=\"og:locale\" content=\"de_DE\" \/>\n<meta property=\"og:type\" content=\"article\" \/>\n<meta property=\"og:title\" content=\"Restaurant &amp; Dining - Aleenta Hua Hin Resort and Spa\" \/>\n<meta property=\"og:description\" content=\"A culinary journey of Asian flavours await at Aleenta Hua Hin Resort restaurants and bars with delicious expertly prepared Thai food bursting with exotic spices.\" \/>\n<meta property=\"og:url\" content=\"https:\/\/www.aleenta.com\/de\/huahin\/dining\/\" \/>\n<meta property=\"og:site_name\" content=\"Aleenta Resorts\" \/>\n<meta property=\"article:modified_time\" content=\"2026-01-19T09:33:14+00:00\" \/>\n<meta property=\"og:image\" content=\"https:\/\/www.aleenta.com\/wp-content\/uploads\/aleenta-restaurant-huahin.jpg\" \/>\n\t<meta property=\"og:image:width\" content=\"663\" \/>\n\t<meta property=\"og:image:height\" content=\"386\" \/>\n\t<meta property=\"og:image:type\" content=\"image\/jpeg\" \/>\n<meta name=\"twitter:card\" content=\"summary_large_image\" \/>\n<script type=\"application\/ld+json\" class=\"yoast-schema-graph\">{\"@context\":\"https:\\\/\\\/schema.org\",\"@graph\":[{\"@type\":\"WebPage\",\"@id\":\"https:\\\/\\\/www.aleenta.com\\\/huahin\\\/dining\\\/\",\"url\":\"https:\\\/\\\/www.aleenta.com\\\/huahin\\\/dining\\\/\",\"name\":\"Restaurant & Dining - Aleenta Hua Hin Resort and Spa\",\"isPartOf\":{\"@id\":\"https:\\\/\\\/www.aleenta.com\\\/#website\"},\"primaryImageOfPage\":{\"@id\":\"https:\\\/\\\/www.aleenta.com\\\/huahin\\\/dining\\\/#primaryimage\"},\"image\":{\"@id\":\"https:\\\/\\\/www.aleenta.com\\\/huahin\\\/dining\\\/#primaryimage\"},\"thumbnailUrl\":\"https:\\\/\\\/www.aleenta.com\\\/wp-content\\\/uploads\\\/aleenta-restaurant-huahin.jpg\",\"datePublished\":\"2022-05-17T18:56:29+00:00\",\"dateModified\":\"2026-01-19T09:33:14+00:00\",\"description\":\"A culinary journey of Asian flavours await at Aleenta Hua Hin Resort restaurants and bars with delicious expertly prepared Thai food bursting with exotic spices.\",\"breadcrumb\":{\"@id\":\"https:\\\/\\\/www.aleenta.com\\\/huahin\\\/dining\\\/#breadcrumb\"},\"inLanguage\":\"de\",\"potentialAction\":[{\"@type\":\"ReadAction\",\"target\":[\"https:\\\/\\\/www.aleenta.com\\\/huahin\\\/dining\\\/\"]}]},{\"@type\":\"ImageObject\",\"inLanguage\":\"de\",\"@id\":\"https:\\\/\\\/www.aleenta.com\\\/huahin\\\/dining\\\/#primaryimage\",\"url\":\"https:\\\/\\\/www.aleenta.com\\\/wp-content\\\/uploads\\\/aleenta-restaurant-huahin.jpg\",\"contentUrl\":\"https:\\\/\\\/www.aleenta.com\\\/wp-content\\\/uploads\\\/aleenta-restaurant-huahin.jpg\"},{\"@type\":\"BreadcrumbList\",\"@id\":\"https:\\\/\\\/www.aleenta.com\\\/huahin\\\/dining\\\/#breadcrumb\",\"itemListElement\":[{\"@type\":\"ListItem\",\"position\":1,\"name\":\"Home\",\"item\":\"https:\\\/\\\/www.aleenta.com\\\/\"},{\"@type\":\"ListItem\",\"position\":2,\"name\":\"Huahin\",\"item\":\"https:\\\/\\\/www.aleenta.com\\\/huahin\\\/\"},{\"@type\":\"ListItem\",\"position\":3,\"name\":\"Dining\"}]},{\"@type\":\"WebSite\",\"@id\":\"https:\\\/\\\/www.aleenta.com\\\/#website\",\"url\":\"https:\\\/\\\/www.aleenta.com\\\/\",\"name\":\"Aleenta Resorts\",\"description\":\"Luxury Resorts &amp; Hotels in Thailand\",\"publisher\":{\"@id\":\"https:\\\/\\\/www.aleenta.com\\\/#organization\"},\"potentialAction\":[{\"@type\":\"SearchAction\",\"target\":{\"@type\":\"EntryPoint\",\"urlTemplate\":\"https:\\\/\\\/www.aleenta.com\\\/?s={search_term_string}\"},\"query-input\":{\"@type\":\"PropertyValueSpecification\",\"valueRequired\":true,\"valueName\":\"search_term_string\"}}],\"inLanguage\":\"de\"},{\"@type\":\"Organization\",\"@id\":\"https:\\\/\\\/www.aleenta.com\\\/#organization\",\"name\":\"Aleenta Resorts\",\"alternateName\":\"Aleenta\",\"url\":\"https:\\\/\\\/www.aleenta.com\\\/\",\"logo\":{\"@type\":\"ImageObject\",\"inLanguage\":\"de\",\"@id\":\"https:\\\/\\\/www.aleenta.com\\\/#\\\/schema\\\/logo\\\/image\\\/\",\"url\":\"https:\\\/\\\/www.aleenta.com\\\/wp-content\\\/uploads\\\/Aleenta-Logo-Text-1.png\",\"contentUrl\":\"https:\\\/\\\/www.aleenta.com\\\/wp-content\\\/uploads\\\/Aleenta-Logo-Text-1.png\",\"width\":924,\"height\":300,\"caption\":\"Aleenta Resorts\"},\"image\":{\"@id\":\"https:\\\/\\\/www.aleenta.com\\\/#\\\/schema\\\/logo\\\/image\\\/\"}}]}<\/script>\n<!-- \/ Yoast SEO plugin. -->","yoast_head_json":{"title":"Restaurants &amp; Bars | Aleenta Hua Hin","description":"In den Restaurants und Bars des Aleenta Hua Hin Resort erwartet Sie eine kulinarische Reise asiatischer Aromen voller exotischer Gew\u00fcrze  \u00bb Mehr","robots":{"index":"index","follow":"follow","max-snippet":"max-snippet:-1","max-image-preview":"max-image-preview:large","max-video-preview":"max-video-preview:-1"},"canonical":"https:\/\/www.aleenta.com\/de\/huahin\/dining\/","og_locale":"de_DE","og_type":"article","og_title":"Restaurant & Dining - Aleenta Hua Hin Resort and Spa","og_description":"A culinary journey of Asian flavours await at Aleenta Hua Hin Resort restaurants and bars with delicious expertly prepared Thai food bursting with exotic spices.","og_url":"https:\/\/www.aleenta.com\/de\/huahin\/dining\/","og_site_name":"Aleenta Resorts","article_modified_time":"2026-01-19T09:33:14+00:00","og_image":[{"width":663,"height":386,"url":"https:\/\/www.aleenta.com\/wp-content\/uploads\/aleenta-restaurant-huahin.jpg","type":"image\/jpeg"}],"twitter_card":"summary_large_image","schema":{"@context":"https:\/\/schema.org","@graph":[{"@type":"WebPage","@id":"https:\/\/www.aleenta.com\/huahin\/dining\/","url":"https:\/\/www.aleenta.com\/huahin\/dining\/","name":"Restaurants &amp; Bars | Aleenta Hua Hin","isPartOf":{"@id":"https:\/\/www.aleenta.com\/#website"},"primaryImageOfPage":{"@id":"https:\/\/www.aleenta.com\/huahin\/dining\/#primaryimage"},"image":{"@id":"https:\/\/www.aleenta.com\/huahin\/dining\/#primaryimage"},"thumbnailUrl":"https:\/\/www.aleenta.com\/wp-content\/uploads\/aleenta-restaurant-huahin.jpg","datePublished":"2022-05-17T18:56:29+00:00","dateModified":"2026-01-19T09:33:14+00:00","description":"In den Restaurants und Bars des Aleenta Hua Hin Resort erwartet Sie eine kulinarische Reise asiatischer Aromen voller exotischer Gew\u00fcrze  \u00bb Mehr","breadcrumb":{"@id":"https:\/\/www.aleenta.com\/huahin\/dining\/#breadcrumb"},"inLanguage":"de","potentialAction":[{"@type":"ReadAction","target":["https:\/\/www.aleenta.com\/huahin\/dining\/"]}]},{"@type":"ImageObject","inLanguage":"de","@id":"https:\/\/www.aleenta.com\/huahin\/dining\/#primaryimage","url":"https:\/\/www.aleenta.com\/wp-content\/uploads\/aleenta-restaurant-huahin.jpg","contentUrl":"https:\/\/www.aleenta.com\/wp-content\/uploads\/aleenta-restaurant-huahin.jpg"},{"@type":"BreadcrumbList","@id":"https:\/\/www.aleenta.com\/huahin\/dining\/#breadcrumb","itemListElement":[{"@type":"ListItem","position":1,"name":"Home","item":"https:\/\/www.aleenta.com\/"},{"@type":"ListItem","position":2,"name":"Huahin","item":"https:\/\/www.aleenta.com\/huahin\/"},{"@type":"ListItem","position":3,"name":"Dining"}]},{"@type":"WebSite","@id":"https:\/\/www.aleenta.com\/#website","url":"https:\/\/www.aleenta.com\/","name":"Aleenta Resorts","description":"Luxusresorts und Hotels in Thailand","publisher":{"@id":"https:\/\/www.aleenta.com\/#organization"},"potentialAction":[{"@type":"SearchAction","target":{"@type":"EntryPoint","urlTemplate":"https:\/\/www.aleenta.com\/?s={search_term_string}"},"query-input":{"@type":"PropertyValueSpecification","valueRequired":true,"valueName":"search_term_string"}}],"inLanguage":"de"},{"@type":"Organization","@id":"https:\/\/www.aleenta.com\/#organization","name":"Aleenta Resorts","alternateName":"Aleenta","url":"https:\/\/www.aleenta.com\/","logo":{"@type":"ImageObject","inLanguage":"de","@id":"https:\/\/www.aleenta.com\/#\/schema\/logo\/image\/","url":"https:\/\/www.aleenta.com\/wp-content\/uploads\/Aleenta-Logo-Text-1.png","contentUrl":"https:\/\/www.aleenta.com\/wp-content\/uploads\/Aleenta-Logo-Text-1.png","width":924,"height":300,"caption":"Aleenta Resorts"},"image":{"@id":"https:\/\/www.aleenta.com\/#\/schema\/logo\/image\/"}}]}},"_links":{"self":[{"href":"http:\/\/www.aleenta.com\/de\/wp-json\/wp\/v2\/pages\/6758","targetHints":{"allow":["GET"]}}],"collection":[{"href":"http:\/\/www.aleenta.com\/de\/wp-json\/wp\/v2\/pages"}],"about":[{"href":"http:\/\/www.aleenta.com\/de\/wp-json\/wp\/v2\/types\/page"}],"author":[{"embeddable":true,"href":"http:\/\/www.aleenta.com\/de\/wp-json\/wp\/v2\/users\/2"}],"replies":[{"embeddable":true,"href":"http:\/\/www.aleenta.com\/de\/wp-json\/wp\/v2\/comments?post=6758"}],"version-history":[{"count":115,"href":"http:\/\/www.aleenta.com\/de\/wp-json\/wp\/v2\/pages\/6758\/revisions"}],"predecessor-version":[{"id":35083,"href":"http:\/\/www.aleenta.com\/de\/wp-json\/wp\/v2\/pages\/6758\/revisions\/35083"}],"up":[{"embeddable":true,"href":"http:\/\/www.aleenta.com\/de\/wp-json\/wp\/v2\/pages\/5535"}],"wp:attachment":[{"href":"http:\/\/www.aleenta.com\/de\/wp-json\/wp\/v2\/media?parent=6758"}],"wp:term":[{"taxonomy":"retreat-cat","embeddable":true,"href":"http:\/\/www.aleenta.com\/de\/wp-json\/wp\/v2\/retreat-cat?post=6758"},{"taxonomy":"retreat-cat-chiang-mai","embeddable":true,"href":"http:\/\/www.aleenta.com\/de\/wp-json\/wp\/v2\/retreat-cat-chiang-mai?post=6758"},{"taxonomy":"retreat-cat-hua-hin","embeddable":true,"href":"http:\/\/www.aleenta.com\/de\/wp-json\/wp\/v2\/retreat-cat-hua-hin?post=6758"}],"curies":[{"name":"wp","href":"https:\/\/api.w.org\/{rel}","templated":true}]}}