{"id":12163,"date":"2022-08-26T20:03:48","date_gmt":"2022-08-26T13:03:48","guid":{"rendered":"https:\/\/www.aleenta.com\/?page_id=12163"},"modified":"2024-09-23T14:59:28","modified_gmt":"2024-09-23T07:59:28","slug":"aleenta-bakery","status":"publish","type":"page","link":"https:\/\/www.aleenta.com\/de\/huahin\/dining\/aleenta-bakery\/","title":{"rendered":"Aleenta Bakery"},"content":{"rendered":"<div data-elementor-type=\"wp-page\" data-elementor-id=\"12163\" class=\"elementor elementor-12163\" data-elementor-post-type=\"page\">\n\t\t\t\t\t\t<section class=\"elementor-section elementor-top-section elementor-element elementor-element-93cb530 elementor-section-content-middle elementor-section-height-min-height elementor-section-items-bottom elementor-section-boxed elementor-section-height-default\" data-id=\"93cb530\" data-element_type=\"section\" data-settings=\"{&quot;background_background&quot;:&quot;classic&quot;,&quot;jet_parallax_layout_list&quot;:[]}\">\n\t\t\t\t\t\t\t<div class=\"elementor-background-overlay\"><\/div>\n\t\t\t\t\t\t\t<div class=\"elementor-container elementor-column-gap-no\">\n\t\t\t\t\t<div class=\"elementor-column elementor-col-100 elementor-top-column elementor-element elementor-element-3413700\" data-id=\"3413700\" data-element_type=\"column\">\n\t\t\t<div class=\"elementor-widget-wrap elementor-element-populated\">\n\t\t\t\t\t\t<div class=\"elementor-element elementor-element-f9504eb elementor-widget elementor-widget-heading\" data-id=\"f9504eb\" data-element_type=\"widget\" data-widget_type=\"heading.default\">\n\t\t\t\t<div class=\"elementor-widget-container\">\n\t\t\t\t\t<h1 class=\"elementor-heading-title elementor-size-default\">The Aleenta Bakery<\/h1>\t\t\t\t<\/div>\n\t\t\t\t<\/div>\n\t\t\t\t\t<\/div>\n\t\t<\/div>\n\t\t\t\t\t<\/div>\n\t\t<\/section>\n\t\t\t\t<section class=\"elementor-section elementor-top-section elementor-element elementor-element-679c7ea elementor-section-boxed elementor-section-height-default elementor-section-height-default\" data-id=\"679c7ea\" data-element_type=\"section\" data-settings=\"{&quot;jet_parallax_layout_list&quot;:[]}\">\n\t\t\t\t\t\t<div class=\"elementor-container elementor-column-gap-default\">\n\t\t\t\t\t<div class=\"elementor-column elementor-col-100 elementor-top-column elementor-element elementor-element-8a0992b\" data-id=\"8a0992b\" data-element_type=\"column\">\n\t\t\t<div class=\"elementor-widget-wrap elementor-element-populated\">\n\t\t\t\t\t\t<div class=\"elementor-element elementor-element-3c551fa elementor-widget elementor-widget-heading\" data-id=\"3c551fa\" data-element_type=\"widget\" data-widget_type=\"heading.default\">\n\t\t\t\t<div class=\"elementor-widget-container\">\n\t\t\t\t\t<h2 class=\"elementor-heading-title elementor-size-default\"><h2 style=\"font-size: 28px\">T\u00e4glich frisches Brot und Geb\u00e4ck<br> bei Aleenta Bakery <\/h2><\/h2>\t\t\t\t<\/div>\n\t\t\t\t<\/div>\n\t\t\t\t<div class=\"elementor-element elementor-element-a57e261 elementor-widget elementor-widget-text-editor\" data-id=\"a57e261\" data-element_type=\"widget\" data-widget_type=\"text-editor.default\">\n\t\t\t\t<div class=\"elementor-widget-container\">\n\t\t\t\t\t\t\t\t\t<p>Im Hauptfl\u00fcgel des Aleenta Hua Hin Resort &amp; Spa gelegen, werden t\u00e4glich frisches Brot und Geb\u00e4ck serviert und durch ein umfangreiches Kaffeeangebot erg\u00e4nzt. Genie\u00dfen Sie hausgemachte Kuchen und Geb\u00e4ck mit Meerblick. Frisches Brot, Br\u00f6tchen und Croissants zum Mitnehmen.<\/p><p>\u00a0<\/p><p>F\u00fcr\u00a0<a href=\"\/de\/huahin\/dining\/\">Gastronomieangebot<\/a> und Reservierungen Details Kontakt\u00a0<a href=\"mailto:fom.ahh@aleenta.com\">fom.ahh@aleenta.com<\/a><\/p>\t\t\t\t\t\t\t\t<\/div>\n\t\t\t\t<\/div>\n\t\t\t\t<div class=\"elementor-element elementor-element-7673811 elementor-widget elementor-widget-heading\" data-id=\"7673811\" data-element_type=\"widget\" data-widget_type=\"heading.default\">\n\t\t\t\t<div class=\"elementor-widget-container\">\n\t\t\t\t\t<h3 class=\"elementor-heading-title elementor-size-default\"><h3 style=\"font-size: 25px\">\u00d6FFNUNGSZEITEN<\/h3>\n<\/h3>\t\t\t\t<\/div>\n\t\t\t\t<\/div>\n\t\t\t\t<div class=\"elementor-element elementor-element-1f6a2d9 elementor-widget elementor-widget-heading\" data-id=\"1f6a2d9\" data-element_type=\"widget\" data-widget_type=\"heading.default\">\n\t\t\t\t<div class=\"elementor-widget-container\">\n\t\t\t\t\t<h5 class=\"elementor-heading-title elementor-size-default\">11 - 16 Uhr\n<\/h5>\t\t\t\t<\/div>\n\t\t\t\t<\/div>\n\t\t\t\t\t<\/div>\n\t\t<\/div>\n\t\t\t\t\t<\/div>\n\t\t<\/section>\n\t\t\t\t<section class=\"elementor-section elementor-top-section elementor-element elementor-element-7bceb0b elementor-section-boxed elementor-section-height-default elementor-section-height-default\" data-id=\"7bceb0b\" data-element_type=\"section\" data-settings=\"{&quot;jet_parallax_layout_list&quot;:[]}\">\n\t\t\t\t\t\t<div class=\"elementor-container elementor-column-gap-default\">\n\t\t\t\t\t<div class=\"elementor-column elementor-col-100 elementor-top-column elementor-element elementor-element-d23844f\" data-id=\"d23844f\" data-element_type=\"column\">\n\t\t\t<div class=\"elementor-widget-wrap elementor-element-populated\">\n\t\t\t\t\t\t<div class=\"elementor-element elementor-element-d0765ea elementor-align-center elementor-widget elementor-widget-button\" data-id=\"d0765ea\" data-element_type=\"widget\" data-widget_type=\"button.default\">\n\t\t\t\t<div class=\"elementor-widget-container\">\n\t\t\t\t\t\t\t\t\t<div class=\"elementor-button-wrapper\">\n\t\t\t\t\t<a class=\"elementor-button elementor-button-link elementor-size-sm\" href=\"https:\/\/www.aleenta.com\/wp-content\/uploads\/AHH-Bakery-menu.pdf\" target=\"_blank\">\n\t\t\t\t\t\t<span class=\"elementor-button-content-wrapper\">\n\t\t\t\t\t\t\t\t\t<span class=\"elementor-button-text\">B\u00e4ckerei-Men\u00fc<\/span>\n\t\t\t\t\t<\/span>\n\t\t\t\t\t<\/a>\n\t\t\t\t<\/div>\n\t\t\t\t\t\t\t\t<\/div>\n\t\t\t\t<\/div>\n\t\t\t\t<div class=\"elementor-element elementor-element-f288ac2 elementor-widget elementor-widget-template\" data-id=\"f288ac2\" data-element_type=\"widget\" data-widget_type=\"template.default\">\n\t\t\t\t<div class=\"elementor-widget-container\">\n\t\t\t\t\t\t\t<div class=\"elementor-template\">\n\t\t\t\t\t<div data-elementor-type=\"page\" data-elementor-id=\"12303\" class=\"elementor elementor-12303\" data-elementor-post-type=\"elementor_library\">\n\t\t\t\t\t\t<section class=\"elementor-section elementor-top-section elementor-element elementor-element-5003bf1 elementor-section-content-middle elementor-section-boxed elementor-section-height-default elementor-section-height-default\" data-id=\"5003bf1\" data-element_type=\"section\" data-settings=\"{&quot;jet_parallax_layout_list&quot;:[],&quot;background_background&quot;:&quot;classic&quot;}\">\n\t\t\t\t\t\t<div class=\"elementor-container elementor-column-gap-default\">\n\t\t\t\t\t<div class=\"elementor-column elementor-col-50 elementor-top-column elementor-element elementor-element-7f7873b\" data-id=\"7f7873b\" data-element_type=\"column\">\n\t\t\t<div class=\"elementor-widget-wrap elementor-element-populated\">\n\t\t\t\t\t\t<div class=\"elementor-element elementor-element-0a963e4 elementor-widget elementor-widget-heading\" data-id=\"0a963e4\" data-element_type=\"widget\" data-widget_type=\"heading.default\">\n\t\t\t\t<div class=\"elementor-widget-container\">\n\t\t\t\t\t<h3 class=\"elementor-heading-title elementor-size-default\">Aleenta Bakery<\/h3>\t\t\t\t<\/div>\n\t\t\t\t<\/div>\n\t\t\t\t<div class=\"elementor-element elementor-element-fb80ab1 elementor-widget elementor-widget-text-editor\" data-id=\"fb80ab1\" data-element_type=\"widget\" data-widget_type=\"text-editor.default\">\n\t\t\t\t<div class=\"elementor-widget-container\">\n\t\t\t\t\t\t\t\t\t<p>Strandstra\u00dfe Pak Nam Pran,<br \/>Bezirk Pran Buri,<br \/>Prachuap Khiri Khan 77220<\/p><p>\u00a0<\/p><p>T: +66 32 618 348<\/p>\t\t\t\t\t\t\t\t<\/div>\n\t\t\t\t<\/div>\n\t\t\t\t\t<\/div>\n\t\t<\/div>\n\t\t\t\t<div class=\"elementor-column elementor-col-50 elementor-top-column elementor-element elementor-element-96ae0ae\" data-id=\"96ae0ae\" data-element_type=\"column\">\n\t\t\t<div class=\"elementor-widget-wrap elementor-element-populated\">\n\t\t\t\t\t\t<div class=\"elementor-element elementor-element-f833d98 elementor-widget elementor-widget-html\" data-id=\"f833d98\" data-element_type=\"widget\" data-widget_type=\"html.default\">\n\t\t\t\t<div class=\"elementor-widget-container\">\n\t\t\t\t\t<iframe src=\"https:\/\/www.google.com\/maps\/embed?pb=!1m18!1m12!1m3!1d7794.726738220861!2d100.00135193917849!3d12.358574833183923!2m3!1f0!2f0!3f0!3m2!1i1024!2i768!4f13.1!3m3!1m2!1s0x0%3A0x2f4b15c03c01d00e!2sAleenta%20Bakery!5e0!3m2!1sen!2suk!4v1662375388239!5m2!1sen!2suk\" width=\"500\" height=\"400\" style=\"border:0;\" allowfullscreen=\"\" loading=\"lazy\" referrerpolicy=\"no-referrer-when-downgrade\"><\/iframe>\t\t\t\t<\/div>\n\t\t\t\t<\/div>\n\t\t\t\t\t<\/div>\n\t\t<\/div>\n\t\t\t\t\t<\/div>\n\t\t<\/section>\n\t\t\t\t<\/div>\n\t\t\t\t<\/div>\n\t\t\t\t\t\t<\/div>\n\t\t\t\t<\/div>\n\t\t\t\t\t<\/div>\n\t\t<\/div>\n\t\t\t\t\t<\/div>\n\t\t<\/section>\n\t\t\t\t<section class=\"elementor-section elementor-top-section elementor-element elementor-element-9ce2163 elementor-section-boxed elementor-section-height-default elementor-section-height-default\" data-id=\"9ce2163\" data-element_type=\"section\" data-settings=\"{&quot;jet_parallax_layout_list&quot;:[]}\">\n\t\t\t\t\t\t<div class=\"elementor-container elementor-column-gap-default\">\n\t\t\t\t\t<div class=\"elementor-column elementor-col-100 elementor-top-column elementor-element elementor-element-8cc16d0\" data-id=\"8cc16d0\" data-element_type=\"column\">\n\t\t\t<div class=\"elementor-widget-wrap elementor-element-populated\">\n\t\t\t\t\t\t<div class=\"elementor-element elementor-element-6ff4d28 elementor-widget elementor-widget-heading\" data-id=\"6ff4d28\" data-element_type=\"widget\" data-widget_type=\"heading.default\">\n\t\t\t\t<div class=\"elementor-widget-container\">\n\t\t\t\t\t<h2 class=\"elementor-heading-title elementor-size-default\">Was unsere G\u00e4ste sagen<\/h2>\t\t\t\t<\/div>\n\t\t\t\t<\/div>\n\t\t\t\t<div class=\"elementor-element elementor-element-32a2b0f elementor-widget elementor-widget-shortcode\" data-id=\"32a2b0f\" data-element_type=\"widget\" data-widget_type=\"shortcode.default\">\n\t\t\t\t<div class=\"elementor-widget-container\">\n\t\t\t\t\t\t\t<div class=\"elementor-shortcode\"><div data-src=\"https:\/\/cdn.trustindex.io\/loader.js?166219b17887061ef66647fded4\"><\/div><\/div>\n\t\t\t\t\t\t<\/div>\n\t\t\t\t<\/div>\n\t\t\t\t\t<\/div>\n\t\t<\/div>\n\t\t\t\t\t<\/div>\n\t\t<\/section>\n\t\t\t\t<\/div>","protected":false},"excerpt":{"rendered":"<p>The Aleenta Bakery Fresh Bread and Pastries Served Daily at Aleenta Bakery Located at the main wing of Aleenta Hua [&hellip;]<\/p>\n","protected":false},"author":2,"featured_media":0,"parent":6758,"menu_order":0,"comment_status":"closed","ping_status":"closed","template":"","meta":{"_acf_changed":false,"site-sidebar-layout":"no-sidebar","site-content-layout":"page-builder","ast-site-content-layout":"full-width-container","site-content-style":"unboxed","site-sidebar-style":"unboxed","ast-global-header-display":"","ast-banner-title-visibility":"","ast-main-header-display":"","ast-hfb-above-header-display":"","ast-hfb-below-header-display":"","ast-hfb-mobile-header-display":"","site-post-title":"disabled","ast-breadcrumbs-content":"","ast-featured-img":"disabled","footer-sml-layout":"","ast-disable-related-posts":"","theme-transparent-header-meta":"default","adv-header-id-meta":"","stick-header-meta":"default","header-above-stick-meta":"","header-main-stick-meta":"","header-below-stick-meta":"","astra-migrate-meta-layouts":"set","ast-page-background-enabled":"default","ast-page-background-meta":{"desktop":{"background-color":"var(--ast-global-color-4)","background-image":"","background-repeat":"repeat","background-position":"center center","background-size":"auto","background-attachment":"scroll","background-type":"","background-media":"","overlay-type":"","overlay-color":"","overlay-opacity":"","overlay-gradient":""},"tablet":{"background-color":"","background-image":"","background-repeat":"repeat","background-position":"center center","background-size":"auto","background-attachment":"scroll","background-type":"","background-media":"","overlay-type":"","overlay-color":"","overlay-opacity":"","overlay-gradient":""},"mobile":{"background-color":"","background-image":"","background-repeat":"repeat","background-position":"center center","background-size":"auto","background-attachment":"scroll","background-type":"","background-media":"","overlay-type":"","overlay-color":"","overlay-opacity":"","overlay-gradient":""}},"ast-content-background-meta":{"desktop":{"background-color":"var(--ast-global-color-5)","background-image":"","background-repeat":"repeat","background-position":"center center","background-size":"auto","background-attachment":"scroll","background-type":"","background-media":"","overlay-type":"","overlay-color":"","overlay-opacity":"","overlay-gradient":""},"tablet":{"background-color":"var(--ast-global-color-5)","background-image":"","background-repeat":"repeat","background-position":"center center","background-size":"auto","background-attachment":"scroll","background-type":"","background-media":"","overlay-type":"","overlay-color":"","overlay-opacity":"","overlay-gradient":""},"mobile":{"background-color":"var(--ast-global-color-5)","background-image":"","background-repeat":"repeat","background-position":"center center","background-size":"auto","background-attachment":"scroll","background-type":"","background-media":"","overlay-type":"","overlay-color":"","overlay-opacity":"","overlay-gradient":""}},"footnotes":""},"retreat-cat":[],"retreat-cat-chiang-mai":[],"retreat-cat-hua-hin":[],"class_list":["post-12163","page","type-page","status-publish","hentry"],"acf":[],"yoast_head":"<!-- This site is optimized with the Yoast SEO plugin v27.3 - https:\/\/yoast.com\/product\/yoast-seo-wordpress\/ -->\n<title>Aleenta Bakery - Aleenta Hua Hin Resort &amp; Spa<\/title>\n<meta name=\"description\" content=\"Fresh Breads and pastries served daily at the Aleenta Bakery, complimented with an extensive coffee range. Enjoy home-made cakes, pastries, fresh bread\" \/>\n<meta name=\"robots\" content=\"index, follow, max-snippet:-1, max-image-preview:large, max-video-preview:-1\" \/>\n<link rel=\"canonical\" href=\"https:\/\/www.aleenta.com\/de\/huahin\/dining\/aleenta-bakery\/\" \/>\n<meta property=\"og:locale\" content=\"de_DE\" \/>\n<meta property=\"og:type\" content=\"article\" \/>\n<meta property=\"og:title\" content=\"Aleenta Bakery - Aleenta Hua Hin Resort &amp; Spa\" \/>\n<meta property=\"og:description\" content=\"Fresh Breads and pastries served daily at the Aleenta Bakery, complimented with an extensive coffee range. Enjoy home-made cakes, pastries, fresh bread\" \/>\n<meta property=\"og:url\" content=\"https:\/\/www.aleenta.com\/de\/huahin\/dining\/aleenta-bakery\/\" \/>\n<meta property=\"og:site_name\" content=\"Aleenta Resorts\" \/>\n<meta property=\"article:modified_time\" content=\"2024-09-23T07:59:28+00:00\" \/>\n<meta name=\"twitter:card\" content=\"summary_large_image\" \/>\n<script type=\"application\/ld+json\" class=\"yoast-schema-graph\">{\"@context\":\"https:\\\/\\\/schema.org\",\"@graph\":[{\"@type\":\"WebPage\",\"@id\":\"https:\\\/\\\/www.aleenta.com\\\/huahin\\\/dining\\\/aleenta-bakery\\\/\",\"url\":\"https:\\\/\\\/www.aleenta.com\\\/huahin\\\/dining\\\/aleenta-bakery\\\/\",\"name\":\"Aleenta Bakery - Aleenta Hua Hin Resort & Spa\",\"isPartOf\":{\"@id\":\"https:\\\/\\\/www.aleenta.com\\\/#website\"},\"datePublished\":\"2022-08-26T13:03:48+00:00\",\"dateModified\":\"2024-09-23T07:59:28+00:00\",\"description\":\"Fresh Breads and pastries served daily at the Aleenta Bakery, complimented with an extensive coffee range. Enjoy home-made cakes, pastries, fresh bread\",\"breadcrumb\":{\"@id\":\"https:\\\/\\\/www.aleenta.com\\\/huahin\\\/dining\\\/aleenta-bakery\\\/#breadcrumb\"},\"inLanguage\":\"de\",\"potentialAction\":[{\"@type\":\"ReadAction\",\"target\":[\"https:\\\/\\\/www.aleenta.com\\\/huahin\\\/dining\\\/aleenta-bakery\\\/\"]}]},{\"@type\":\"BreadcrumbList\",\"@id\":\"https:\\\/\\\/www.aleenta.com\\\/huahin\\\/dining\\\/aleenta-bakery\\\/#breadcrumb\",\"itemListElement\":[{\"@type\":\"ListItem\",\"position\":1,\"name\":\"Home\",\"item\":\"https:\\\/\\\/www.aleenta.com\\\/\"},{\"@type\":\"ListItem\",\"position\":2,\"name\":\"Huahin\",\"item\":\"https:\\\/\\\/www.aleenta.com\\\/huahin\\\/\"},{\"@type\":\"ListItem\",\"position\":3,\"name\":\"Dining\",\"item\":\"https:\\\/\\\/www.aleenta.com\\\/huahin\\\/dining\\\/\"},{\"@type\":\"ListItem\",\"position\":4,\"name\":\"Aleenta Bakery\"}]},{\"@type\":\"WebSite\",\"@id\":\"https:\\\/\\\/www.aleenta.com\\\/#website\",\"url\":\"https:\\\/\\\/www.aleenta.com\\\/\",\"name\":\"Aleenta Resorts\",\"description\":\"Luxury Resorts &amp; Hotels in Thailand\",\"publisher\":{\"@id\":\"https:\\\/\\\/www.aleenta.com\\\/#organization\"},\"potentialAction\":[{\"@type\":\"SearchAction\",\"target\":{\"@type\":\"EntryPoint\",\"urlTemplate\":\"https:\\\/\\\/www.aleenta.com\\\/?s={search_term_string}\"},\"query-input\":{\"@type\":\"PropertyValueSpecification\",\"valueRequired\":true,\"valueName\":\"search_term_string\"}}],\"inLanguage\":\"de\"},{\"@type\":\"Organization\",\"@id\":\"https:\\\/\\\/www.aleenta.com\\\/#organization\",\"name\":\"Aleenta Resorts\",\"alternateName\":\"Aleenta\",\"url\":\"https:\\\/\\\/www.aleenta.com\\\/\",\"logo\":{\"@type\":\"ImageObject\",\"inLanguage\":\"de\",\"@id\":\"https:\\\/\\\/www.aleenta.com\\\/#\\\/schema\\\/logo\\\/image\\\/\",\"url\":\"https:\\\/\\\/www.aleenta.com\\\/wp-content\\\/uploads\\\/Aleenta-Logo-Text-1.png\",\"contentUrl\":\"https:\\\/\\\/www.aleenta.com\\\/wp-content\\\/uploads\\\/Aleenta-Logo-Text-1.png\",\"width\":924,\"height\":300,\"caption\":\"Aleenta Resorts\"},\"image\":{\"@id\":\"https:\\\/\\\/www.aleenta.com\\\/#\\\/schema\\\/logo\\\/image\\\/\"}}]}<\/script>\n<!-- \/ Yoast SEO plugin. -->","yoast_head_json":{"title":"Aleenta B\u00e4ckerei - Aleenta Hua Hin Resort &amp; Spa","description":"T\u00e4glich frisches Brot und Geb\u00e4ck im Aleenta Bakery, erg\u00e4nzt durch eine umfangreiche Kaffeeauswahl. Genie\u00dfen Sie hausgemachte Kuchen, Geb\u00e4ck, frisches Brot","robots":{"index":"index","follow":"follow","max-snippet":"max-snippet:-1","max-image-preview":"max-image-preview:large","max-video-preview":"max-video-preview:-1"},"canonical":"https:\/\/www.aleenta.com\/de\/huahin\/dining\/aleenta-bakery\/","og_locale":"de_DE","og_type":"article","og_title":"Aleenta Bakery - Aleenta Hua Hin Resort & Spa","og_description":"Fresh Breads and pastries served daily at the Aleenta Bakery, complimented with an extensive coffee range. Enjoy home-made cakes, pastries, fresh bread","og_url":"https:\/\/www.aleenta.com\/de\/huahin\/dining\/aleenta-bakery\/","og_site_name":"Aleenta Resorts","article_modified_time":"2024-09-23T07:59:28+00:00","twitter_card":"summary_large_image","schema":{"@context":"https:\/\/schema.org","@graph":[{"@type":"WebPage","@id":"https:\/\/www.aleenta.com\/huahin\/dining\/aleenta-bakery\/","url":"https:\/\/www.aleenta.com\/huahin\/dining\/aleenta-bakery\/","name":"Aleenta B\u00e4ckerei - Aleenta Hua Hin Resort &amp; Spa","isPartOf":{"@id":"https:\/\/www.aleenta.com\/#website"},"datePublished":"2022-08-26T13:03:48+00:00","dateModified":"2024-09-23T07:59:28+00:00","description":"T\u00e4glich frisches Brot und Geb\u00e4ck im Aleenta Bakery, erg\u00e4nzt durch eine umfangreiche Kaffeeauswahl. Genie\u00dfen Sie hausgemachte Kuchen, Geb\u00e4ck, frisches Brot","breadcrumb":{"@id":"https:\/\/www.aleenta.com\/huahin\/dining\/aleenta-bakery\/#breadcrumb"},"inLanguage":"de","potentialAction":[{"@type":"ReadAction","target":["https:\/\/www.aleenta.com\/huahin\/dining\/aleenta-bakery\/"]}]},{"@type":"BreadcrumbList","@id":"https:\/\/www.aleenta.com\/huahin\/dining\/aleenta-bakery\/#breadcrumb","itemListElement":[{"@type":"ListItem","position":1,"name":"Home","item":"https:\/\/www.aleenta.com\/"},{"@type":"ListItem","position":2,"name":"Huahin","item":"https:\/\/www.aleenta.com\/huahin\/"},{"@type":"ListItem","position":3,"name":"Dining","item":"https:\/\/www.aleenta.com\/huahin\/dining\/"},{"@type":"ListItem","position":4,"name":"Aleenta Bakery"}]},{"@type":"WebSite","@id":"https:\/\/www.aleenta.com\/#website","url":"https:\/\/www.aleenta.com\/","name":"Aleenta Resorts","description":"Luxusresorts und Hotels in Thailand","publisher":{"@id":"https:\/\/www.aleenta.com\/#organization"},"potentialAction":[{"@type":"SearchAction","target":{"@type":"EntryPoint","urlTemplate":"https:\/\/www.aleenta.com\/?s={search_term_string}"},"query-input":{"@type":"PropertyValueSpecification","valueRequired":true,"valueName":"search_term_string"}}],"inLanguage":"de"},{"@type":"Organization","@id":"https:\/\/www.aleenta.com\/#organization","name":"Aleenta Resorts","alternateName":"Aleenta","url":"https:\/\/www.aleenta.com\/","logo":{"@type":"ImageObject","inLanguage":"de","@id":"https:\/\/www.aleenta.com\/#\/schema\/logo\/image\/","url":"https:\/\/www.aleenta.com\/wp-content\/uploads\/Aleenta-Logo-Text-1.png","contentUrl":"https:\/\/www.aleenta.com\/wp-content\/uploads\/Aleenta-Logo-Text-1.png","width":924,"height":300,"caption":"Aleenta Resorts"},"image":{"@id":"https:\/\/www.aleenta.com\/#\/schema\/logo\/image\/"}}]}},"_links":{"self":[{"href":"https:\/\/www.aleenta.com\/de\/wp-json\/wp\/v2\/pages\/12163","targetHints":{"allow":["GET"]}}],"collection":[{"href":"https:\/\/www.aleenta.com\/de\/wp-json\/wp\/v2\/pages"}],"about":[{"href":"https:\/\/www.aleenta.com\/de\/wp-json\/wp\/v2\/types\/page"}],"author":[{"embeddable":true,"href":"https:\/\/www.aleenta.com\/de\/wp-json\/wp\/v2\/users\/2"}],"replies":[{"embeddable":true,"href":"https:\/\/www.aleenta.com\/de\/wp-json\/wp\/v2\/comments?post=12163"}],"version-history":[{"count":51,"href":"https:\/\/www.aleenta.com\/de\/wp-json\/wp\/v2\/pages\/12163\/revisions"}],"predecessor-version":[{"id":26087,"href":"https:\/\/www.aleenta.com\/de\/wp-json\/wp\/v2\/pages\/12163\/revisions\/26087"}],"up":[{"embeddable":true,"href":"https:\/\/www.aleenta.com\/de\/wp-json\/wp\/v2\/pages\/6758"}],"wp:attachment":[{"href":"https:\/\/www.aleenta.com\/de\/wp-json\/wp\/v2\/media?parent=12163"}],"wp:term":[{"taxonomy":"retreat-cat","embeddable":true,"href":"https:\/\/www.aleenta.com\/de\/wp-json\/wp\/v2\/retreat-cat?post=12163"},{"taxonomy":"retreat-cat-chiang-mai","embeddable":true,"href":"https:\/\/www.aleenta.com\/de\/wp-json\/wp\/v2\/retreat-cat-chiang-mai?post=12163"},{"taxonomy":"retreat-cat-hua-hin","embeddable":true,"href":"https:\/\/www.aleenta.com\/de\/wp-json\/wp\/v2\/retreat-cat-hua-hin?post=12163"}],"curies":[{"name":"wp","href":"https:\/\/api.w.org\/{rel}","templated":true}]}}