{"id":13920,"date":"2022-12-22T15:10:28","date_gmt":"2022-12-22T08:10:28","guid":{"rendered":"https:\/\/www.aleenta.com\/?page_id=13920"},"modified":"2025-02-19T15:43:30","modified_gmt":"2025-02-19T08:43:30","slug":"dining","status":"publish","type":"page","link":"https:\/\/www.aleenta.com\/de\/chiang-mai\/dining\/","title":{"rendered":"Kulinarik"},"content":{"rendered":"<div data-elementor-type=\"wp-page\" data-elementor-id=\"13920\" class=\"elementor elementor-13920\" data-elementor-post-type=\"page\">\n\t\t\t\t\t\t<section class=\"elementor-section elementor-top-section elementor-element elementor-element-93cb530 elementor-section-content-middle elementor-section-height-min-height elementor-section-items-bottom elementor-section-boxed elementor-section-height-default\" data-id=\"93cb530\" data-element_type=\"section\" data-settings=\"{&quot;background_background&quot;:&quot;classic&quot;,&quot;jet_parallax_layout_list&quot;:[]}\">\n\t\t\t\t\t\t\t<div class=\"elementor-background-overlay\"><\/div>\n\t\t\t\t\t\t\t<div class=\"elementor-container elementor-column-gap-no\">\n\t\t\t\t\t<div class=\"elementor-column elementor-col-100 elementor-top-column elementor-element elementor-element-3413700\" data-id=\"3413700\" data-element_type=\"column\">\n\t\t\t<div class=\"elementor-widget-wrap elementor-element-populated\">\n\t\t\t\t\t\t<div class=\"elementor-element elementor-element-f9504eb elementor-widget elementor-widget-heading\" data-id=\"f9504eb\" data-element_type=\"widget\" data-widget_type=\"heading.default\">\n\t\t\t\t<div class=\"elementor-widget-container\">\n\t\t\t\t\t<h1 class=\"elementor-heading-title elementor-size-default\">Restaurants &amp; Bars in Chiang Mai<\/h1>\t\t\t\t<\/div>\n\t\t\t\t<\/div>\n\t\t\t\t\t<\/div>\n\t\t<\/div>\n\t\t\t\t\t<\/div>\n\t\t<\/section>\n\t\t\t\t<section class=\"elementor-section elementor-top-section elementor-element elementor-element-679c7ea elementor-section-boxed elementor-section-height-default elementor-section-height-default\" data-id=\"679c7ea\" data-element_type=\"section\" data-settings=\"{&quot;jet_parallax_layout_list&quot;:[]}\">\n\t\t\t\t\t\t<div class=\"elementor-container elementor-column-gap-default\">\n\t\t\t\t\t<div class=\"elementor-column elementor-col-50 elementor-top-column elementor-element elementor-element-8a0992b\" data-id=\"8a0992b\" data-element_type=\"column\">\n\t\t\t<div class=\"elementor-widget-wrap elementor-element-populated\">\n\t\t\t\t\t\t<div class=\"elementor-element elementor-element-3c551fa elementor-widget elementor-widget-heading\" data-id=\"3c551fa\" data-element_type=\"widget\" data-widget_type=\"heading.default\">\n\t\t\t\t<div class=\"elementor-widget-container\">\n\t\t\t\t\t<h2 class=\"elementor-heading-title elementor-size-default\">Wo jeder Geschmack eine Geschichte erz\u00e4hlt<\/h2>\t\t\t\t<\/div>\n\t\t\t\t<\/div>\n\t\t\t\t\t<\/div>\n\t\t<\/div>\n\t\t\t\t<div class=\"elementor-column elementor-col-50 elementor-top-column elementor-element elementor-element-4bc33a0\" data-id=\"4bc33a0\" data-element_type=\"column\">\n\t\t\t<div class=\"elementor-widget-wrap elementor-element-populated\">\n\t\t\t\t\t\t<div class=\"elementor-element elementor-element-312cad8 elementor-widget elementor-widget-text-editor\" data-id=\"312cad8\" data-element_type=\"widget\" data-widget_type=\"text-editor.default\">\n\t\t\t\t<div class=\"elementor-widget-container\">\n\t\t\t\t\t\t\t\t\t<p>Erleben Sie im Aleenta Retreat Chiang Mai eine explosive Reise asiatischer Aromen. Hier erwartet Sie eine wahre Genussreise, von nahrhafter und gesunder K\u00fcche, die sorgf\u00e4ltig mit Heilkr\u00e4utern zubereitet wird, bis hin zu k\u00f6stlichen thail\u00e4ndischen Gerichten mit exotischen Gew\u00fcrzen. Beginnen Sie Ihren Urlaubstag mit einem vorz\u00fcglichen Fr\u00fchst\u00fcck in unserem Restaurant in Chiang Mai \u2013 leicht, frisch, s\u00fc\u00df oder herzhaft, ganz so, wie Sie es wollen. Oder g\u00f6nnen Sie sich etwas besonderes Leckeres zum Mittag, abends oder einfach zwischendurch. Erfrischende Getr\u00e4nke sind den ganzen Tag und die ganze Nacht im Resort erh\u00e4ltlich.<\/p>\t\t\t\t\t\t\t\t<\/div>\n\t\t\t\t<\/div>\n\t\t\t\t\t<\/div>\n\t\t<\/div>\n\t\t\t\t\t<\/div>\n\t\t<\/section>\n\t\t<div class=\"elementor-element elementor-element-d2d8076 e-flex e-con-boxed e-con e-parent\" data-id=\"d2d8076\" data-element_type=\"container\" data-settings=\"{&quot;jet_parallax_layout_list&quot;:[]}\">\n\t\t\t\t\t<div class=\"e-con-inner\">\n\t\t<div class=\"elementor-element elementor-element-b1b7aa1 e-con-full e-flex e-con e-child\" data-id=\"b1b7aa1\" data-element_type=\"container\" data-settings=\"{&quot;jet_parallax_layout_list&quot;:[]}\">\n\t\t\t\t<div class=\"elementor-element elementor-element-ef95c31 elementor-widget elementor-widget-heading\" data-id=\"ef95c31\" data-element_type=\"widget\" data-widget_type=\"heading.default\">\n\t\t\t\t<div class=\"elementor-widget-container\">\n\t\t\t\t\t<h2 class=\"elementor-heading-title elementor-size-default\">Unser kulinarisches Angebot<\/h2>\t\t\t\t<\/div>\n\t\t\t\t<\/div>\n\t\t\t\t<div class=\"elementor-element elementor-element-682151b elementor-widget elementor-widget-text-editor\" data-id=\"682151b\" data-element_type=\"widget\" data-widget_type=\"text-editor.default\">\n\t\t\t\t<div class=\"elementor-widget-container\">\n\t\t\t\t\t\t\t\t\t<p>Lassen Sie sich bei uns kulinarisch verw\u00f6hnen. In unserem Restaurant \u201eThe Garden\u201c in Chiang Mai erwartet Sie eine wundervolle Genussreise in die thail\u00e4ndische K\u00fcche und auch an unserer \u201e1982 Bar\u201c k\u00f6nnen Sie fabelhafte Drinks und kleine Snacks genie\u00dfen.<\/p>\t\t\t\t\t\t\t\t<\/div>\n\t\t\t\t<\/div>\n\t\t\t\t<\/div>\n\t\t\t\t\t<\/div>\n\t\t\t\t<\/div>\n\t\t<div class=\"elementor-element elementor-element-1e0e003 e-flex e-con-boxed e-con e-parent\" data-id=\"1e0e003\" data-element_type=\"container\" data-settings=\"{&quot;jet_parallax_layout_list&quot;:[]}\">\n\t\t\t\t\t<div class=\"e-con-inner\">\n\t\t<div class=\"elementor-element elementor-element-6f6c33a e-con-full e-flex e-con e-child\" data-id=\"6f6c33a\" data-element_type=\"container\" data-settings=\"{&quot;jet_parallax_layout_list&quot;:[]}\">\n\t\t\t\t<div class=\"elementor-element elementor-element-150db4a elementor-widget elementor-widget-image\" data-id=\"150db4a\" data-element_type=\"widget\" data-widget_type=\"image.default\">\n\t\t\t\t<div class=\"elementor-widget-container\">\n\t\t\t\t\t\t\t\t\t\t\t\t\t\t\t\t<a href=\"https:\/\/www.aleenta.com\/de\/chiang-mai\/dining\/the-garden\/\">\n\t\t\t\t\t\t\t<img fetchpriority=\"high\" decoding=\"async\" width=\"663\" height=\"386\" src=\"https:\/\/www.aleenta.com\/wp-content\/uploads\/Aleenta-Chiang-Mai-The-Garden.jpg\" class=\"attachment-full size-full wp-image-21367\" alt=\"\" srcset=\"https:\/\/www.aleenta.com\/wp-content\/uploads\/Aleenta-Chiang-Mai-The-Garden.jpg 663w, https:\/\/www.aleenta.com\/wp-content\/uploads\/Aleenta-Chiang-Mai-The-Garden-300x175.jpg 300w, https:\/\/www.aleenta.com\/wp-content\/uploads\/Aleenta-Chiang-Mai-The-Garden-18x10.jpg 18w\" sizes=\"(max-width: 663px) 100vw, 663px\" \/>\t\t\t\t\t\t\t\t<\/a>\n\t\t\t\t\t\t\t\t\t\t\t\t\t\t\t<\/div>\n\t\t\t\t<\/div>\n\t\t\t\t<div class=\"elementor-element elementor-element-1815372 elementor-widget elementor-widget-heading\" data-id=\"1815372\" data-element_type=\"widget\" data-widget_type=\"heading.default\">\n\t\t\t\t<div class=\"elementor-widget-container\">\n\t\t\t\t\t<h3 class=\"elementor-heading-title elementor-size-default\">The Garden<\/h3>\t\t\t\t<\/div>\n\t\t\t\t<\/div>\n\t\t\t\t<div class=\"elementor-element elementor-element-00b186d elementor-widget elementor-widget-text-editor\" data-id=\"00b186d\" data-element_type=\"widget\" data-widget_type=\"text-editor.default\">\n\t\t\t\t<div class=\"elementor-widget-container\">\n\t\t\t\t\t\t\t\t\t<p>Unser exklusives Restaurant \u201eThe Garden\u201c bietet Ihnen ein nahrhaftes Men\u00fc mit gesunden Zutaten und k\u00f6stlichen Gerichten, inspiriert von der nordthail\u00e4ndischen und westlichen K\u00fcche. Mit seinem echten Farm-to-Table-Konzept setzt unser Restaurant in Chiang Mai seinen Fokus auf Transparenz und Nachhaltigkeit.<\/p>\t\t\t\t\t\t\t\t<\/div>\n\t\t\t\t<\/div>\n\t\t\t\t<\/div>\n\t\t<div class=\"elementor-element elementor-element-ed522bd e-con-full e-flex e-con e-child\" data-id=\"ed522bd\" data-element_type=\"container\" data-settings=\"{&quot;jet_parallax_layout_list&quot;:[]}\">\n\t\t\t\t<div class=\"elementor-element elementor-element-c879909 elementor-widget elementor-widget-image\" data-id=\"c879909\" data-element_type=\"widget\" data-widget_type=\"image.default\">\n\t\t\t\t<div class=\"elementor-widget-container\">\n\t\t\t\t\t\t\t\t\t\t\t\t\t\t\t\t<a href=\"https:\/\/www.aleenta.com\/de\/chiang-mai\/dining\/1892-bar\/\">\n\t\t\t\t\t\t\t<img decoding=\"async\" width=\"663\" height=\"386\" src=\"https:\/\/www.aleenta.com\/wp-content\/uploads\/Aleenta-Chiang-Mai-1892.jpg\" class=\"attachment-medium_large size-medium_large wp-image-21368\" alt=\"\" srcset=\"https:\/\/www.aleenta.com\/wp-content\/uploads\/Aleenta-Chiang-Mai-1892.jpg 663w, https:\/\/www.aleenta.com\/wp-content\/uploads\/Aleenta-Chiang-Mai-1892-300x175.jpg 300w, https:\/\/www.aleenta.com\/wp-content\/uploads\/Aleenta-Chiang-Mai-1892-18x10.jpg 18w\" sizes=\"(max-width: 663px) 100vw, 663px\" \/>\t\t\t\t\t\t\t\t<\/a>\n\t\t\t\t\t\t\t\t\t\t\t\t\t\t\t<\/div>\n\t\t\t\t<\/div>\n\t\t\t\t<div class=\"elementor-element elementor-element-0dbbd44 elementor-widget elementor-widget-heading\" data-id=\"0dbbd44\" data-element_type=\"widget\" data-widget_type=\"heading.default\">\n\t\t\t\t<div class=\"elementor-widget-container\">\n\t\t\t\t\t<h3 class=\"elementor-heading-title elementor-size-default\">1892 Bar<\/h3>\t\t\t\t<\/div>\n\t\t\t\t<\/div>\n\t\t\t\t<div class=\"elementor-element elementor-element-4d59768 elementor-widget elementor-widget-text-editor\" data-id=\"4d59768\" data-element_type=\"widget\" data-widget_type=\"text-editor.default\">\n\t\t\t\t<div class=\"elementor-widget-container\">\n\t\t\t\t\t\t\t\t\t<p>Verbringen Sie Ihren Abend in einzigartigem Ambiente an unserer \u201e1892 Bar\u201c. Genie\u00dfen Sie Signature-Cocktails, klassische Drinks und raffinierte Bar-Snacks im thail\u00e4ndischen Izakaya-Stil \u2013 am besten auf unserem sch\u00f6nen Balkon mit Blick auf den Segensgarten.<\/p>\t\t\t\t\t\t\t\t<\/div>\n\t\t\t\t<\/div>\n\t\t\t\t<\/div>\n\t\t\t\t\t<\/div>\n\t\t\t\t<\/div>\n\t\t\t\t<\/div>","protected":false},"excerpt":{"rendered":"<p>Restaurants &amp; Bars in Chiang Mai Where every flavor tells a story Discover an explosive journey of Asian flavors at [&hellip;]<\/p>\n","protected":false},"author":2,"featured_media":0,"parent":9215,"menu_order":0,"comment_status":"closed","ping_status":"closed","template":"","meta":{"_acf_changed":false,"site-sidebar-layout":"no-sidebar","site-content-layout":"page-builder","ast-site-content-layout":"full-width-container","site-content-style":"unboxed","site-sidebar-style":"unboxed","ast-global-header-display":"","ast-banner-title-visibility":"","ast-main-header-display":"","ast-hfb-above-header-display":"","ast-hfb-below-header-display":"","ast-hfb-mobile-header-display":"","site-post-title":"disabled","ast-breadcrumbs-content":"","ast-featured-img":"disabled","footer-sml-layout":"","ast-disable-related-posts":"","theme-transparent-header-meta":"default","adv-header-id-meta":"","stick-header-meta":"default","header-above-stick-meta":"","header-main-stick-meta":"","header-below-stick-meta":"","astra-migrate-meta-layouts":"set","ast-page-background-enabled":"default","ast-page-background-meta":{"desktop":{"background-color":"var(--ast-global-color-4)","background-image":"","background-repeat":"repeat","background-position":"center center","background-size":"auto","background-attachment":"scroll","background-type":"","background-media":"","overlay-type":"","overlay-color":"","overlay-opacity":"","overlay-gradient":""},"tablet":{"background-color":"","background-image":"","background-repeat":"repeat","background-position":"center center","background-size":"auto","background-attachment":"scroll","background-type":"","background-media":"","overlay-type":"","overlay-color":"","overlay-opacity":"","overlay-gradient":""},"mobile":{"background-color":"","background-image":"","background-repeat":"repeat","background-position":"center center","background-size":"auto","background-attachment":"scroll","background-type":"","background-media":"","overlay-type":"","overlay-color":"","overlay-opacity":"","overlay-gradient":""}},"ast-content-background-meta":{"desktop":{"background-color":"var(--ast-global-color-5)","background-image":"","background-repeat":"repeat","background-position":"center center","background-size":"auto","background-attachment":"scroll","background-type":"","background-media":"","overlay-type":"","overlay-color":"","overlay-opacity":"","overlay-gradient":""},"tablet":{"background-color":"var(--ast-global-color-5)","background-image":"","background-repeat":"repeat","background-position":"center center","background-size":"auto","background-attachment":"scroll","background-type":"","background-media":"","overlay-type":"","overlay-color":"","overlay-opacity":"","overlay-gradient":""},"mobile":{"background-color":"var(--ast-global-color-5)","background-image":"","background-repeat":"repeat","background-position":"center center","background-size":"auto","background-attachment":"scroll","background-type":"","background-media":"","overlay-type":"","overlay-color":"","overlay-opacity":"","overlay-gradient":""}},"footnotes":""},"retreat-cat":[],"retreat-cat-chiang-mai":[],"retreat-cat-hua-hin":[],"class_list":["post-13920","page","type-page","status-publish","hentry"],"acf":[],"yoast_head":"<!-- This site is optimized with the Yoast SEO plugin v27.3 - https:\/\/yoast.com\/product\/yoast-seo-wordpress\/ -->\n<title>Restaurant &amp; Dining - Aleenta Retreat Chiang Mai<\/title>\n<meta name=\"description\" content=\"A culinary journey of Asian flavours await at Aleenta Retreat Chiang Mai restaurants and bars with delicious expertly prepared Thai food bursting with exotic spices.\" \/>\n<meta name=\"robots\" content=\"index, follow, max-snippet:-1, max-image-preview:large, max-video-preview:-1\" \/>\n<link rel=\"canonical\" href=\"https:\/\/www.aleenta.com\/de\/chiang-mai\/dining\/\" \/>\n<meta property=\"og:locale\" content=\"de_DE\" \/>\n<meta property=\"og:type\" content=\"article\" \/>\n<meta property=\"og:title\" content=\"Restaurant &amp; Dining - Aleenta Retreat Chiang Mai\" \/>\n<meta property=\"og:description\" content=\"A culinary journey of Asian flavours await at Aleenta Retreat Chiang Mai restaurants and bars with delicious expertly prepared Thai food bursting with exotic spices.\" \/>\n<meta property=\"og:url\" content=\"https:\/\/www.aleenta.com\/de\/chiang-mai\/dining\/\" \/>\n<meta property=\"og:site_name\" content=\"Aleenta Resorts\" \/>\n<meta property=\"article:modified_time\" content=\"2025-02-19T08:43:30+00:00\" \/>\n<meta property=\"og:image\" content=\"https:\/\/www.aleenta.com\/wp-content\/uploads\/Aleenta-Chiang-Mai-The-Garden.jpg\" \/>\n\t<meta property=\"og:image:width\" content=\"663\" \/>\n\t<meta property=\"og:image:height\" content=\"386\" \/>\n\t<meta property=\"og:image:type\" content=\"image\/jpeg\" \/>\n<meta name=\"twitter:card\" content=\"summary_large_image\" \/>\n<script type=\"application\/ld+json\" class=\"yoast-schema-graph\">{\"@context\":\"https:\\\/\\\/schema.org\",\"@graph\":[{\"@type\":\"WebPage\",\"@id\":\"https:\\\/\\\/www.aleenta.com\\\/chiang-mai\\\/dining\\\/\",\"url\":\"https:\\\/\\\/www.aleenta.com\\\/chiang-mai\\\/dining\\\/\",\"name\":\"Restaurant & Dining - Aleenta Retreat Chiang Mai\",\"isPartOf\":{\"@id\":\"https:\\\/\\\/www.aleenta.com\\\/#website\"},\"primaryImageOfPage\":{\"@id\":\"https:\\\/\\\/www.aleenta.com\\\/chiang-mai\\\/dining\\\/#primaryimage\"},\"image\":{\"@id\":\"https:\\\/\\\/www.aleenta.com\\\/chiang-mai\\\/dining\\\/#primaryimage\"},\"thumbnailUrl\":\"https:\\\/\\\/www.aleenta.com\\\/wp-content\\\/uploads\\\/Aleenta-Chiang-Mai-The-Garden.jpg\",\"datePublished\":\"2022-12-22T08:10:28+00:00\",\"dateModified\":\"2025-02-19T08:43:30+00:00\",\"description\":\"A culinary journey of Asian flavours await at Aleenta Retreat Chiang Mai restaurants and bars with delicious expertly prepared Thai food bursting with exotic spices.\",\"breadcrumb\":{\"@id\":\"https:\\\/\\\/www.aleenta.com\\\/chiang-mai\\\/dining\\\/#breadcrumb\"},\"inLanguage\":\"de\",\"potentialAction\":[{\"@type\":\"ReadAction\",\"target\":[\"https:\\\/\\\/www.aleenta.com\\\/chiang-mai\\\/dining\\\/\"]}]},{\"@type\":\"ImageObject\",\"inLanguage\":\"de\",\"@id\":\"https:\\\/\\\/www.aleenta.com\\\/chiang-mai\\\/dining\\\/#primaryimage\",\"url\":\"https:\\\/\\\/www.aleenta.com\\\/wp-content\\\/uploads\\\/Aleenta-Chiang-Mai-The-Garden.jpg\",\"contentUrl\":\"https:\\\/\\\/www.aleenta.com\\\/wp-content\\\/uploads\\\/Aleenta-Chiang-Mai-The-Garden.jpg\"},{\"@type\":\"BreadcrumbList\",\"@id\":\"https:\\\/\\\/www.aleenta.com\\\/chiang-mai\\\/dining\\\/#breadcrumb\",\"itemListElement\":[{\"@type\":\"ListItem\",\"position\":1,\"name\":\"Home\",\"item\":\"https:\\\/\\\/www.aleenta.com\\\/\"},{\"@type\":\"ListItem\",\"position\":2,\"name\":\"Chiang Mai\",\"item\":\"https:\\\/\\\/www.aleenta.com\\\/chiang-mai\\\/\"},{\"@type\":\"ListItem\",\"position\":3,\"name\":\"Dining\"}]},{\"@type\":\"WebSite\",\"@id\":\"https:\\\/\\\/www.aleenta.com\\\/#website\",\"url\":\"https:\\\/\\\/www.aleenta.com\\\/\",\"name\":\"Aleenta Resorts\",\"description\":\"Luxury Resorts &amp; Hotels in Thailand\",\"publisher\":{\"@id\":\"https:\\\/\\\/www.aleenta.com\\\/#organization\"},\"potentialAction\":[{\"@type\":\"SearchAction\",\"target\":{\"@type\":\"EntryPoint\",\"urlTemplate\":\"https:\\\/\\\/www.aleenta.com\\\/?s={search_term_string}\"},\"query-input\":{\"@type\":\"PropertyValueSpecification\",\"valueRequired\":true,\"valueName\":\"search_term_string\"}}],\"inLanguage\":\"de\"},{\"@type\":\"Organization\",\"@id\":\"https:\\\/\\\/www.aleenta.com\\\/#organization\",\"name\":\"Aleenta Resorts\",\"alternateName\":\"Aleenta\",\"url\":\"https:\\\/\\\/www.aleenta.com\\\/\",\"logo\":{\"@type\":\"ImageObject\",\"inLanguage\":\"de\",\"@id\":\"https:\\\/\\\/www.aleenta.com\\\/#\\\/schema\\\/logo\\\/image\\\/\",\"url\":\"https:\\\/\\\/www.aleenta.com\\\/wp-content\\\/uploads\\\/Aleenta-Logo-Text-1.png\",\"contentUrl\":\"https:\\\/\\\/www.aleenta.com\\\/wp-content\\\/uploads\\\/Aleenta-Logo-Text-1.png\",\"width\":924,\"height\":300,\"caption\":\"Aleenta Resorts\"},\"image\":{\"@id\":\"https:\\\/\\\/www.aleenta.com\\\/#\\\/schema\\\/logo\\\/image\\\/\"}}]}<\/script>\n<!-- \/ Yoast SEO plugin. -->","yoast_head_json":{"title":"Restaurants &amp; Bars  | Aleenta Chiang Mai","description":"Eine kulinarische Reise asiatischer Aromen erwartet Sie in den Restaurants &amp; Bars des Aleenta Retreat Chiang Mai mit k\u00f6stlichen thail\u00e4ndischen Gerichten \u00bb Mehr","robots":{"index":"index","follow":"follow","max-snippet":"max-snippet:-1","max-image-preview":"max-image-preview:large","max-video-preview":"max-video-preview:-1"},"canonical":"https:\/\/www.aleenta.com\/de\/chiang-mai\/dining\/","og_locale":"de_DE","og_type":"article","og_title":"Restaurant & Dining - Aleenta Retreat Chiang Mai","og_description":"A culinary journey of Asian flavours await at Aleenta Retreat Chiang Mai restaurants and bars with delicious expertly prepared Thai food bursting with exotic spices.","og_url":"https:\/\/www.aleenta.com\/de\/chiang-mai\/dining\/","og_site_name":"Aleenta Resorts","article_modified_time":"2025-02-19T08:43:30+00:00","og_image":[{"width":663,"height":386,"url":"https:\/\/www.aleenta.com\/wp-content\/uploads\/Aleenta-Chiang-Mai-The-Garden.jpg","type":"image\/jpeg"}],"twitter_card":"summary_large_image","schema":{"@context":"https:\/\/schema.org","@graph":[{"@type":"WebPage","@id":"https:\/\/www.aleenta.com\/chiang-mai\/dining\/","url":"https:\/\/www.aleenta.com\/chiang-mai\/dining\/","name":"Restaurants &amp; Bars  | Aleenta Chiang Mai","isPartOf":{"@id":"https:\/\/www.aleenta.com\/#website"},"primaryImageOfPage":{"@id":"https:\/\/www.aleenta.com\/chiang-mai\/dining\/#primaryimage"},"image":{"@id":"https:\/\/www.aleenta.com\/chiang-mai\/dining\/#primaryimage"},"thumbnailUrl":"https:\/\/www.aleenta.com\/wp-content\/uploads\/Aleenta-Chiang-Mai-The-Garden.jpg","datePublished":"2022-12-22T08:10:28+00:00","dateModified":"2025-02-19T08:43:30+00:00","description":"Eine kulinarische Reise asiatischer Aromen erwartet Sie in den Restaurants &amp; Bars des Aleenta Retreat Chiang Mai mit k\u00f6stlichen thail\u00e4ndischen Gerichten \u00bb Mehr","breadcrumb":{"@id":"https:\/\/www.aleenta.com\/chiang-mai\/dining\/#breadcrumb"},"inLanguage":"de","potentialAction":[{"@type":"ReadAction","target":["https:\/\/www.aleenta.com\/chiang-mai\/dining\/"]}]},{"@type":"ImageObject","inLanguage":"de","@id":"https:\/\/www.aleenta.com\/chiang-mai\/dining\/#primaryimage","url":"https:\/\/www.aleenta.com\/wp-content\/uploads\/Aleenta-Chiang-Mai-The-Garden.jpg","contentUrl":"https:\/\/www.aleenta.com\/wp-content\/uploads\/Aleenta-Chiang-Mai-The-Garden.jpg"},{"@type":"BreadcrumbList","@id":"https:\/\/www.aleenta.com\/chiang-mai\/dining\/#breadcrumb","itemListElement":[{"@type":"ListItem","position":1,"name":"Home","item":"https:\/\/www.aleenta.com\/"},{"@type":"ListItem","position":2,"name":"Chiang Mai","item":"https:\/\/www.aleenta.com\/chiang-mai\/"},{"@type":"ListItem","position":3,"name":"Dining"}]},{"@type":"WebSite","@id":"https:\/\/www.aleenta.com\/#website","url":"https:\/\/www.aleenta.com\/","name":"Aleenta Resorts","description":"Luxusresorts und Hotels in Thailand","publisher":{"@id":"https:\/\/www.aleenta.com\/#organization"},"potentialAction":[{"@type":"SearchAction","target":{"@type":"EntryPoint","urlTemplate":"https:\/\/www.aleenta.com\/?s={search_term_string}"},"query-input":{"@type":"PropertyValueSpecification","valueRequired":true,"valueName":"search_term_string"}}],"inLanguage":"de"},{"@type":"Organization","@id":"https:\/\/www.aleenta.com\/#organization","name":"Aleenta Resorts","alternateName":"Aleenta","url":"https:\/\/www.aleenta.com\/","logo":{"@type":"ImageObject","inLanguage":"de","@id":"https:\/\/www.aleenta.com\/#\/schema\/logo\/image\/","url":"https:\/\/www.aleenta.com\/wp-content\/uploads\/Aleenta-Logo-Text-1.png","contentUrl":"https:\/\/www.aleenta.com\/wp-content\/uploads\/Aleenta-Logo-Text-1.png","width":924,"height":300,"caption":"Aleenta Resorts"},"image":{"@id":"https:\/\/www.aleenta.com\/#\/schema\/logo\/image\/"}}]}},"_links":{"self":[{"href":"https:\/\/www.aleenta.com\/de\/wp-json\/wp\/v2\/pages\/13920","targetHints":{"allow":["GET"]}}],"collection":[{"href":"https:\/\/www.aleenta.com\/de\/wp-json\/wp\/v2\/pages"}],"about":[{"href":"https:\/\/www.aleenta.com\/de\/wp-json\/wp\/v2\/types\/page"}],"author":[{"embeddable":true,"href":"https:\/\/www.aleenta.com\/de\/wp-json\/wp\/v2\/users\/2"}],"replies":[{"embeddable":true,"href":"https:\/\/www.aleenta.com\/de\/wp-json\/wp\/v2\/comments?post=13920"}],"version-history":[{"count":63,"href":"https:\/\/www.aleenta.com\/de\/wp-json\/wp\/v2\/pages\/13920\/revisions"}],"predecessor-version":[{"id":28997,"href":"https:\/\/www.aleenta.com\/de\/wp-json\/wp\/v2\/pages\/13920\/revisions\/28997"}],"up":[{"embeddable":true,"href":"https:\/\/www.aleenta.com\/de\/wp-json\/wp\/v2\/pages\/9215"}],"wp:attachment":[{"href":"https:\/\/www.aleenta.com\/de\/wp-json\/wp\/v2\/media?parent=13920"}],"wp:term":[{"taxonomy":"retreat-cat","embeddable":true,"href":"https:\/\/www.aleenta.com\/de\/wp-json\/wp\/v2\/retreat-cat?post=13920"},{"taxonomy":"retreat-cat-chiang-mai","embeddable":true,"href":"https:\/\/www.aleenta.com\/de\/wp-json\/wp\/v2\/retreat-cat-chiang-mai?post=13920"},{"taxonomy":"retreat-cat-hua-hin","embeddable":true,"href":"https:\/\/www.aleenta.com\/de\/wp-json\/wp\/v2\/retreat-cat-hua-hin?post=13920"}],"curies":[{"name":"wp","href":"https:\/\/api.w.org\/{rel}","templated":true}]}}