{"id":24546,"date":"2024-06-27T14:16:28","date_gmt":"2024-06-27T07:16:28","guid":{"rendered":"https:\/\/www.aleenta.com\/?page_id=24546"},"modified":"2026-03-04T14:56:41","modified_gmt":"2026-03-04T07:56:41","slug":"medical-spa","status":"publish","type":"page","link":"https:\/\/www.aleenta.com\/de\/phuket\/ayurah-wellness\/medical-spa\/","title":{"rendered":"Ayurah Medizinisches Spa"},"content":{"rendered":"<div data-elementor-type=\"wp-page\" data-elementor-id=\"24546\" class=\"elementor elementor-24546\" data-elementor-post-type=\"page\">\n\t\t\t\t\t\t<section class=\"elementor-section elementor-top-section elementor-element elementor-element-8f064ac elementor-section-full_width elementor-section-height-min-height elementor-section-height-default elementor-section-items-middle\" data-id=\"8f064ac\" data-element_type=\"section\" data-settings=\"{&quot;jet_parallax_layout_list&quot;:[],&quot;background_background&quot;:&quot;classic&quot;}\">\n\t\t\t\t\t\t\t<div class=\"elementor-background-overlay\"><\/div>\n\t\t\t\t\t\t\t<div class=\"elementor-container elementor-column-gap-default\">\n\t\t\t\t\t<div class=\"elementor-column elementor-col-100 elementor-top-column elementor-element elementor-element-5ca79588\" data-id=\"5ca79588\" data-element_type=\"column\">\n\t\t\t<div class=\"elementor-widget-wrap elementor-element-populated\">\n\t\t\t\t\t\t<div class=\"elementor-element elementor-element-55a3aa62 elementor-widget elementor-widget-heading\" data-id=\"55a3aa62\" data-element_type=\"widget\" data-widget_type=\"heading.default\">\n\t\t\t\t<div class=\"elementor-widget-container\">\n\t\t\t\t\t<h1 class=\"elementor-heading-title elementor-size-default\">AYURAH Medical Spa<\/h1>\t\t\t\t<\/div>\n\t\t\t\t<\/div>\n\t\t\t\t\t<\/div>\n\t\t<\/div>\n\t\t\t\t\t<\/div>\n\t\t<\/section>\n\t\t\t\t<section class=\"elementor-section elementor-top-section elementor-element elementor-element-15f3e1d elementor-section-boxed elementor-section-height-default elementor-section-height-default\" data-id=\"15f3e1d\" data-element_type=\"section\" data-settings=\"{&quot;jet_parallax_layout_list&quot;:[]}\">\n\t\t\t\t\t\t<div class=\"elementor-container elementor-column-gap-default\">\n\t\t\t\t\t<div class=\"elementor-column elementor-col-100 elementor-top-column elementor-element elementor-element-70574b6e\" data-id=\"70574b6e\" data-element_type=\"column\">\n\t\t\t<div class=\"elementor-widget-wrap elementor-element-populated\">\n\t\t\t\t\t\t<div class=\"elementor-element elementor-element-f27008d elementor-widget elementor-widget-heading\" data-id=\"f27008d\" data-element_type=\"widget\" data-widget_type=\"heading.default\">\n\t\t\t\t<div class=\"elementor-widget-container\">\n\t\t\t\t\t<h2 class=\"elementor-heading-title elementor-size-default\">AYURAH Medical Spa in Aleenta Phuket<br><span style=\"font-size: 20px\">Phang Nga Resort &amp; Spa <\/span><\/h2>\t\t\t\t<\/div>\n\t\t\t\t<\/div>\n\t\t\t\t<div class=\"elementor-element elementor-element-1fdbedad elementor-widget__width-initial elementor-widget elementor-widget-text-editor\" data-id=\"1fdbedad\" data-element_type=\"widget\" data-widget_type=\"text-editor.default\">\n\t\t\t\t<div class=\"elementor-widget-container\">\n\t\t\t\t\t\t\t\t\t<p>Das AYURAH Medical Spa im Aleenta Phuket-Phang Nga Resort &amp; Spa bietet Ihnen erstklassige medizinische und Wellness-Behandlungen in einem ruhigen und luxuri\u00f6sen Ambiente. Unsere Klinik vereint fortschrittliche medizinische Therapien mit ganzheitlichen Wellness-Praktiken, um Ihre Gesundheit und Vitalit\u00e4t zu f\u00f6rdern. Im Mittelpunkt unserer Arbeit steht die individuelle Betreuung.<br \/>bietet spezialisierte Programme an, die auf die individuellen Bed\u00fcrfnisse jedes Gastes zugeschnitten sind und so ein umfassendes Wohlbefinden gew\u00e4hrleisten.<\/p><p>\u00a0<\/p><p>F\u00fcr weitere Informationen kontaktieren Sie uns bitte unter <a href=\"mailto:wellness@aleenta.com\">wellness@aleenta.com<\/a>.\u00a0<\/p>\t\t\t\t\t\t\t\t<\/div>\n\t\t\t\t<\/div>\n\t\t\t\t\t<\/div>\n\t\t<\/div>\n\t\t\t\t\t<\/div>\n\t\t<\/section>\n\t\t\t\t<section class=\"elementor-section elementor-top-section elementor-element elementor-element-d4825e0 elementor-section-content-middle elementor-section-boxed elementor-section-height-default elementor-section-height-default\" data-id=\"d4825e0\" data-element_type=\"section\" data-settings=\"{&quot;background_background&quot;:&quot;classic&quot;,&quot;jet_parallax_layout_list&quot;:[]}\">\n\t\t\t\t\t\t\t<div class=\"elementor-background-overlay\"><\/div>\n\t\t\t\t\t\t\t<div class=\"elementor-container elementor-column-gap-wide\">\n\t\t\t\t\t<div class=\"elementor-column elementor-col-50 elementor-top-column elementor-element elementor-element-5c9c2b2\" data-id=\"5c9c2b2\" data-element_type=\"column\">\n\t\t\t<div class=\"elementor-widget-wrap elementor-element-populated\">\n\t\t\t\t\t\t<div class=\"elementor-element elementor-element-3ff3283 elementor-widget elementor-widget-image\" data-id=\"3ff3283\" data-element_type=\"widget\" data-widget_type=\"image.default\">\n\t\t\t\t<div class=\"elementor-widget-container\">\n\t\t\t\t\t\t\t\t\t\t\t\t\t\t\t<img fetchpriority=\"high\" decoding=\"async\" width=\"680\" height=\"453\" src=\"https:\/\/www.aleenta.com\/wp-content\/uploads\/IV-Therapy-Revitalisation.jpg\" class=\"attachment-large size-large wp-image-24807\" alt=\"IV-Therapie Revitalisierung - Ayurah Klinik - Aleenta Phuket Resort &amp; Spa\" srcset=\"https:\/\/www.aleenta.com\/wp-content\/uploads\/IV-Therapy-Revitalisation.jpg 680w, https:\/\/www.aleenta.com\/wp-content\/uploads\/IV-Therapy-Revitalisation-300x200.jpg 300w, https:\/\/www.aleenta.com\/wp-content\/uploads\/IV-Therapy-Revitalisation-18x12.jpg 18w\" sizes=\"(max-width: 680px) 100vw, 680px\" \/>\t\t\t\t\t\t\t\t\t\t\t\t\t\t\t<\/div>\n\t\t\t\t<\/div>\n\t\t\t\t\t<\/div>\n\t\t<\/div>\n\t\t\t\t<div class=\"elementor-column elementor-col-50 elementor-top-column elementor-element elementor-element-319052a\" data-id=\"319052a\" data-element_type=\"column\">\n\t\t\t<div class=\"elementor-widget-wrap elementor-element-populated\">\n\t\t\t\t\t\t<div class=\"elementor-element elementor-element-b71c7d7 elementor-widget elementor-widget-heading\" data-id=\"b71c7d7\" data-element_type=\"widget\" data-widget_type=\"heading.default\">\n\t\t\t\t<div class=\"elementor-widget-container\">\n\t\t\t\t\t<h3 class=\"elementor-heading-title elementor-size-default\">Revitalisieren mit IV-Therapie<\/h3>\t\t\t\t<\/div>\n\t\t\t\t<\/div>\n\t\t\t\t<div class=\"elementor-element elementor-element-fdce6cf elementor-widget elementor-widget-text-editor\" data-id=\"fdce6cf\" data-element_type=\"widget\" data-widget_type=\"text-editor.default\">\n\t\t\t\t<div class=\"elementor-widget-container\">\n\t\t\t\t\t\t\t\t\t<p>Nehmen Sie sich Zeit zum Atmen, Bewegen und Meditieren im Ayurah Wellness Retreat, das f\u00fcr seine sanften K\u00f6rperhaltungen bekannt ist und daf\u00fcr sorgt, dass Ihr gesamtes Wesen sofort entlastet wird, w\u00e4hrend Sie Ihre Gedanken, Ihren K\u00f6rper und Ihre Emotionen neu ausrichten. Verbinde dich mit deinem Inneren und der Welt um dich herum.\u00a0<\/p><p>\u00a0<\/p>\t\t\t\t\t\t\t\t<\/div>\n\t\t\t\t<\/div>\n\t\t\t\t<div class=\"elementor-element elementor-element-e6e8cd5 elementor-widget elementor-widget-button\" data-id=\"e6e8cd5\" data-element_type=\"widget\" data-widget_type=\"button.default\">\n\t\t\t\t<div class=\"elementor-widget-container\">\n\t\t\t\t\t\t\t\t\t<div class=\"elementor-button-wrapper\">\n\t\t\t\t\t<a class=\"elementor-button elementor-button-link elementor-size-sm\" href=\"https:\/\/www.aleenta.com\/wp-content\/uploads\/AYURAH-MEDICAL-CLINIC.pdf\">\n\t\t\t\t\t\t<span class=\"elementor-button-content-wrapper\">\n\t\t\t\t\t\t\t\t\t<span class=\"elementor-button-text\">IV-Therapiedienste<\/span>\n\t\t\t\t\t<\/span>\n\t\t\t\t\t<\/a>\n\t\t\t\t<\/div>\n\t\t\t\t\t\t\t\t<\/div>\n\t\t\t\t<\/div>\n\t\t\t\t\t<\/div>\n\t\t<\/div>\n\t\t\t\t\t<\/div>\n\t\t<\/section>\n\t\t\t\t<section class=\"elementor-section elementor-top-section elementor-element elementor-element-aa3acad elementor-section-boxed elementor-section-height-default elementor-section-height-default\" data-id=\"aa3acad\" data-element_type=\"section\" data-settings=\"{&quot;jet_parallax_layout_list&quot;:[]}\">\n\t\t\t\t\t\t<div class=\"elementor-container elementor-column-gap-default\">\n\t\t\t\t\t<div class=\"elementor-column elementor-col-100 elementor-top-column elementor-element elementor-element-492a2b3\" data-id=\"492a2b3\" data-element_type=\"column\">\n\t\t\t<div class=\"elementor-widget-wrap elementor-element-populated\">\n\t\t\t\t\t\t<div class=\"elementor-element elementor-element-95a711f elementor-widget elementor-widget-template\" data-id=\"95a711f\" data-element_type=\"widget\" data-widget_type=\"template.default\">\n\t\t\t\t<div class=\"elementor-widget-container\">\n\t\t\t\t\t\t\t<div class=\"elementor-template\">\n\t\t\t\t\t<div data-elementor-type=\"section\" data-elementor-id=\"2584\" class=\"elementor elementor-2584\" data-elementor-post-type=\"elementor_library\">\n\t\t\t\t\t<section class=\"elementor-section elementor-top-section elementor-element elementor-element-0fde373 elementor-section-content-middle elementor-section-boxed elementor-section-height-default elementor-section-height-default\" data-id=\"0fde373\" data-element_type=\"section\" data-settings=\"{&quot;jet_parallax_layout_list&quot;:[]}\">\n\t\t\t\t\t\t<div class=\"elementor-container elementor-column-gap-default\">\n\t\t\t\t\t<div class=\"elementor-column elementor-col-50 elementor-top-column elementor-element elementor-element-bfb132d\" data-id=\"bfb132d\" data-element_type=\"column\">\n\t\t\t<div class=\"elementor-widget-wrap elementor-element-populated\">\n\t\t\t\t\t\t<div class=\"elementor-element elementor-element-76bef3a elementor-widget elementor-widget-heading\" data-id=\"76bef3a\" data-element_type=\"widget\" data-widget_type=\"heading.default\">\n\t\t\t\t<div class=\"elementor-widget-container\">\n\t\t\t\t\t<h3 class=\"elementor-heading-title elementor-size-default\">AYURAH SPA &amp; WELLNESS CENTER<\/h3>\t\t\t\t<\/div>\n\t\t\t\t<\/div>\n\t\t\t\t<div class=\"elementor-element elementor-element-a3df5e0 elementor-widget elementor-widget-text-editor\" data-id=\"a3df5e0\" data-element_type=\"widget\" data-widget_type=\"text-editor.default\">\n\t\t\t\t<div class=\"elementor-widget-container\">\n\t\t\t\t\t\t\t\t\t<p>33 Muh 5, Khok Kloi,<br \/>Takua Thung, Phang Nga<br \/>82140 Thailand<\/p><p>\u00a0<\/p><p>T: +66 (0) 76 580 339<\/p>\t\t\t\t\t\t\t\t<\/div>\n\t\t\t\t<\/div>\n\t\t\t\t\t<\/div>\n\t\t<\/div>\n\t\t\t\t<div class=\"elementor-column elementor-col-50 elementor-top-column elementor-element elementor-element-cfcf245\" data-id=\"cfcf245\" data-element_type=\"column\">\n\t\t\t<div class=\"elementor-widget-wrap elementor-element-populated\">\n\t\t\t\t\t\t<div class=\"elementor-element elementor-element-f552e67 elementor-widget elementor-widget-html\" data-id=\"f552e67\" data-element_type=\"widget\" data-widget_type=\"html.default\">\n\t\t\t\t<div class=\"elementor-widget-container\">\n\t\t\t\t\t<iframe src=\"https:\/\/www.google.com\/maps\/embed?pb=!1m18!1m12!1m3!1d3948.486038468669!2d98.28149619999999!3d8.254321799999998!2m3!1f0!2f0!3f0!3m2!1i1024!2i768!4f13.1!3m3!1m2!1s0x0%3A0x88cc7b189f4224ae!2sAyurah%20Spa!5e0!3m2!1sen!2suk!4v1658137986115!5m2!1sen!2suk\" width=\"100%\" height=\"350\" style=\"border:0;\" allowfullscreen=\"\" loading=\"lazy\" referrerpolicy=\"no-referrer-when-downgrade\"><\/iframe>\t\t\t\t<\/div>\n\t\t\t\t<\/div>\n\t\t\t\t\t<\/div>\n\t\t<\/div>\n\t\t\t\t\t<\/div>\n\t\t<\/section>\n\t\t\t\t<\/div>\n\t\t\t\t<\/div>\n\t\t\t\t\t\t<\/div>\n\t\t\t\t<\/div>\n\t\t\t\t\t<\/div>\n\t\t<\/div>\n\t\t\t\t\t<\/div>\n\t\t<\/section>\n\t\t\t\t<\/div>","protected":false},"excerpt":{"rendered":"<p>AYURAH Medical Spa AYURAH Medical Spa at Aleenta PhuketPhang Nga Resort &amp; Spa AYURAH Medical Spa at Aleenta Phuket-Phang Nga [&hellip;]<\/p>\n","protected":false},"author":2,"featured_media":0,"parent":970,"menu_order":0,"comment_status":"closed","ping_status":"closed","template":"","meta":{"_acf_changed":false,"site-sidebar-layout":"no-sidebar","site-content-layout":"page-builder","ast-site-content-layout":"full-width-container","site-content-style":"unboxed","site-sidebar-style":"unboxed","ast-global-header-display":"","ast-banner-title-visibility":"","ast-main-header-display":"","ast-hfb-above-header-display":"","ast-hfb-below-header-display":"","ast-hfb-mobile-header-display":"","site-post-title":"disabled","ast-breadcrumbs-content":"","ast-featured-img":"disabled","footer-sml-layout":"","ast-disable-related-posts":"","theme-transparent-header-meta":"default","adv-header-id-meta":"","stick-header-meta":"default","header-above-stick-meta":"","header-main-stick-meta":"","header-below-stick-meta":"","astra-migrate-meta-layouts":"set","ast-page-background-enabled":"default","ast-page-background-meta":{"desktop":{"background-color":"var(--ast-global-color-4)","background-image":"","background-repeat":"repeat","background-position":"center center","background-size":"auto","background-attachment":"scroll","background-type":"","background-media":"","overlay-type":"","overlay-color":"","overlay-opacity":"","overlay-gradient":""},"tablet":{"background-color":"","background-image":"","background-repeat":"repeat","background-position":"center center","background-size":"auto","background-attachment":"scroll","background-type":"","background-media":"","overlay-type":"","overlay-color":"","overlay-opacity":"","overlay-gradient":""},"mobile":{"background-color":"","background-image":"","background-repeat":"repeat","background-position":"center center","background-size":"auto","background-attachment":"scroll","background-type":"","background-media":"","overlay-type":"","overlay-color":"","overlay-opacity":"","overlay-gradient":""}},"ast-content-background-meta":{"desktop":{"background-color":"var(--ast-global-color-5)","background-image":"","background-repeat":"repeat","background-position":"center center","background-size":"auto","background-attachment":"scroll","background-type":"","background-media":"","overlay-type":"","overlay-color":"","overlay-opacity":"","overlay-gradient":""},"tablet":{"background-color":"var(--ast-global-color-5)","background-image":"","background-repeat":"repeat","background-position":"center center","background-size":"auto","background-attachment":"scroll","background-type":"","background-media":"","overlay-type":"","overlay-color":"","overlay-opacity":"","overlay-gradient":""},"mobile":{"background-color":"var(--ast-global-color-5)","background-image":"","background-repeat":"repeat","background-position":"center center","background-size":"auto","background-attachment":"scroll","background-type":"","background-media":"","overlay-type":"","overlay-color":"","overlay-opacity":"","overlay-gradient":""}},"footnotes":""},"retreat-cat":[],"retreat-cat-chiang-mai":[],"retreat-cat-hua-hin":[],"class_list":["post-24546","page","type-page","status-publish","hentry"],"acf":[],"yoast_head":"<!-- This site is optimized with the Yoast SEO plugin v27.3 - https:\/\/yoast.com\/product\/yoast-seo-wordpress\/ -->\n<title>Ayurah Clinic - Medical Wellness - Aleenta Phuket Resort &amp; Spa<\/title>\n<meta name=\"description\" content=\"Ayurah Clinic at Aleenta Phuket-Phang Nga Resort &amp; Spa is dedicated to providing exceptional medical and wellness services in a serene and luxurious environment.\" \/>\n<meta name=\"robots\" content=\"index, follow, max-snippet:-1, max-image-preview:large, max-video-preview:-1\" \/>\n<link rel=\"canonical\" href=\"https:\/\/www.aleenta.com\/de\/phuket\/ayurah-wellness\/medical-spa\/\" \/>\n<meta property=\"og:locale\" content=\"de_DE\" \/>\n<meta property=\"og:type\" content=\"article\" \/>\n<meta property=\"og:title\" content=\"Ayurah Clinic - Medical Wellness - Aleenta Phuket Resort &amp; Spa\" \/>\n<meta property=\"og:description\" content=\"Ayurah Clinic at Aleenta Phuket-Phang Nga Resort &amp; Spa is dedicated to providing exceptional medical and wellness services in a serene and luxurious environment.\" \/>\n<meta property=\"og:url\" content=\"https:\/\/www.aleenta.com\/de\/phuket\/ayurah-wellness\/medical-spa\/\" \/>\n<meta property=\"og:site_name\" content=\"Aleenta Resorts\" \/>\n<meta property=\"article:modified_time\" content=\"2026-03-04T07:56:41+00:00\" \/>\n<meta property=\"og:image\" content=\"https:\/\/www.aleenta.com\/wp-content\/uploads\/IV-Therapy-Revitalisation.jpg\" \/>\n\t<meta property=\"og:image:width\" content=\"680\" \/>\n\t<meta property=\"og:image:height\" content=\"453\" \/>\n\t<meta property=\"og:image:type\" content=\"image\/jpeg\" \/>\n<meta name=\"twitter:card\" content=\"summary_large_image\" \/>\n<script type=\"application\/ld+json\" class=\"yoast-schema-graph\">{\"@context\":\"https:\\\/\\\/schema.org\",\"@graph\":[{\"@type\":\"WebPage\",\"@id\":\"https:\\\/\\\/www.aleenta.com\\\/phuket\\\/ayurah-wellness\\\/medical-spa\\\/\",\"url\":\"https:\\\/\\\/www.aleenta.com\\\/phuket\\\/ayurah-wellness\\\/medical-spa\\\/\",\"name\":\"Ayurah Clinic - Medical Wellness - Aleenta Phuket Resort & Spa\",\"isPartOf\":{\"@id\":\"https:\\\/\\\/www.aleenta.com\\\/#website\"},\"primaryImageOfPage\":{\"@id\":\"https:\\\/\\\/www.aleenta.com\\\/phuket\\\/ayurah-wellness\\\/medical-spa\\\/#primaryimage\"},\"image\":{\"@id\":\"https:\\\/\\\/www.aleenta.com\\\/phuket\\\/ayurah-wellness\\\/medical-spa\\\/#primaryimage\"},\"thumbnailUrl\":\"https:\\\/\\\/www.aleenta.com\\\/wp-content\\\/uploads\\\/IV-Therapy-Revitalisation.jpg\",\"datePublished\":\"2024-06-27T07:16:28+00:00\",\"dateModified\":\"2026-03-04T07:56:41+00:00\",\"description\":\"Ayurah Clinic at Aleenta Phuket-Phang Nga Resort & Spa is dedicated to providing exceptional medical and wellness services in a serene and luxurious environment.\",\"breadcrumb\":{\"@id\":\"https:\\\/\\\/www.aleenta.com\\\/phuket\\\/ayurah-wellness\\\/medical-spa\\\/#breadcrumb\"},\"inLanguage\":\"de\",\"potentialAction\":[{\"@type\":\"ReadAction\",\"target\":[\"https:\\\/\\\/www.aleenta.com\\\/phuket\\\/ayurah-wellness\\\/medical-spa\\\/\"]}]},{\"@type\":\"ImageObject\",\"inLanguage\":\"de\",\"@id\":\"https:\\\/\\\/www.aleenta.com\\\/phuket\\\/ayurah-wellness\\\/medical-spa\\\/#primaryimage\",\"url\":\"https:\\\/\\\/www.aleenta.com\\\/wp-content\\\/uploads\\\/IV-Therapy-Revitalisation.jpg\",\"contentUrl\":\"https:\\\/\\\/www.aleenta.com\\\/wp-content\\\/uploads\\\/IV-Therapy-Revitalisation.jpg\"},{\"@type\":\"BreadcrumbList\",\"@id\":\"https:\\\/\\\/www.aleenta.com\\\/phuket\\\/ayurah-wellness\\\/medical-spa\\\/#breadcrumb\",\"itemListElement\":[{\"@type\":\"ListItem\",\"position\":1,\"name\":\"Home\",\"item\":\"https:\\\/\\\/www.aleenta.com\\\/\"},{\"@type\":\"ListItem\",\"position\":2,\"name\":\"Phuket\",\"item\":\"https:\\\/\\\/www.aleenta.com\\\/phuket\\\/\"},{\"@type\":\"ListItem\",\"position\":3,\"name\":\"Ayurah Wellness\",\"item\":\"https:\\\/\\\/www.aleenta.com\\\/phuket\\\/ayurah-wellness\\\/\"},{\"@type\":\"ListItem\",\"position\":4,\"name\":\"Ayurah Medical Spa\"}]},{\"@type\":\"WebSite\",\"@id\":\"https:\\\/\\\/www.aleenta.com\\\/#website\",\"url\":\"https:\\\/\\\/www.aleenta.com\\\/\",\"name\":\"Aleenta Resorts\",\"description\":\"Luxury Resorts &amp; Hotels in Thailand\",\"publisher\":{\"@id\":\"https:\\\/\\\/www.aleenta.com\\\/#organization\"},\"potentialAction\":[{\"@type\":\"SearchAction\",\"target\":{\"@type\":\"EntryPoint\",\"urlTemplate\":\"https:\\\/\\\/www.aleenta.com\\\/?s={search_term_string}\"},\"query-input\":{\"@type\":\"PropertyValueSpecification\",\"valueRequired\":true,\"valueName\":\"search_term_string\"}}],\"inLanguage\":\"de\"},{\"@type\":\"Organization\",\"@id\":\"https:\\\/\\\/www.aleenta.com\\\/#organization\",\"name\":\"Aleenta Resorts\",\"alternateName\":\"Aleenta\",\"url\":\"https:\\\/\\\/www.aleenta.com\\\/\",\"logo\":{\"@type\":\"ImageObject\",\"inLanguage\":\"de\",\"@id\":\"https:\\\/\\\/www.aleenta.com\\\/#\\\/schema\\\/logo\\\/image\\\/\",\"url\":\"https:\\\/\\\/www.aleenta.com\\\/wp-content\\\/uploads\\\/Aleenta-Logo-Text-1.png\",\"contentUrl\":\"https:\\\/\\\/www.aleenta.com\\\/wp-content\\\/uploads\\\/Aleenta-Logo-Text-1.png\",\"width\":924,\"height\":300,\"caption\":\"Aleenta Resorts\"},\"image\":{\"@id\":\"https:\\\/\\\/www.aleenta.com\\\/#\\\/schema\\\/logo\\\/image\\\/\"}}]}<\/script>\n<!-- \/ Yoast SEO plugin. -->","yoast_head_json":{"title":"Ayurah Klinik - Medizinisches Wellness - Aleenta Phuket Resort &amp; Spa","description":"Die Ayurah Clinic im Aleenta Phuket-Phang Nga Resort &amp; Spa hat sich der Bereitstellung au\u00dfergew\u00f6hnlicher medizinischer und Wellness-Dienstleistungen in einer ruhigen und luxuri\u00f6sen Umgebung verschrieben.","robots":{"index":"index","follow":"follow","max-snippet":"max-snippet:-1","max-image-preview":"max-image-preview:large","max-video-preview":"max-video-preview:-1"},"canonical":"https:\/\/www.aleenta.com\/de\/phuket\/ayurah-wellness\/medical-spa\/","og_locale":"de_DE","og_type":"article","og_title":"Ayurah Clinic - Medical Wellness - Aleenta Phuket Resort & Spa","og_description":"Ayurah Clinic at Aleenta Phuket-Phang Nga Resort & Spa is dedicated to providing exceptional medical and wellness services in a serene and luxurious environment.","og_url":"https:\/\/www.aleenta.com\/de\/phuket\/ayurah-wellness\/medical-spa\/","og_site_name":"Aleenta Resorts","article_modified_time":"2026-03-04T07:56:41+00:00","og_image":[{"width":680,"height":453,"url":"https:\/\/www.aleenta.com\/wp-content\/uploads\/IV-Therapy-Revitalisation.jpg","type":"image\/jpeg"}],"twitter_card":"summary_large_image","schema":{"@context":"https:\/\/schema.org","@graph":[{"@type":"WebPage","@id":"https:\/\/www.aleenta.com\/phuket\/ayurah-wellness\/medical-spa\/","url":"https:\/\/www.aleenta.com\/phuket\/ayurah-wellness\/medical-spa\/","name":"Ayurah Klinik - Medizinisches Wellness - Aleenta Phuket Resort &amp; Spa","isPartOf":{"@id":"https:\/\/www.aleenta.com\/#website"},"primaryImageOfPage":{"@id":"https:\/\/www.aleenta.com\/phuket\/ayurah-wellness\/medical-spa\/#primaryimage"},"image":{"@id":"https:\/\/www.aleenta.com\/phuket\/ayurah-wellness\/medical-spa\/#primaryimage"},"thumbnailUrl":"https:\/\/www.aleenta.com\/wp-content\/uploads\/IV-Therapy-Revitalisation.jpg","datePublished":"2024-06-27T07:16:28+00:00","dateModified":"2026-03-04T07:56:41+00:00","description":"Die Ayurah Clinic im Aleenta Phuket-Phang Nga Resort &amp; Spa hat sich der Bereitstellung au\u00dfergew\u00f6hnlicher medizinischer und Wellness-Dienstleistungen in einer ruhigen und luxuri\u00f6sen Umgebung verschrieben.","breadcrumb":{"@id":"https:\/\/www.aleenta.com\/phuket\/ayurah-wellness\/medical-spa\/#breadcrumb"},"inLanguage":"de","potentialAction":[{"@type":"ReadAction","target":["https:\/\/www.aleenta.com\/phuket\/ayurah-wellness\/medical-spa\/"]}]},{"@type":"ImageObject","inLanguage":"de","@id":"https:\/\/www.aleenta.com\/phuket\/ayurah-wellness\/medical-spa\/#primaryimage","url":"https:\/\/www.aleenta.com\/wp-content\/uploads\/IV-Therapy-Revitalisation.jpg","contentUrl":"https:\/\/www.aleenta.com\/wp-content\/uploads\/IV-Therapy-Revitalisation.jpg"},{"@type":"BreadcrumbList","@id":"https:\/\/www.aleenta.com\/phuket\/ayurah-wellness\/medical-spa\/#breadcrumb","itemListElement":[{"@type":"ListItem","position":1,"name":"Home","item":"https:\/\/www.aleenta.com\/"},{"@type":"ListItem","position":2,"name":"Phuket","item":"https:\/\/www.aleenta.com\/phuket\/"},{"@type":"ListItem","position":3,"name":"Ayurah Wellness","item":"https:\/\/www.aleenta.com\/phuket\/ayurah-wellness\/"},{"@type":"ListItem","position":4,"name":"Ayurah Medical Spa"}]},{"@type":"WebSite","@id":"https:\/\/www.aleenta.com\/#website","url":"https:\/\/www.aleenta.com\/","name":"Aleenta Resorts","description":"Luxusresorts und Hotels in Thailand","publisher":{"@id":"https:\/\/www.aleenta.com\/#organization"},"potentialAction":[{"@type":"SearchAction","target":{"@type":"EntryPoint","urlTemplate":"https:\/\/www.aleenta.com\/?s={search_term_string}"},"query-input":{"@type":"PropertyValueSpecification","valueRequired":true,"valueName":"search_term_string"}}],"inLanguage":"de"},{"@type":"Organization","@id":"https:\/\/www.aleenta.com\/#organization","name":"Aleenta Resorts","alternateName":"Aleenta","url":"https:\/\/www.aleenta.com\/","logo":{"@type":"ImageObject","inLanguage":"de","@id":"https:\/\/www.aleenta.com\/#\/schema\/logo\/image\/","url":"https:\/\/www.aleenta.com\/wp-content\/uploads\/Aleenta-Logo-Text-1.png","contentUrl":"https:\/\/www.aleenta.com\/wp-content\/uploads\/Aleenta-Logo-Text-1.png","width":924,"height":300,"caption":"Aleenta Resorts"},"image":{"@id":"https:\/\/www.aleenta.com\/#\/schema\/logo\/image\/"}}]}},"_links":{"self":[{"href":"https:\/\/www.aleenta.com\/de\/wp-json\/wp\/v2\/pages\/24546","targetHints":{"allow":["GET"]}}],"collection":[{"href":"https:\/\/www.aleenta.com\/de\/wp-json\/wp\/v2\/pages"}],"about":[{"href":"https:\/\/www.aleenta.com\/de\/wp-json\/wp\/v2\/types\/page"}],"author":[{"embeddable":true,"href":"https:\/\/www.aleenta.com\/de\/wp-json\/wp\/v2\/users\/2"}],"replies":[{"embeddable":true,"href":"https:\/\/www.aleenta.com\/de\/wp-json\/wp\/v2\/comments?post=24546"}],"version-history":[{"count":55,"href":"https:\/\/www.aleenta.com\/de\/wp-json\/wp\/v2\/pages\/24546\/revisions"}],"predecessor-version":[{"id":35678,"href":"https:\/\/www.aleenta.com\/de\/wp-json\/wp\/v2\/pages\/24546\/revisions\/35678"}],"up":[{"embeddable":true,"href":"https:\/\/www.aleenta.com\/de\/wp-json\/wp\/v2\/pages\/970"}],"wp:attachment":[{"href":"https:\/\/www.aleenta.com\/de\/wp-json\/wp\/v2\/media?parent=24546"}],"wp:term":[{"taxonomy":"retreat-cat","embeddable":true,"href":"https:\/\/www.aleenta.com\/de\/wp-json\/wp\/v2\/retreat-cat?post=24546"},{"taxonomy":"retreat-cat-chiang-mai","embeddable":true,"href":"https:\/\/www.aleenta.com\/de\/wp-json\/wp\/v2\/retreat-cat-chiang-mai?post=24546"},{"taxonomy":"retreat-cat-hua-hin","embeddable":true,"href":"https:\/\/www.aleenta.com\/de\/wp-json\/wp\/v2\/retreat-cat-hua-hin?post=24546"}],"curies":[{"name":"wp","href":"https:\/\/api.w.org\/{rel}","templated":true}]}}