{"id":8674,"date":"2022-06-09T17:27:47","date_gmt":"2022-06-09T10:27:47","guid":{"rendered":"http:\/\/aleenta.bml2l1izss-eqg35n0pk3xn.p.temp-site.link\/?page_id=8674"},"modified":"2025-10-14T16:27:38","modified_gmt":"2025-10-14T09:27:38","slug":"honeymoon-specials","status":"publish","type":"page","link":"https:\/\/www.aleenta.com\/de\/huahin\/weddings\/honeymoon-specials\/","title":{"rendered":"Gl\u00fcckselige Flitterwochen in Hua Hin"},"content":{"rendered":"<div data-elementor-type=\"wp-page\" data-elementor-id=\"8674\" class=\"elementor elementor-8674\" data-elementor-post-type=\"page\">\n\t\t\t\t\t\t<section class=\"elementor-section elementor-top-section elementor-element elementor-element-93cb530 elementor-section-content-middle elementor-section-height-min-height elementor-section-items-bottom elementor-section-boxed elementor-section-height-default\" data-id=\"93cb530\" data-element_type=\"section\" data-settings=\"{&quot;background_background&quot;:&quot;classic&quot;,&quot;jet_parallax_layout_list&quot;:[]}\">\n\t\t\t\t\t\t\t<div class=\"elementor-background-overlay\"><\/div>\n\t\t\t\t\t\t\t<div class=\"elementor-container elementor-column-gap-no\">\n\t\t\t\t\t<div class=\"elementor-column elementor-col-100 elementor-top-column elementor-element elementor-element-3413700\" data-id=\"3413700\" data-element_type=\"column\">\n\t\t\t<div class=\"elementor-widget-wrap elementor-element-populated\">\n\t\t\t\t\t\t<div class=\"elementor-element elementor-element-f9504eb elementor-widget elementor-widget-heading\" data-id=\"f9504eb\" data-element_type=\"widget\" data-widget_type=\"heading.default\">\n\t\t\t\t<div class=\"elementor-widget-container\">\n\t\t\t\t\t<h1 class=\"elementor-heading-title elementor-size-default\">Romantische Flitterwochen im Aleenta Hua Hin<\/h1>\t\t\t\t<\/div>\n\t\t\t\t<\/div>\n\t\t\t\t\t<\/div>\n\t\t<\/div>\n\t\t\t\t\t<\/div>\n\t\t<\/section>\n\t\t\t\t<section class=\"elementor-section elementor-top-section elementor-element elementor-element-679c7ea elementor-section-boxed elementor-section-height-default elementor-section-height-default\" data-id=\"679c7ea\" data-element_type=\"section\" data-settings=\"{&quot;jet_parallax_layout_list&quot;:[]}\">\n\t\t\t\t\t\t<div class=\"elementor-container elementor-column-gap-default\">\n\t\t\t\t\t<div class=\"elementor-column elementor-col-100 elementor-top-column elementor-element elementor-element-8a0992b\" data-id=\"8a0992b\" data-element_type=\"column\">\n\t\t\t<div class=\"elementor-widget-wrap elementor-element-populated\">\n\t\t\t\t\t\t<div class=\"elementor-element elementor-element-3c551fa elementor-widget elementor-widget-heading\" data-id=\"3c551fa\" data-element_type=\"widget\" data-widget_type=\"heading.default\">\n\t\t\t\t<div class=\"elementor-widget-container\">\n\t\t\t\t\t<h2 class=\"elementor-heading-title elementor-size-default\">Ma\u00dfgeschneidertes Flitterwochen- und Hochzeitspaket in Pranburi, Hua Hin<\/h2>\t\t\t\t<\/div>\n\t\t\t\t<\/div>\n\t\t\t\t<div class=\"elementor-element elementor-element-a57e261 elementor-widget elementor-widget-text-editor\" data-id=\"a57e261\" data-element_type=\"widget\" data-widget_type=\"text-editor.default\">\n\t\t\t\t<div class=\"elementor-widget-container\">\n\t\t\t\t\t\t\t\t\t<p>Schwelgen Sie in dem s\u00fc\u00dfen Aroma frischer Kokosn\u00fcsse, sonnen Sie sich in der romantischen Atmosph\u00e4re an Thailands geheimnisvollstem Sonnenuntergangsziel und genie\u00dfen Sie den hei\u00dfen Sand zwischen Ihren Zehen. Das exklusive Flitterwochenpaket im Aleenta Hua Hin-Pranburi Resort &amp; Spa l\u00e4sst Sie in Luxus und Romantik eintauchen f\u00fcr unvergessliche Flitterwochen in Thailand mit Boutique-Wellness und k\u00f6stlicher Gourmetk\u00fcche.<\/p><p>Schwelgen Sie in der ultimativen Romantik,\u00a0<a href=\"https:\/\/www.aleenta.com\/de\/huahin\/accommodation\/\">Luxus am Strand<\/a> Unterkunft und Annehmlichkeiten mit unserem <a href=\"https:\/\/www.aleenta.com\/de\/huahin\/special-offers\/\">Resort-Sonderangebote<\/a>.<\/p><p>F\u00fcr eine individuelle\u00a0<a href=\"\/de\/huahin\/weddings\/\">Hochzeit in Hua Hin<\/a> oder Flitterwochen, eine romantische \u00dcberraschung f\u00fcr Ihre Liebsten oder weitere Informationen, kontaktieren Sie uns bitte direkt unter reservation@akaryn.com oder rufen Sie +66 (0) 2 514 8124<\/p>\t\t\t\t\t\t\t\t<\/div>\n\t\t\t\t<\/div>\n\t\t\t\t\t<\/div>\n\t\t<\/div>\n\t\t\t\t\t<\/div>\n\t\t<\/section>\n\t\t\t\t<\/div>","protected":false},"excerpt":{"rendered":"<p>Honeymoon Bliss at Aleenta Hua Hin Customised Honeymoon &amp; Wedding Package in Pranburi, Hua Hin Indulge in the sweet aroma [&hellip;]<\/p>\n","protected":false},"author":2,"featured_media":0,"parent":8485,"menu_order":0,"comment_status":"closed","ping_status":"closed","template":"","meta":{"_acf_changed":false,"site-sidebar-layout":"no-sidebar","site-content-layout":"page-builder","ast-site-content-layout":"full-width-container","site-content-style":"unboxed","site-sidebar-style":"unboxed","ast-global-header-display":"","ast-banner-title-visibility":"","ast-main-header-display":"","ast-hfb-above-header-display":"","ast-hfb-below-header-display":"","ast-hfb-mobile-header-display":"","site-post-title":"disabled","ast-breadcrumbs-content":"","ast-featured-img":"disabled","footer-sml-layout":"","ast-disable-related-posts":"","theme-transparent-header-meta":"default","adv-header-id-meta":"","stick-header-meta":"default","header-above-stick-meta":"","header-main-stick-meta":"","header-below-stick-meta":"","astra-migrate-meta-layouts":"set","ast-page-background-enabled":"default","ast-page-background-meta":{"desktop":{"background-color":"var(--ast-global-color-4)","background-image":"","background-repeat":"repeat","background-position":"center center","background-size":"auto","background-attachment":"scroll","background-type":"","background-media":"","overlay-type":"","overlay-color":"","overlay-opacity":"","overlay-gradient":""},"tablet":{"background-color":"","background-image":"","background-repeat":"repeat","background-position":"center center","background-size":"auto","background-attachment":"scroll","background-type":"","background-media":"","overlay-type":"","overlay-color":"","overlay-opacity":"","overlay-gradient":""},"mobile":{"background-color":"","background-image":"","background-repeat":"repeat","background-position":"center center","background-size":"auto","background-attachment":"scroll","background-type":"","background-media":"","overlay-type":"","overlay-color":"","overlay-opacity":"","overlay-gradient":""}},"ast-content-background-meta":{"desktop":{"background-color":"var(--ast-global-color-5)","background-image":"","background-repeat":"repeat","background-position":"center center","background-size":"auto","background-attachment":"scroll","background-type":"","background-media":"","overlay-type":"","overlay-color":"","overlay-opacity":"","overlay-gradient":""},"tablet":{"background-color":"var(--ast-global-color-5)","background-image":"","background-repeat":"repeat","background-position":"center center","background-size":"auto","background-attachment":"scroll","background-type":"","background-media":"","overlay-type":"","overlay-color":"","overlay-opacity":"","overlay-gradient":""},"mobile":{"background-color":"var(--ast-global-color-5)","background-image":"","background-repeat":"repeat","background-position":"center center","background-size":"auto","background-attachment":"scroll","background-type":"","background-media":"","overlay-type":"","overlay-color":"","overlay-opacity":"","overlay-gradient":""}},"footnotes":""},"retreat-cat":[],"retreat-cat-chiang-mai":[],"retreat-cat-hua-hin":[],"class_list":["post-8674","page","type-page","status-publish","hentry"],"acf":[],"yoast_head":"<!-- This site is optimized with the Yoast SEO plugin v27.3 - https:\/\/yoast.com\/product\/yoast-seo-wordpress\/ -->\n<title>Honeymoon Bliss in Hua Hin - Aleenta Hua Hin Resort &amp; Spa<\/title>\n<meta name=\"description\" content=\"Getting married in a paradise used to be just a distant dream. At Aleenta Hua Hin, our professional wedding consultant can make it a reality and prove to you that dreams can effortlessly come true.\" \/>\n<meta name=\"robots\" content=\"index, follow, max-snippet:-1, max-image-preview:large, max-video-preview:-1\" \/>\n<link rel=\"canonical\" href=\"https:\/\/www.aleenta.com\/de\/huahin\/weddings\/honeymoon-specials\/\" \/>\n<meta property=\"og:locale\" content=\"de_DE\" \/>\n<meta property=\"og:type\" content=\"article\" \/>\n<meta property=\"og:title\" content=\"Honeymoon Bliss in Hua Hin - Aleenta Hua Hin Resort &amp; Spa\" \/>\n<meta property=\"og:description\" content=\"Getting married in a paradise used to be just a distant dream. At Aleenta Hua Hin, our professional wedding consultant can make it a reality and prove to you that dreams can effortlessly come true.\" \/>\n<meta property=\"og:url\" content=\"https:\/\/www.aleenta.com\/de\/huahin\/weddings\/honeymoon-specials\/\" \/>\n<meta property=\"og:site_name\" content=\"Aleenta Resorts\" \/>\n<meta property=\"article:modified_time\" content=\"2025-10-14T09:27:38+00:00\" \/>\n<meta name=\"twitter:card\" content=\"summary_large_image\" \/>\n<script type=\"application\/ld+json\" class=\"yoast-schema-graph\">{\"@context\":\"https:\\\/\\\/schema.org\",\"@graph\":[{\"@type\":\"WebPage\",\"@id\":\"https:\\\/\\\/www.aleenta.com\\\/huahin\\\/weddings\\\/honeymoon-specials\\\/\",\"url\":\"https:\\\/\\\/www.aleenta.com\\\/huahin\\\/weddings\\\/honeymoon-specials\\\/\",\"name\":\"Honeymoon Bliss in Hua Hin - Aleenta Hua Hin Resort & Spa\",\"isPartOf\":{\"@id\":\"https:\\\/\\\/www.aleenta.com\\\/#website\"},\"datePublished\":\"2022-06-09T10:27:47+00:00\",\"dateModified\":\"2025-10-14T09:27:38+00:00\",\"description\":\"Getting married in a paradise used to be just a distant dream. At Aleenta Hua Hin, our professional wedding consultant can make it a reality and prove to you that dreams can effortlessly come true.\",\"breadcrumb\":{\"@id\":\"https:\\\/\\\/www.aleenta.com\\\/huahin\\\/weddings\\\/honeymoon-specials\\\/#breadcrumb\"},\"inLanguage\":\"de\",\"potentialAction\":[{\"@type\":\"ReadAction\",\"target\":[\"https:\\\/\\\/www.aleenta.com\\\/huahin\\\/weddings\\\/honeymoon-specials\\\/\"]}]},{\"@type\":\"BreadcrumbList\",\"@id\":\"https:\\\/\\\/www.aleenta.com\\\/huahin\\\/weddings\\\/honeymoon-specials\\\/#breadcrumb\",\"itemListElement\":[{\"@type\":\"ListItem\",\"position\":1,\"name\":\"Home\",\"item\":\"https:\\\/\\\/www.aleenta.com\\\/\"},{\"@type\":\"ListItem\",\"position\":2,\"name\":\"Huahin\",\"item\":\"https:\\\/\\\/www.aleenta.com\\\/huahin\\\/\"},{\"@type\":\"ListItem\",\"position\":3,\"name\":\"Weddings\",\"item\":\"https:\\\/\\\/www.aleenta.com\\\/huahin\\\/weddings\\\/\"},{\"@type\":\"ListItem\",\"position\":4,\"name\":\"Honeymoon Bliss in Hua Hin\"}]},{\"@type\":\"WebSite\",\"@id\":\"https:\\\/\\\/www.aleenta.com\\\/#website\",\"url\":\"https:\\\/\\\/www.aleenta.com\\\/\",\"name\":\"Aleenta Resorts\",\"description\":\"Luxury Resorts &amp; Hotels in Thailand\",\"publisher\":{\"@id\":\"https:\\\/\\\/www.aleenta.com\\\/#organization\"},\"potentialAction\":[{\"@type\":\"SearchAction\",\"target\":{\"@type\":\"EntryPoint\",\"urlTemplate\":\"https:\\\/\\\/www.aleenta.com\\\/?s={search_term_string}\"},\"query-input\":{\"@type\":\"PropertyValueSpecification\",\"valueRequired\":true,\"valueName\":\"search_term_string\"}}],\"inLanguage\":\"de\"},{\"@type\":\"Organization\",\"@id\":\"https:\\\/\\\/www.aleenta.com\\\/#organization\",\"name\":\"Aleenta Resorts\",\"alternateName\":\"Aleenta\",\"url\":\"https:\\\/\\\/www.aleenta.com\\\/\",\"logo\":{\"@type\":\"ImageObject\",\"inLanguage\":\"de\",\"@id\":\"https:\\\/\\\/www.aleenta.com\\\/#\\\/schema\\\/logo\\\/image\\\/\",\"url\":\"https:\\\/\\\/www.aleenta.com\\\/wp-content\\\/uploads\\\/Aleenta-Logo-Text-1.png\",\"contentUrl\":\"https:\\\/\\\/www.aleenta.com\\\/wp-content\\\/uploads\\\/Aleenta-Logo-Text-1.png\",\"width\":924,\"height\":300,\"caption\":\"Aleenta Resorts\"},\"image\":{\"@id\":\"https:\\\/\\\/www.aleenta.com\\\/#\\\/schema\\\/logo\\\/image\\\/\"}}]}<\/script>\n<!-- \/ Yoast SEO plugin. -->","yoast_head_json":{"title":"Gl\u00fcckselige Flitterwochen | Aleenta Hua Hin","description":"In einem Paradies zu heiraten, war fr\u00fcher nur ein ferner Traum \u00bb Bei Aleenta Hua Hin kann unser professioneller Hochzeitsberater es Wirklichkeit werden \u00bb Mehr!","robots":{"index":"index","follow":"follow","max-snippet":"max-snippet:-1","max-image-preview":"max-image-preview:large","max-video-preview":"max-video-preview:-1"},"canonical":"https:\/\/www.aleenta.com\/de\/huahin\/weddings\/honeymoon-specials\/","og_locale":"de_DE","og_type":"article","og_title":"Honeymoon Bliss in Hua Hin - Aleenta Hua Hin Resort & Spa","og_description":"Getting married in a paradise used to be just a distant dream. At Aleenta Hua Hin, our professional wedding consultant can make it a reality and prove to you that dreams can effortlessly come true.","og_url":"https:\/\/www.aleenta.com\/de\/huahin\/weddings\/honeymoon-specials\/","og_site_name":"Aleenta Resorts","article_modified_time":"2025-10-14T09:27:38+00:00","twitter_card":"summary_large_image","schema":{"@context":"https:\/\/schema.org","@graph":[{"@type":"WebPage","@id":"https:\/\/www.aleenta.com\/huahin\/weddings\/honeymoon-specials\/","url":"https:\/\/www.aleenta.com\/huahin\/weddings\/honeymoon-specials\/","name":"Gl\u00fcckselige Flitterwochen | Aleenta Hua Hin","isPartOf":{"@id":"https:\/\/www.aleenta.com\/#website"},"datePublished":"2022-06-09T10:27:47+00:00","dateModified":"2025-10-14T09:27:38+00:00","description":"In einem Paradies zu heiraten, war fr\u00fcher nur ein ferner Traum \u00bb Bei Aleenta Hua Hin kann unser professioneller Hochzeitsberater es Wirklichkeit werden \u00bb Mehr!","breadcrumb":{"@id":"https:\/\/www.aleenta.com\/huahin\/weddings\/honeymoon-specials\/#breadcrumb"},"inLanguage":"de","potentialAction":[{"@type":"ReadAction","target":["https:\/\/www.aleenta.com\/huahin\/weddings\/honeymoon-specials\/"]}]},{"@type":"BreadcrumbList","@id":"https:\/\/www.aleenta.com\/huahin\/weddings\/honeymoon-specials\/#breadcrumb","itemListElement":[{"@type":"ListItem","position":1,"name":"Home","item":"https:\/\/www.aleenta.com\/"},{"@type":"ListItem","position":2,"name":"Huahin","item":"https:\/\/www.aleenta.com\/huahin\/"},{"@type":"ListItem","position":3,"name":"Weddings","item":"https:\/\/www.aleenta.com\/huahin\/weddings\/"},{"@type":"ListItem","position":4,"name":"Honeymoon Bliss in Hua Hin"}]},{"@type":"WebSite","@id":"https:\/\/www.aleenta.com\/#website","url":"https:\/\/www.aleenta.com\/","name":"Aleenta Resorts","description":"Luxusresorts und Hotels in Thailand","publisher":{"@id":"https:\/\/www.aleenta.com\/#organization"},"potentialAction":[{"@type":"SearchAction","target":{"@type":"EntryPoint","urlTemplate":"https:\/\/www.aleenta.com\/?s={search_term_string}"},"query-input":{"@type":"PropertyValueSpecification","valueRequired":true,"valueName":"search_term_string"}}],"inLanguage":"de"},{"@type":"Organization","@id":"https:\/\/www.aleenta.com\/#organization","name":"Aleenta Resorts","alternateName":"Aleenta","url":"https:\/\/www.aleenta.com\/","logo":{"@type":"ImageObject","inLanguage":"de","@id":"https:\/\/www.aleenta.com\/#\/schema\/logo\/image\/","url":"https:\/\/www.aleenta.com\/wp-content\/uploads\/Aleenta-Logo-Text-1.png","contentUrl":"https:\/\/www.aleenta.com\/wp-content\/uploads\/Aleenta-Logo-Text-1.png","width":924,"height":300,"caption":"Aleenta Resorts"},"image":{"@id":"https:\/\/www.aleenta.com\/#\/schema\/logo\/image\/"}}]}},"_links":{"self":[{"href":"https:\/\/www.aleenta.com\/de\/wp-json\/wp\/v2\/pages\/8674","targetHints":{"allow":["GET"]}}],"collection":[{"href":"https:\/\/www.aleenta.com\/de\/wp-json\/wp\/v2\/pages"}],"about":[{"href":"https:\/\/www.aleenta.com\/de\/wp-json\/wp\/v2\/types\/page"}],"author":[{"embeddable":true,"href":"https:\/\/www.aleenta.com\/de\/wp-json\/wp\/v2\/users\/2"}],"replies":[{"embeddable":true,"href":"https:\/\/www.aleenta.com\/de\/wp-json\/wp\/v2\/comments?post=8674"}],"version-history":[{"count":12,"href":"https:\/\/www.aleenta.com\/de\/wp-json\/wp\/v2\/pages\/8674\/revisions"}],"predecessor-version":[{"id":33013,"href":"https:\/\/www.aleenta.com\/de\/wp-json\/wp\/v2\/pages\/8674\/revisions\/33013"}],"up":[{"embeddable":true,"href":"https:\/\/www.aleenta.com\/de\/wp-json\/wp\/v2\/pages\/8485"}],"wp:attachment":[{"href":"https:\/\/www.aleenta.com\/de\/wp-json\/wp\/v2\/media?parent=8674"}],"wp:term":[{"taxonomy":"retreat-cat","embeddable":true,"href":"https:\/\/www.aleenta.com\/de\/wp-json\/wp\/v2\/retreat-cat?post=8674"},{"taxonomy":"retreat-cat-chiang-mai","embeddable":true,"href":"https:\/\/www.aleenta.com\/de\/wp-json\/wp\/v2\/retreat-cat-chiang-mai?post=8674"},{"taxonomy":"retreat-cat-hua-hin","embeddable":true,"href":"https:\/\/www.aleenta.com\/de\/wp-json\/wp\/v2\/retreat-cat-hua-hin?post=8674"}],"curies":[{"name":"wp","href":"https:\/\/api.w.org\/{rel}","templated":true}]}}