{"id":8687,"date":"2022-06-09T17:34:31","date_gmt":"2022-06-09T10:34:31","guid":{"rendered":"http:\/\/aleenta.bml2l1izss-eqg35n0pk3xn.p.temp-site.link\/?page_id=8687"},"modified":"2024-09-17T00:42:06","modified_gmt":"2024-09-16T17:42:06","slug":"destination-photo-shoot","status":"publish","type":"page","link":"https:\/\/www.aleenta.com\/de\/huahin\/weddings\/destination-photo-shoot\/","title":{"rendered":"Destination Fotoshooting"},"content":{"rendered":"<div data-elementor-type=\"wp-page\" data-elementor-id=\"8687\" class=\"elementor elementor-8687\" data-elementor-post-type=\"page\">\n\t\t\t\t\t\t<section class=\"elementor-section elementor-top-section elementor-element elementor-element-93cb530 elementor-section-content-middle elementor-section-height-min-height elementor-section-items-bottom elementor-section-boxed elementor-section-height-default\" data-id=\"93cb530\" data-element_type=\"section\" data-settings=\"{&quot;background_background&quot;:&quot;classic&quot;,&quot;jet_parallax_layout_list&quot;:[]}\">\n\t\t\t\t\t\t\t<div class=\"elementor-background-overlay\"><\/div>\n\t\t\t\t\t\t\t<div class=\"elementor-container elementor-column-gap-no\">\n\t\t\t\t\t<div class=\"elementor-column elementor-col-100 elementor-top-column elementor-element elementor-element-3413700\" data-id=\"3413700\" data-element_type=\"column\">\n\t\t\t<div class=\"elementor-widget-wrap elementor-element-populated\">\n\t\t\t\t\t\t<div class=\"elementor-element elementor-element-f9504eb elementor-widget elementor-widget-heading\" data-id=\"f9504eb\" data-element_type=\"widget\" data-widget_type=\"heading.default\">\n\t\t\t\t<div class=\"elementor-widget-container\">\n\t\t\t\t\t<h1 class=\"elementor-heading-title elementor-size-default\">Traumhafte Location f\u00fcr Fotoshootings in Hua Hin<\/h1>\t\t\t\t<\/div>\n\t\t\t\t<\/div>\n\t\t\t\t\t<\/div>\n\t\t<\/div>\n\t\t\t\t\t<\/div>\n\t\t<\/section>\n\t\t\t\t<section class=\"elementor-section elementor-top-section elementor-element elementor-element-679c7ea elementor-section-boxed elementor-section-height-default elementor-section-height-default\" data-id=\"679c7ea\" data-element_type=\"section\" data-settings=\"{&quot;jet_parallax_layout_list&quot;:[]}\">\n\t\t\t\t\t\t<div class=\"elementor-container elementor-column-gap-default\">\n\t\t\t\t\t<div class=\"elementor-column elementor-col-100 elementor-top-column elementor-element elementor-element-8a0992b\" data-id=\"8a0992b\" data-element_type=\"column\">\n\t\t\t<div class=\"elementor-widget-wrap elementor-element-populated\">\n\t\t\t\t\t\t<div class=\"elementor-element elementor-element-a57e261 elementor-widget elementor-widget-text-editor\" data-id=\"a57e261\" data-element_type=\"widget\" data-widget_type=\"text-editor.default\">\n\t\t\t\t<div class=\"elementor-widget-container\">\n\t\t\t\t\t\t\t\t\t<p>Erstellen Sie ein ultimatives Liebes- oder Reisezielalbum mit einem Vorhochzeits-, Flitterwochen- oder Reiseziel-Fotoshooting-Erlebnis. Erstellen Sie Ihre perfekte Erinnerung mit atemberaubenden Kulissen, dem endlosen Ozean, unber\u00fchrten Str\u00e4nden und wundersch\u00f6nen H\u00fcgeln als Spielplatz.<\/p><p>\u00a0<\/p><p>Ob es sich um einen l\u00e4ssigen, modernen oder traditionellen Thai-Stil handelt, wir begleiten Sie bei jedem Schritt des Weges, um sicherzustellen, dass alles, was Sie sich w\u00fcnschen, erf\u00fcllt wird. Wir bieten:<\/p>\t\t\t\t\t\t\t\t<\/div>\n\t\t\t\t<\/div>\n\t\t\t\t<div class=\"elementor-element elementor-element-3c551fa elementor-widget elementor-widget-heading\" data-id=\"3c551fa\" data-element_type=\"widget\" data-widget_type=\"heading.default\">\n\t\t\t\t<div class=\"elementor-widget-container\">\n\t\t\t\t\t<h2 class=\"elementor-heading-title elementor-size-default\">Verwendung vor dem Hochzeitstag <\/h2>\t\t\t\t<\/div>\n\t\t\t\t<\/div>\n\t\t\t\t<div class=\"elementor-element elementor-element-fa182ab elementor-widget elementor-widget-text-editor\" data-id=\"fa182ab\" data-element_type=\"widget\" data-widget_type=\"text-editor.default\">\n\t\t\t\t<div class=\"elementor-widget-container\">\n\t\t\t\t\t\t\t\t\t<ul><li><p>Tagesnutzung der Ocean View Residence von 6:00 bis 16:00 Uhr<\/p><\/li><li><p>Zugang zum \u00f6ffentlichen Bereich des Resorts, zum Essen, zum Pool und zum Garten f\u00fcr den Drehort<\/p><\/li><li><p>Begr\u00fc\u00dfungsgetr\u00e4nke bei der Ankunft<\/p><\/li><li><p>Aleenta Gourmet-Fr\u00fchst\u00fcck f\u00fcr das Paar<\/p><\/li><li><p>Ein romantisches Mittagsmen\u00fc f\u00fcr das Paar beinhaltet alkoholfreie Getr\u00e4nke<\/p><\/li><li><p>Dekorationen: Blumenkunst mit Bambus und LOVE-Charakter am Strand<\/p><\/li><\/ul>\t\t\t\t\t\t\t\t<\/div>\n\t\t\t\t<\/div>\n\t\t\t\t<div class=\"elementor-element elementor-element-a960ddb elementor-widget elementor-widget-heading\" data-id=\"a960ddb\" data-element_type=\"widget\" data-widget_type=\"heading.default\">\n\t\t\t\t<div class=\"elementor-widget-container\">\n\t\t\t\t\t<h2 class=\"elementor-heading-title elementor-size-default\">Aufenthalt vor der Hochzeit<\/h2>\t\t\t\t<\/div>\n\t\t\t\t<\/div>\n\t\t\t\t<div class=\"elementor-element elementor-element-b3ec0f1 elementor-widget elementor-widget-text-editor\" data-id=\"b3ec0f1\" data-element_type=\"widget\" data-widget_type=\"text-editor.default\">\n\t\t\t\t<div class=\"elementor-widget-container\">\n\t\t\t\t\t\t\t\t\t<ul><li><p>Eine \u00dcbernachtung in der Ocean View Residence (Check-in um 14:00 Uhr)<\/p><\/li><li><p>Zugang zum \u00f6ffentlichen Bereich des Resorts, zum Essen, zum Pool und zum Garten f\u00fcr den Drehort<\/p><\/li><li><p>Begr\u00fc\u00dfungsgetr\u00e4nke bei der Ankunft<\/p><\/li><li><p>Aleenta Gourmet-Fr\u00fchst\u00fcck f\u00fcr das Paar<\/p><\/li><li><p>Romantisches Abendessen f\u00fcr das Paar, inklusive 2 Gl\u00e4ser Hauswein<\/p><\/li><li><p>Dekorationen: Blumenkunst mit Bambus und LOVE-Charakter am Strand<\/p><\/li><li><p>Haare &amp; Make-up (2 Std.)<\/p><\/li><li><p>Professioneller Fotograf (4 Std.)<\/p><\/li><\/ul>\t\t\t\t\t\t\t\t<\/div>\n\t\t\t\t<\/div>\n\t\t\t\t<div class=\"elementor-element elementor-element-628da45 elementor-widget elementor-widget-text-editor\" data-id=\"628da45\" data-element_type=\"widget\" data-widget_type=\"text-editor.default\">\n\t\t\t\t<div class=\"elementor-widget-container\">\n\t\t\t\t\t\t\t\t\t<h4>Notiz:<\/h4><p>Die Auswahl der Veranstaltungsorte im Innen- und Au\u00dfenbereich h\u00e4ngt von den Wetterbedingungen ab.<\/p><p>Andere Anforderungen sind gegen Aufpreis erh\u00e4ltlich.<\/p><p>Die oben genannten Paketpreise unterliegen der staatlichen Steuer von 7% und der Servicegeb\u00fchr von 10%.<\/p><p>\u00a0<\/p><p>Weitere Informationen zu unserem <a href=\"\/de\/huahin\/weddings\/\">Hochzeiten am Strand<\/a>, Reservierung oder individuelle Angebote, wenden Sie sich bitte an\u00a0<a href=\"mailto:weddings.ahh@aleenta.com\">weddings.ahh@aleenta.com<\/a><\/p>\t\t\t\t\t\t\t\t<\/div>\n\t\t\t\t<\/div>\n\t\t\t\t\t<\/div>\n\t\t<\/div>\n\t\t\t\t\t<\/div>\n\t\t<\/section>\n\t\t\t\t<\/div>","protected":false},"excerpt":{"rendered":"<p>Pre-Wedding, Honeymoon or Hua Hin Travel Photo Shoot Location Create an ultimate romance or destination album with a pre-wedding,\u00a0honeymoon\u00a0or destination [&hellip;]<\/p>\n","protected":false},"author":2,"featured_media":0,"parent":8485,"menu_order":0,"comment_status":"closed","ping_status":"closed","template":"","meta":{"_acf_changed":false,"site-sidebar-layout":"no-sidebar","site-content-layout":"page-builder","ast-site-content-layout":"full-width-container","site-content-style":"unboxed","site-sidebar-style":"unboxed","ast-global-header-display":"","ast-banner-title-visibility":"","ast-main-header-display":"","ast-hfb-above-header-display":"","ast-hfb-below-header-display":"","ast-hfb-mobile-header-display":"","site-post-title":"disabled","ast-breadcrumbs-content":"","ast-featured-img":"disabled","footer-sml-layout":"","ast-disable-related-posts":"","theme-transparent-header-meta":"default","adv-header-id-meta":"","stick-header-meta":"default","header-above-stick-meta":"","header-main-stick-meta":"","header-below-stick-meta":"","astra-migrate-meta-layouts":"set","ast-page-background-enabled":"default","ast-page-background-meta":{"desktop":{"background-color":"var(--ast-global-color-4)","background-image":"","background-repeat":"repeat","background-position":"center center","background-size":"auto","background-attachment":"scroll","background-type":"","background-media":"","overlay-type":"","overlay-color":"","overlay-opacity":"","overlay-gradient":""},"tablet":{"background-color":"","background-image":"","background-repeat":"repeat","background-position":"center center","background-size":"auto","background-attachment":"scroll","background-type":"","background-media":"","overlay-type":"","overlay-color":"","overlay-opacity":"","overlay-gradient":""},"mobile":{"background-color":"","background-image":"","background-repeat":"repeat","background-position":"center center","background-size":"auto","background-attachment":"scroll","background-type":"","background-media":"","overlay-type":"","overlay-color":"","overlay-opacity":"","overlay-gradient":""}},"ast-content-background-meta":{"desktop":{"background-color":"var(--ast-global-color-5)","background-image":"","background-repeat":"repeat","background-position":"center center","background-size":"auto","background-attachment":"scroll","background-type":"","background-media":"","overlay-type":"","overlay-color":"","overlay-opacity":"","overlay-gradient":""},"tablet":{"background-color":"var(--ast-global-color-5)","background-image":"","background-repeat":"repeat","background-position":"center center","background-size":"auto","background-attachment":"scroll","background-type":"","background-media":"","overlay-type":"","overlay-color":"","overlay-opacity":"","overlay-gradient":""},"mobile":{"background-color":"var(--ast-global-color-5)","background-image":"","background-repeat":"repeat","background-position":"center center","background-size":"auto","background-attachment":"scroll","background-type":"","background-media":"","overlay-type":"","overlay-color":"","overlay-opacity":"","overlay-gradient":""}},"footnotes":""},"retreat-cat":[],"retreat-cat-chiang-mai":[],"retreat-cat-hua-hin":[],"class_list":["post-8687","page","type-page","status-publish","hentry"],"acf":[],"yoast_head":"<!-- This site is optimized with the Yoast SEO plugin v27.3 - https:\/\/yoast.com\/product\/yoast-seo-wordpress\/ -->\n<title>Wedding &amp; Travel Photo Shoot Location - Aleenta Hua Hin Resort &amp; Spa<\/title>\n<meta name=\"description\" content=\"Create an ultimate romance or destination album with a pre-wedding, honeymoon or destination photo shoot experience.\" \/>\n<meta name=\"robots\" content=\"index, follow, max-snippet:-1, max-image-preview:large, max-video-preview:-1\" \/>\n<link rel=\"canonical\" href=\"https:\/\/www.aleenta.com\/de\/huahin\/weddings\/destination-photo-shoot\/\" \/>\n<meta property=\"og:locale\" content=\"de_DE\" \/>\n<meta property=\"og:type\" content=\"article\" \/>\n<meta property=\"og:title\" content=\"Wedding &amp; Travel Photo Shoot Location - Aleenta Hua Hin Resort &amp; Spa\" \/>\n<meta property=\"og:description\" content=\"Create an ultimate romance or destination album with a pre-wedding, honeymoon or destination photo shoot experience.\" \/>\n<meta property=\"og:url\" content=\"https:\/\/www.aleenta.com\/de\/huahin\/weddings\/destination-photo-shoot\/\" \/>\n<meta property=\"og:site_name\" content=\"Aleenta Resorts\" \/>\n<meta property=\"article:modified_time\" content=\"2024-09-16T17:42:06+00:00\" \/>\n<meta name=\"twitter:card\" content=\"summary_large_image\" \/>\n<script type=\"application\/ld+json\" class=\"yoast-schema-graph\">{\"@context\":\"https:\\\/\\\/schema.org\",\"@graph\":[{\"@type\":\"WebPage\",\"@id\":\"https:\\\/\\\/www.aleenta.com\\\/huahin\\\/weddings\\\/destination-photo-shoot\\\/\",\"url\":\"https:\\\/\\\/www.aleenta.com\\\/huahin\\\/weddings\\\/destination-photo-shoot\\\/\",\"name\":\"Wedding & Travel Photo Shoot Location - Aleenta Hua Hin Resort & Spa\",\"isPartOf\":{\"@id\":\"https:\\\/\\\/www.aleenta.com\\\/#website\"},\"datePublished\":\"2022-06-09T10:34:31+00:00\",\"dateModified\":\"2024-09-16T17:42:06+00:00\",\"description\":\"Create an ultimate romance or destination album with a pre-wedding, honeymoon or destination photo shoot experience.\",\"breadcrumb\":{\"@id\":\"https:\\\/\\\/www.aleenta.com\\\/huahin\\\/weddings\\\/destination-photo-shoot\\\/#breadcrumb\"},\"inLanguage\":\"de\",\"potentialAction\":[{\"@type\":\"ReadAction\",\"target\":[\"https:\\\/\\\/www.aleenta.com\\\/huahin\\\/weddings\\\/destination-photo-shoot\\\/\"]}]},{\"@type\":\"BreadcrumbList\",\"@id\":\"https:\\\/\\\/www.aleenta.com\\\/huahin\\\/weddings\\\/destination-photo-shoot\\\/#breadcrumb\",\"itemListElement\":[{\"@type\":\"ListItem\",\"position\":1,\"name\":\"Home\",\"item\":\"https:\\\/\\\/www.aleenta.com\\\/\"},{\"@type\":\"ListItem\",\"position\":2,\"name\":\"Huahin\",\"item\":\"https:\\\/\\\/www.aleenta.com\\\/huahin\\\/\"},{\"@type\":\"ListItem\",\"position\":3,\"name\":\"Weddings\",\"item\":\"https:\\\/\\\/www.aleenta.com\\\/huahin\\\/weddings\\\/\"},{\"@type\":\"ListItem\",\"position\":4,\"name\":\"Destination photo shoot\"}]},{\"@type\":\"WebSite\",\"@id\":\"https:\\\/\\\/www.aleenta.com\\\/#website\",\"url\":\"https:\\\/\\\/www.aleenta.com\\\/\",\"name\":\"Aleenta Resorts\",\"description\":\"Luxury Resorts &amp; Hotels in Thailand\",\"publisher\":{\"@id\":\"https:\\\/\\\/www.aleenta.com\\\/#organization\"},\"potentialAction\":[{\"@type\":\"SearchAction\",\"target\":{\"@type\":\"EntryPoint\",\"urlTemplate\":\"https:\\\/\\\/www.aleenta.com\\\/?s={search_term_string}\"},\"query-input\":{\"@type\":\"PropertyValueSpecification\",\"valueRequired\":true,\"valueName\":\"search_term_string\"}}],\"inLanguage\":\"de\"},{\"@type\":\"Organization\",\"@id\":\"https:\\\/\\\/www.aleenta.com\\\/#organization\",\"name\":\"Aleenta Resorts\",\"alternateName\":\"Aleenta\",\"url\":\"https:\\\/\\\/www.aleenta.com\\\/\",\"logo\":{\"@type\":\"ImageObject\",\"inLanguage\":\"de\",\"@id\":\"https:\\\/\\\/www.aleenta.com\\\/#\\\/schema\\\/logo\\\/image\\\/\",\"url\":\"https:\\\/\\\/www.aleenta.com\\\/wp-content\\\/uploads\\\/Aleenta-Logo-Text-1.png\",\"contentUrl\":\"https:\\\/\\\/www.aleenta.com\\\/wp-content\\\/uploads\\\/Aleenta-Logo-Text-1.png\",\"width\":924,\"height\":300,\"caption\":\"Aleenta Resorts\"},\"image\":{\"@id\":\"https:\\\/\\\/www.aleenta.com\\\/#\\\/schema\\\/logo\\\/image\\\/\"}}]}<\/script>\n<!-- \/ Yoast SEO plugin. -->","yoast_head_json":{"title":"Fotoshooting | Aleenta Hua Hin","description":"Halten Sie Ihre traumhaften Momente f\u00fcr immer fest &amp; erleben Sie ein einzigartiges Fotoshooting an einer traumhaften Location \u00bb Mehr erfahren","robots":{"index":"index","follow":"follow","max-snippet":"max-snippet:-1","max-image-preview":"max-image-preview:large","max-video-preview":"max-video-preview:-1"},"canonical":"https:\/\/www.aleenta.com\/de\/huahin\/weddings\/destination-photo-shoot\/","og_locale":"de_DE","og_type":"article","og_title":"Wedding & Travel Photo Shoot Location - Aleenta Hua Hin Resort & Spa","og_description":"Create an ultimate romance or destination album with a pre-wedding, honeymoon or destination photo shoot experience.","og_url":"https:\/\/www.aleenta.com\/de\/huahin\/weddings\/destination-photo-shoot\/","og_site_name":"Aleenta Resorts","article_modified_time":"2024-09-16T17:42:06+00:00","twitter_card":"summary_large_image","schema":{"@context":"https:\/\/schema.org","@graph":[{"@type":"WebPage","@id":"https:\/\/www.aleenta.com\/huahin\/weddings\/destination-photo-shoot\/","url":"https:\/\/www.aleenta.com\/huahin\/weddings\/destination-photo-shoot\/","name":"Fotoshooting | Aleenta Hua Hin","isPartOf":{"@id":"https:\/\/www.aleenta.com\/#website"},"datePublished":"2022-06-09T10:34:31+00:00","dateModified":"2024-09-16T17:42:06+00:00","description":"Halten Sie Ihre traumhaften Momente f\u00fcr immer fest &amp; erleben Sie ein einzigartiges Fotoshooting an einer traumhaften Location \u00bb Mehr erfahren","breadcrumb":{"@id":"https:\/\/www.aleenta.com\/huahin\/weddings\/destination-photo-shoot\/#breadcrumb"},"inLanguage":"de","potentialAction":[{"@type":"ReadAction","target":["https:\/\/www.aleenta.com\/huahin\/weddings\/destination-photo-shoot\/"]}]},{"@type":"BreadcrumbList","@id":"https:\/\/www.aleenta.com\/huahin\/weddings\/destination-photo-shoot\/#breadcrumb","itemListElement":[{"@type":"ListItem","position":1,"name":"Home","item":"https:\/\/www.aleenta.com\/"},{"@type":"ListItem","position":2,"name":"Huahin","item":"https:\/\/www.aleenta.com\/huahin\/"},{"@type":"ListItem","position":3,"name":"Weddings","item":"https:\/\/www.aleenta.com\/huahin\/weddings\/"},{"@type":"ListItem","position":4,"name":"Destination photo shoot"}]},{"@type":"WebSite","@id":"https:\/\/www.aleenta.com\/#website","url":"https:\/\/www.aleenta.com\/","name":"Aleenta Resorts","description":"Luxusresorts und Hotels in Thailand","publisher":{"@id":"https:\/\/www.aleenta.com\/#organization"},"potentialAction":[{"@type":"SearchAction","target":{"@type":"EntryPoint","urlTemplate":"https:\/\/www.aleenta.com\/?s={search_term_string}"},"query-input":{"@type":"PropertyValueSpecification","valueRequired":true,"valueName":"search_term_string"}}],"inLanguage":"de"},{"@type":"Organization","@id":"https:\/\/www.aleenta.com\/#organization","name":"Aleenta Resorts","alternateName":"Aleenta","url":"https:\/\/www.aleenta.com\/","logo":{"@type":"ImageObject","inLanguage":"de","@id":"https:\/\/www.aleenta.com\/#\/schema\/logo\/image\/","url":"https:\/\/www.aleenta.com\/wp-content\/uploads\/Aleenta-Logo-Text-1.png","contentUrl":"https:\/\/www.aleenta.com\/wp-content\/uploads\/Aleenta-Logo-Text-1.png","width":924,"height":300,"caption":"Aleenta Resorts"},"image":{"@id":"https:\/\/www.aleenta.com\/#\/schema\/logo\/image\/"}}]}},"_links":{"self":[{"href":"https:\/\/www.aleenta.com\/de\/wp-json\/wp\/v2\/pages\/8687","targetHints":{"allow":["GET"]}}],"collection":[{"href":"https:\/\/www.aleenta.com\/de\/wp-json\/wp\/v2\/pages"}],"about":[{"href":"https:\/\/www.aleenta.com\/de\/wp-json\/wp\/v2\/types\/page"}],"author":[{"embeddable":true,"href":"https:\/\/www.aleenta.com\/de\/wp-json\/wp\/v2\/users\/2"}],"replies":[{"embeddable":true,"href":"https:\/\/www.aleenta.com\/de\/wp-json\/wp\/v2\/comments?post=8687"}],"version-history":[{"count":3,"href":"https:\/\/www.aleenta.com\/de\/wp-json\/wp\/v2\/pages\/8687\/revisions"}],"predecessor-version":[{"id":20866,"href":"https:\/\/www.aleenta.com\/de\/wp-json\/wp\/v2\/pages\/8687\/revisions\/20866"}],"up":[{"embeddable":true,"href":"https:\/\/www.aleenta.com\/de\/wp-json\/wp\/v2\/pages\/8485"}],"wp:attachment":[{"href":"https:\/\/www.aleenta.com\/de\/wp-json\/wp\/v2\/media?parent=8687"}],"wp:term":[{"taxonomy":"retreat-cat","embeddable":true,"href":"https:\/\/www.aleenta.com\/de\/wp-json\/wp\/v2\/retreat-cat?post=8687"},{"taxonomy":"retreat-cat-chiang-mai","embeddable":true,"href":"https:\/\/www.aleenta.com\/de\/wp-json\/wp\/v2\/retreat-cat-chiang-mai?post=8687"},{"taxonomy":"retreat-cat-hua-hin","embeddable":true,"href":"https:\/\/www.aleenta.com\/de\/wp-json\/wp\/v2\/retreat-cat-hua-hin?post=8687"}],"curies":[{"name":"wp","href":"https:\/\/api.w.org\/{rel}","templated":true}]}}