{"id":9227,"date":"2022-06-15T14:34:31","date_gmt":"2022-06-15T07:34:31","guid":{"rendered":"http:\/\/aleenta.bml2l1izss-eqg35n0pk3xn.p.temp-site.link\/?page_id=9227"},"modified":"2025-10-14T15:35:27","modified_gmt":"2025-10-14T08:35:27","slug":"accommodation","status":"publish","type":"page","link":"https:\/\/www.aleenta.com\/de\/chiang-mai\/accommodation\/","title":{"rendered":"Unterkunft im \u00dcberblick"},"content":{"rendered":"<div data-elementor-type=\"wp-page\" data-elementor-id=\"9227\" class=\"elementor elementor-9227\" data-elementor-post-type=\"page\">\n\t\t\t\t\t\t<section class=\"elementor-section elementor-top-section elementor-element elementor-element-91e5c22 elementor-section-content-middle elementor-section-height-min-height elementor-section-items-bottom elementor-section-boxed elementor-section-height-default\" data-id=\"91e5c22\" data-element_type=\"section\" data-settings=\"{&quot;background_background&quot;:&quot;classic&quot;,&quot;jet_parallax_layout_list&quot;:[]}\">\n\t\t\t\t\t\t\t<div class=\"elementor-background-overlay\"><\/div>\n\t\t\t\t\t\t\t<div class=\"elementor-container elementor-column-gap-no\">\n\t\t\t\t\t<div class=\"elementor-column elementor-col-100 elementor-top-column elementor-element elementor-element-ba6f843\" data-id=\"ba6f843\" data-element_type=\"column\">\n\t\t\t<div class=\"elementor-widget-wrap elementor-element-populated\">\n\t\t\t\t\t\t<div class=\"elementor-element elementor-element-fed609a elementor-widget elementor-widget-heading\" data-id=\"fed609a\" data-element_type=\"widget\" data-widget_type=\"heading.default\">\n\t\t\t\t<div class=\"elementor-widget-container\">\n\t\t\t\t\t<h1 class=\"elementor-heading-title elementor-size-default\">Ihre Unterkunft <br>Unterkunft im \u00dcberblick<\/h1>\t\t\t\t<\/div>\n\t\t\t\t<\/div>\n\t\t\t\t\t<\/div>\n\t\t<\/div>\n\t\t\t\t\t<\/div>\n\t\t<\/section>\n\t\t<div class=\"elementor-element elementor-element-852cb5a e-flex e-con-boxed e-con e-parent\" data-id=\"852cb5a\" data-element_type=\"container\" data-settings=\"{&quot;jet_parallax_layout_list&quot;:[]}\">\n\t\t\t\t\t<div class=\"e-con-inner\">\n\t\t\t\t<div class=\"elementor-element elementor-element-4dc4bbc elementor-widget elementor-widget-text-editor\" data-id=\"4dc4bbc\" data-element_type=\"widget\" data-widget_type=\"text-editor.default\">\n\t\t\t\t<div class=\"elementor-widget-container\">\n\t\t\t\t\t\t\t\t\t<p>\u00a0<\/p><p>Willkommen zu Ihrem Traumurlaub! Unser wundersch\u00f6nes Retreat bietet Ihnen die perfekte Unterkunft in Chiang Mai f\u00fcr einen unvergesslichen Urlaub in Thailands zauberhaftem Norden. In den hochwertig ausgestatteten Zimmern und Villen haben Sie die M\u00f6glichkeit, den stressigen Alltag einfach mal hinter sich zu lassen und zu entspannen.<br \/>W\u00e4hlen Sie Ihre Lieblingsunterkunft aus unserem fantastischen Angebot. Vom 45 m\u00b2 gro\u00dfen Luxuszimmer bis zum pr\u00e4chtigen 300 m\u00b2<a href=\"https:\/\/www.aleenta.com\/de\/chiang-mai\/accommodation\/4-bedroom-golden-teak-villa\/\"> Villa aus goldenem Teakholz<\/a>gibt es f\u00fcr jeden einen Sehnsuchtsort. Entspannen Sie auf Ihrem Balkon, am Pool oder in einem bequemen Doppelbett mit hochwertiger Bettw\u00e4sche aus \u00e4gyptischer Baumwolle. Unsere Residenzen und die Villa verf\u00fcgen sogar \u00fcber einen eigenen Pool \u2013 das Resort verf\u00fcgt aber auch \u00fcber einen Gemeinschaftspool, an dem alle G\u00e4ste entspannen k\u00f6nnen.<\/p>\t\t\t\t\t\t\t\t<\/div>\n\t\t\t\t<\/div>\n\t\t\t\t\t<\/div>\n\t\t\t\t<\/div>\n\t\t<div class=\"elementor-element elementor-element-25f14c3 e-flex e-con-boxed e-con e-parent\" data-id=\"25f14c3\" data-element_type=\"container\" data-settings=\"{&quot;jet_parallax_layout_list&quot;:[]}\">\n\t\t\t\t\t<div class=\"e-con-inner\">\n\t\t\t\t<div class=\"elementor-element elementor-element-fea3ef1 elementor-widget elementor-widget-text-editor\" data-id=\"fea3ef1\" data-element_type=\"widget\" data-widget_type=\"text-editor.default\">\n\t\t\t\t<div class=\"elementor-widget-container\">\n\t\t\t\t\t\t\t\t\t<h2>\u00a0<\/h2><h2>Zimmer &amp; Villen<\/h2><p>Entdecken Sie unsere stilvoll designten Zimmer, Residenzen und Villen. Unsere zauberhaften Unterk\u00fcnfte in Chiang Mai bieten Ihnen jede Menge Platz zum Erholen, Tr\u00e4umen und Wohlf\u00fchlen. Machen Sie es sich gem\u00fctlich und genie\u00dfen Sie Ihre Auszeit bei uns.<\/p>\t\t\t\t\t\t\t\t<\/div>\n\t\t\t\t<\/div>\n\t\t\t\t\t<\/div>\n\t\t\t\t<\/div>\n\t\t\t\t<section class=\"elementor-section elementor-top-section elementor-element elementor-element-226428a elementor-section-boxed elementor-section-height-default elementor-section-height-default\" data-id=\"226428a\" data-element_type=\"section\" data-settings=\"{&quot;jet_parallax_layout_list&quot;:[]}\">\n\t\t\t\t\t\t<div class=\"elementor-container elementor-column-gap-default\">\n\t\t\t\t\t<div class=\"elementor-column elementor-col-100 elementor-top-column elementor-element elementor-element-be88d92\" data-id=\"be88d92\" data-element_type=\"column\">\n\t\t\t<div class=\"elementor-widget-wrap elementor-element-populated\">\n\t\t\t\t\t\t<div class=\"elementor-element elementor-element-7f81155 elementor-widget elementor-widget-template\" data-id=\"7f81155\" data-element_type=\"widget\" data-widget_type=\"template.default\">\n\t\t\t\t<div class=\"elementor-widget-container\">\n\t\t\t\t\t\t\t<div class=\"elementor-template\">\n\t\t\t\t\t<div data-elementor-type=\"page\" data-elementor-id=\"9269\" class=\"elementor elementor-9269\" data-elementor-post-type=\"elementor_library\">\n\t\t\t\t\t\t<section class=\"elementor-section elementor-top-section elementor-element elementor-element-52c180f elementor-section-boxed elementor-section-height-default elementor-section-height-default\" data-id=\"52c180f\" data-element_type=\"section\" data-settings=\"{&quot;jet_parallax_layout_list&quot;:[]}\">\n\t\t\t\t\t\t<div class=\"elementor-container elementor-column-gap-default\">\n\t\t\t\t\t<div class=\"elementor-column elementor-col-100 elementor-top-column elementor-element elementor-element-5e2d46e\" data-id=\"5e2d46e\" data-element_type=\"column\">\n\t\t\t<div class=\"elementor-widget-wrap elementor-element-populated\">\n\t\t\t\t\t\t<div class=\"elementor-element elementor-element-da7ea5a elementor-widget elementor-widget-jet-carousel\" data-id=\"da7ea5a\" data-element_type=\"widget\" data-settings=\"{&quot;slides_to_show&quot;:&quot;3&quot;,&quot;slides_to_show_mobile&quot;:&quot;1&quot;,&quot;slides_to_scroll&quot;:&quot;1&quot;}\" data-widget_type=\"jet-carousel.default\">\n\t\t\t\t<div class=\"elementor-widget-container\">\n\t\t\t\t\t<div class=\"elementor-jet-carousel jet-elements\"><div class=\"jet-carousel-wrap\">\n\t<div class=\"jet-carousel\" data-slider_options=\"{&quot;autoplaySpeed&quot;:5000,&quot;autoplay&quot;:true,&quot;infinite&quot;:true,&quot;centerMode&quot;:false,&quot;centerPadding&quot;:&quot;50px&quot;,&quot;pauseOnHover&quot;:false,&quot;speed&quot;:500,&quot;arrows&quot;:true,&quot;dots&quot;:false,&quot;variableWidth&quot;:false,&quot;prevArrow&quot;:&quot;.jet-carousel__prev-arrow-da7ea5a&quot;,&quot;nextArrow&quot;:&quot;.jet-carousel__next-arrow-da7ea5a&quot;,&quot;rtl&quot;:false,&quot;fractionNav&quot;:false}\" dir=\"ltr\">\n\t<div class=\"elementor-slick-slider\">\n\n<div class=\"jet-carousel__item\">\n\t<div class=\"jet-carousel__item-inner\"><a href=\"https:\/\/www.aleenta.com\/de\/chiang-mai\/accommodation\/deluxe-room\/\" class=\"jet-carousel__item-link\" ><img decoding=\"async\" src=\"https:\/\/www.aleenta.com\/wp-content\/uploads\/Aleenta-Chiang-Mai-Deluxe-Rooms-preview.jpg\" class=\"jet-carousel__item-img\" alt=\"Deluxe Zimmer\" loading=\"lazy\"><\/a><div class=\"jet-carousel__content\"><h3 class=\"jet-carousel__item-title\">Luxuszimmer mit eigenem Balkon<\/h3><\/div><\/div>\n<\/div>\n\n<div class=\"jet-carousel__item\">\n\t<div class=\"jet-carousel__item-inner\"><a href=\"https:\/\/www.aleenta.com\/de\/chiang-mai\/accommodation\/club-balcony-rooms\/\" class=\"jet-carousel__item-link\" ><img decoding=\"async\" src=\"https:\/\/www.aleenta.com\/wp-content\/uploads\/Club-Rooms-Thumbnail.jpg\" class=\"jet-carousel__item-img\" alt=\"Club Zimmer Miniatur\" loading=\"lazy\"><\/a><div class=\"jet-carousel__content\"><h3 class=\"jet-carousel__item-title\">Club-Zimmer mit Balkon<\/h3><\/div><\/div>\n<\/div>\n\n<div class=\"jet-carousel__item\">\n\t<div class=\"jet-carousel__item-inner\"><a href=\"https:\/\/www.aleenta.com\/de\/chiang-mai\/accommodation\/1-bedroom-pool-residence\/\" class=\"jet-carousel__item-link\" ><img decoding=\"async\" src=\"https:\/\/www.aleenta.com\/wp-content\/uploads\/Aleenta-Chiang-Mai-1-Bed-Pool-Villa-preview.jpg\" class=\"jet-carousel__item-img\" alt=\"Poolresidenz mit 1 Schlafzimmer\" loading=\"lazy\"><\/a><div class=\"jet-carousel__content\"><h3 class=\"jet-carousel__item-title\">Poolresidenz mit 1 Schlafzimmer<\/h3><\/div><\/div>\n<\/div>\n\n<div class=\"jet-carousel__item\">\n\t<div class=\"jet-carousel__item-inner\"><a href=\"https:\/\/www.aleenta.com\/de\/chiang-mai\/accommodation\/2-bedroom-pool-residence\/\" class=\"jet-carousel__item-link\" ><img decoding=\"async\" src=\"https:\/\/www.aleenta.com\/wp-content\/uploads\/Aleenta-Chiang-Mai-2-Bed-Pool-Villa-preview.jpg\" class=\"jet-carousel__item-img\" alt=\"Aleenta Chiang Mai 2-Bett-Poolvilla\" loading=\"lazy\"><\/a><div class=\"jet-carousel__content\"><h3 class=\"jet-carousel__item-title\">Poolresidenz mit 2 Schlafzimmern und Pool<\/h3><\/div><\/div>\n<\/div>\n\n<div class=\"jet-carousel__item\">\n\t<div class=\"jet-carousel__item-inner\"><a href=\"https:\/\/www.aleenta.com\/de\/chiang-mai\/accommodation\/4-bedroom-golden-teak-villa\/\" class=\"jet-carousel__item-link\" ><img decoding=\"async\" src=\"https:\/\/www.aleenta.com\/wp-content\/uploads\/4-Bedroom-Golden-Teak-Villa-Master-Bedroom-1.jpg\" class=\"jet-carousel__item-img\" alt=\"Villa aus goldenem Teakholz mit 4 Schlafzimmern und Pool\" loading=\"lazy\"><\/a><div class=\"jet-carousel__content\"><h3 class=\"jet-carousel__item-title\">Villa aus goldenem Teakholz mit 4 Schlafzimmern und Pool<\/h3><\/div><\/div>\n<\/div>\n<\/div><div class=\"jet-carousel__prev-arrow-da7ea5a jet-arrow prev-arrow\"><svg aria-hidden=\"true\" class=\"e-font-icon-svg e-fas-angle-left\" viewbox=\"0 0 256 512\" xmlns=\"http:\/\/www.w3.org\/2000\/svg\"><path d=\"M31.7 239l136-136c9.4-9.4 24.6-9.4 33.9 0l22.6 22.6c9.4 9.4 9.4 24.6 0 33.9L127.9 256l96.4 96.4c9.4 9.4 9.4 24.6 0 33.9L201.7 409c-9.4 9.4-24.6 9.4-33.9 0l-136-136c-9.5-9.4-9.5-24.6-.1-34z\"><\/path><\/svg><\/div><div class=\"jet-carousel__next-arrow-da7ea5a jet-arrow next-arrow\"><svg aria-hidden=\"true\" class=\"e-font-icon-svg e-fas-angle-right\" viewbox=\"0 0 256 512\" xmlns=\"http:\/\/www.w3.org\/2000\/svg\"><path d=\"M224.3 273l-136 136c-9.4 9.4-24.6 9.4-33.9 0l-22.6-22.6c-9.4-9.4-9.4-24.6 0-33.9l96.4-96.4-96.4-96.4c-9.4-9.4-9.4-24.6 0-33.9L54.3 103c9.4-9.4 24.6-9.4 33.9 0l136 136c9.5 9.4 9.5 24.6.1 34z\"><\/path><\/svg><\/div><\/div>\n<\/div>\n<\/div>\t\t\t\t<\/div>\n\t\t\t\t<\/div>\n\t\t\t\t\t<\/div>\n\t\t<\/div>\n\t\t\t\t\t<\/div>\n\t\t<\/section>\n\t\t\t\t<\/div>\n\t\t\t\t<\/div>\n\t\t\t\t\t\t<\/div>\n\t\t\t\t<\/div>\n\t\t\t\t<div class=\"elementor-element elementor-element-d0b3d77 elementor-widget elementor-widget-heading\" data-id=\"d0b3d77\" data-element_type=\"widget\" data-widget_type=\"heading.default\">\n\t\t\t\t<div class=\"elementor-widget-container\">\n\t\t\t\t\t<h2 class=\"elementor-heading-title elementor-size-default\">Mehr entdecken<\/h2>\t\t\t\t<\/div>\n\t\t\t\t<\/div>\n\t\t\t\t<div class=\"elementor-element elementor-element-7ec62ce elementor-widget elementor-widget-text-editor\" data-id=\"7ec62ce\" data-element_type=\"widget\" data-widget_type=\"text-editor.default\">\n\t\t\t\t<div class=\"elementor-widget-container\">\n\t\t\t\t\t\t\t\t\t<h3><a href=\"https:\/\/www.aleenta.com\/de\/chiang-mai\/dining\/\">Kulinarik<\/a><\/h3><p>Entdecken Sie die vielf\u00e4ltigen Aromen Thailands und genie\u00dfen Sie grandiose K\u00f6stlichkeiten in unseren Restaurants.<\/p><p>\u00a0<\/p><h3><a href=\"https:\/\/www.aleenta.com\/de\/chiang-mai\/spa\/\">Ayurah Spa &amp; Wellness Center<\/a><\/h3><p>Entfliehen Sie dem Alltag und erleben Sie pure Erholung in unseren Spa &amp; Wellness Center.<\/p><p>\u00a0<\/p><h3><a href=\"https:\/\/www.aleenta.com\/de\/chiang-mai\/special-offers\/\">Angebote &amp; Pakete<\/a><\/h3><p>Mit unseren liebevoll zusammengestellten Paketen wird Ihr Thailandurlaub zum unvergesslichen Erlebnis.<\/p>\t\t\t\t\t\t\t\t<\/div>\n\t\t\t\t<\/div>\n\t\t\t\t\t<\/div>\n\t\t<\/div>\n\t\t\t\t\t<\/div>\n\t\t<\/section>\n\t\t<div class=\"elementor-element elementor-element-302a319 e-flex e-con-boxed e-con e-parent\" data-id=\"302a319\" data-element_type=\"container\" data-settings=\"{&quot;jet_parallax_layout_list&quot;:[]}\">\n\t\t\t\t\t<div class=\"e-con-inner\">\n\t\t\t\t\t<\/div>\n\t\t\t\t<\/div>\n\t\t\t\t<\/div>","protected":false},"excerpt":{"rendered":"<p>Chiang Mai Retreat Accommodation \u00a0 Welcome to your dream vacation! Our beautiful retreat offers you the perfect accommodation in Chiang [&hellip;]<\/p>\n","protected":false},"author":2,"featured_media":13239,"parent":9215,"menu_order":0,"comment_status":"closed","ping_status":"closed","template":"","meta":{"_acf_changed":false,"site-sidebar-layout":"no-sidebar","site-content-layout":"page-builder","ast-site-content-layout":"full-width-container","site-content-style":"unboxed","site-sidebar-style":"unboxed","ast-global-header-display":"","ast-banner-title-visibility":"","ast-main-header-display":"","ast-hfb-above-header-display":"","ast-hfb-below-header-display":"","ast-hfb-mobile-header-display":"","site-post-title":"disabled","ast-breadcrumbs-content":"","ast-featured-img":"disabled","footer-sml-layout":"","ast-disable-related-posts":"","theme-transparent-header-meta":"default","adv-header-id-meta":"","stick-header-meta":"default","header-above-stick-meta":"","header-main-stick-meta":"","header-below-stick-meta":"","astra-migrate-meta-layouts":"set","ast-page-background-enabled":"default","ast-page-background-meta":{"desktop":{"background-color":"var(--ast-global-color-4)","background-image":"","background-repeat":"repeat","background-position":"center center","background-size":"auto","background-attachment":"scroll","background-type":"","background-media":"","overlay-type":"","overlay-color":"","overlay-opacity":"","overlay-gradient":""},"tablet":{"background-color":"","background-image":"","background-repeat":"repeat","background-position":"center center","background-size":"auto","background-attachment":"scroll","background-type":"","background-media":"","overlay-type":"","overlay-color":"","overlay-opacity":"","overlay-gradient":""},"mobile":{"background-color":"","background-image":"","background-repeat":"repeat","background-position":"center center","background-size":"auto","background-attachment":"scroll","background-type":"","background-media":"","overlay-type":"","overlay-color":"","overlay-opacity":"","overlay-gradient":""}},"ast-content-background-meta":{"desktop":{"background-color":"var(--ast-global-color-5)","background-image":"","background-repeat":"repeat","background-position":"center center","background-size":"auto","background-attachment":"scroll","background-type":"","background-media":"","overlay-type":"","overlay-color":"","overlay-opacity":"","overlay-gradient":""},"tablet":{"background-color":"var(--ast-global-color-5)","background-image":"","background-repeat":"repeat","background-position":"center center","background-size":"auto","background-attachment":"scroll","background-type":"","background-media":"","overlay-type":"","overlay-color":"","overlay-opacity":"","overlay-gradient":""},"mobile":{"background-color":"var(--ast-global-color-5)","background-image":"","background-repeat":"repeat","background-position":"center center","background-size":"auto","background-attachment":"scroll","background-type":"","background-media":"","overlay-type":"","overlay-color":"","overlay-opacity":"","overlay-gradient":""}},"footnotes":""},"retreat-cat":[],"retreat-cat-chiang-mai":[],"retreat-cat-hua-hin":[],"class_list":["post-9227","page","type-page","status-publish","has-post-thumbnail","hentry"],"acf":[],"yoast_head":"<!-- This site is optimized with the Yoast SEO plugin v27.3 - https:\/\/yoast.com\/product\/yoast-seo-wordpress\/ -->\n<title>Accommodation - Rooms &amp; Villas - Aleenta Retreat Chiang Mai<\/title>\n<meta name=\"description\" content=\"Aleenta Retreat Chiang Mai including spacious selection of suites and 1 and 2 bedroom pool villas and a spectacular 4 bedroom golden teak wood residence with period furnishing and private pool\" \/>\n<meta name=\"robots\" content=\"index, follow, max-snippet:-1, max-image-preview:large, max-video-preview:-1\" \/>\n<link rel=\"canonical\" href=\"https:\/\/www.aleenta.com\/de\/chiang-mai\/accommodation\/\" \/>\n<meta property=\"og:locale\" content=\"de_DE\" \/>\n<meta property=\"og:type\" content=\"article\" \/>\n<meta property=\"og:title\" content=\"Accommodation - Rooms &amp; Villas - Aleenta Retreat Chiang Mai\" \/>\n<meta property=\"og:description\" content=\"Aleenta Retreat Chiang Mai including spacious selection of suites and 1 and 2 bedroom pool villas and a spectacular 4 bedroom golden teak wood residence with period furnishing and private pool\" \/>\n<meta property=\"og:url\" content=\"https:\/\/www.aleenta.com\/de\/chiang-mai\/accommodation\/\" \/>\n<meta property=\"og:site_name\" content=\"Aleenta Resorts\" \/>\n<meta property=\"article:modified_time\" content=\"2025-10-14T08:35:27+00:00\" \/>\n<meta property=\"og:image\" content=\"https:\/\/www.aleenta.com\/wp-content\/uploads\/Aleenta-Retreat-Chiang-Mai-Accommodation.jpg\" \/>\n\t<meta property=\"og:image:width\" content=\"840\" \/>\n\t<meta property=\"og:image:height\" content=\"507\" \/>\n\t<meta property=\"og:image:type\" content=\"image\/jpeg\" \/>\n<meta name=\"twitter:card\" content=\"summary_large_image\" \/>\n<script type=\"application\/ld+json\" class=\"yoast-schema-graph\">{\"@context\":\"https:\\\/\\\/schema.org\",\"@graph\":[{\"@type\":\"WebPage\",\"@id\":\"https:\\\/\\\/www.aleenta.com\\\/chiang-mai\\\/accommodation\\\/\",\"url\":\"https:\\\/\\\/www.aleenta.com\\\/chiang-mai\\\/accommodation\\\/\",\"name\":\"Accommodation - Rooms & Villas - Aleenta Retreat Chiang Mai\",\"isPartOf\":{\"@id\":\"https:\\\/\\\/www.aleenta.com\\\/#website\"},\"primaryImageOfPage\":{\"@id\":\"https:\\\/\\\/www.aleenta.com\\\/chiang-mai\\\/accommodation\\\/#primaryimage\"},\"image\":{\"@id\":\"https:\\\/\\\/www.aleenta.com\\\/chiang-mai\\\/accommodation\\\/#primaryimage\"},\"thumbnailUrl\":\"https:\\\/\\\/www.aleenta.com\\\/wp-content\\\/uploads\\\/Aleenta-Retreat-Chiang-Mai-Accommodation.jpg\",\"datePublished\":\"2022-06-15T07:34:31+00:00\",\"dateModified\":\"2025-10-14T08:35:27+00:00\",\"description\":\"Aleenta Retreat Chiang Mai including spacious selection of suites and 1 and 2 bedroom pool villas and a spectacular 4 bedroom golden teak wood residence with period furnishing and private pool\",\"breadcrumb\":{\"@id\":\"https:\\\/\\\/www.aleenta.com\\\/chiang-mai\\\/accommodation\\\/#breadcrumb\"},\"inLanguage\":\"de\",\"potentialAction\":[{\"@type\":\"ReadAction\",\"target\":[\"https:\\\/\\\/www.aleenta.com\\\/chiang-mai\\\/accommodation\\\/\"]}]},{\"@type\":\"ImageObject\",\"inLanguage\":\"de\",\"@id\":\"https:\\\/\\\/www.aleenta.com\\\/chiang-mai\\\/accommodation\\\/#primaryimage\",\"url\":\"https:\\\/\\\/www.aleenta.com\\\/wp-content\\\/uploads\\\/Aleenta-Retreat-Chiang-Mai-Accommodation.jpg\",\"contentUrl\":\"https:\\\/\\\/www.aleenta.com\\\/wp-content\\\/uploads\\\/Aleenta-Retreat-Chiang-Mai-Accommodation.jpg\",\"width\":840,\"height\":507,\"caption\":\"Aleenta Retreat Chiang Mai - Accommodation - Rooms & Villas\"},{\"@type\":\"BreadcrumbList\",\"@id\":\"https:\\\/\\\/www.aleenta.com\\\/chiang-mai\\\/accommodation\\\/#breadcrumb\",\"itemListElement\":[{\"@type\":\"ListItem\",\"position\":1,\"name\":\"Home\",\"item\":\"https:\\\/\\\/www.aleenta.com\\\/\"},{\"@type\":\"ListItem\",\"position\":2,\"name\":\"Chiang Mai\",\"item\":\"https:\\\/\\\/www.aleenta.com\\\/chiang-mai\\\/\"},{\"@type\":\"ListItem\",\"position\":3,\"name\":\"Accommodation\"}]},{\"@type\":\"WebSite\",\"@id\":\"https:\\\/\\\/www.aleenta.com\\\/#website\",\"url\":\"https:\\\/\\\/www.aleenta.com\\\/\",\"name\":\"Aleenta Resorts\",\"description\":\"Luxury Resorts &amp; Hotels in Thailand\",\"publisher\":{\"@id\":\"https:\\\/\\\/www.aleenta.com\\\/#organization\"},\"potentialAction\":[{\"@type\":\"SearchAction\",\"target\":{\"@type\":\"EntryPoint\",\"urlTemplate\":\"https:\\\/\\\/www.aleenta.com\\\/?s={search_term_string}\"},\"query-input\":{\"@type\":\"PropertyValueSpecification\",\"valueRequired\":true,\"valueName\":\"search_term_string\"}}],\"inLanguage\":\"de\"},{\"@type\":\"Organization\",\"@id\":\"https:\\\/\\\/www.aleenta.com\\\/#organization\",\"name\":\"Aleenta Resorts\",\"alternateName\":\"Aleenta\",\"url\":\"https:\\\/\\\/www.aleenta.com\\\/\",\"logo\":{\"@type\":\"ImageObject\",\"inLanguage\":\"de\",\"@id\":\"https:\\\/\\\/www.aleenta.com\\\/#\\\/schema\\\/logo\\\/image\\\/\",\"url\":\"https:\\\/\\\/www.aleenta.com\\\/wp-content\\\/uploads\\\/Aleenta-Logo-Text-1.png\",\"contentUrl\":\"https:\\\/\\\/www.aleenta.com\\\/wp-content\\\/uploads\\\/Aleenta-Logo-Text-1.png\",\"width\":924,\"height\":300,\"caption\":\"Aleenta Resorts\"},\"image\":{\"@id\":\"https:\\\/\\\/www.aleenta.com\\\/#\\\/schema\\\/logo\\\/image\\\/\"}}]}<\/script>\n<!-- \/ Yoast SEO plugin. -->","yoast_head_json":{"title":"Unterkunft in Chiang Mai | Aleenta Chiang Mai","description":"Aleenta Retreat Chiang Mai, einschlie\u00dflich einer gro\u00dfz\u00fcgigen Auswahl an Suiten und Poolvillen mit 1 und 2 Schlafzimmern sowie einer spektakul\u00e4ren Residenz aus goldenem Teakholz mit 4 Schlafzimmern, antiken M\u00f6beln und privatem Pool","robots":{"index":"index","follow":"follow","max-snippet":"max-snippet:-1","max-image-preview":"max-image-preview:large","max-video-preview":"max-video-preview:-1"},"canonical":"https:\/\/www.aleenta.com\/de\/chiang-mai\/accommodation\/","og_locale":"de_DE","og_type":"article","og_title":"Accommodation - Rooms & Villas - Aleenta Retreat Chiang Mai","og_description":"Aleenta Retreat Chiang Mai including spacious selection of suites and 1 and 2 bedroom pool villas and a spectacular 4 bedroom golden teak wood residence with period furnishing and private pool","og_url":"https:\/\/www.aleenta.com\/de\/chiang-mai\/accommodation\/","og_site_name":"Aleenta Resorts","article_modified_time":"2025-10-14T08:35:27+00:00","og_image":[{"width":840,"height":507,"url":"https:\/\/www.aleenta.com\/wp-content\/uploads\/Aleenta-Retreat-Chiang-Mai-Accommodation.jpg","type":"image\/jpeg"}],"twitter_card":"summary_large_image","schema":{"@context":"https:\/\/schema.org","@graph":[{"@type":"WebPage","@id":"https:\/\/www.aleenta.com\/chiang-mai\/accommodation\/","url":"https:\/\/www.aleenta.com\/chiang-mai\/accommodation\/","name":"Unterkunft in Chiang Mai | Aleenta Chiang Mai","isPartOf":{"@id":"https:\/\/www.aleenta.com\/#website"},"primaryImageOfPage":{"@id":"https:\/\/www.aleenta.com\/chiang-mai\/accommodation\/#primaryimage"},"image":{"@id":"https:\/\/www.aleenta.com\/chiang-mai\/accommodation\/#primaryimage"},"thumbnailUrl":"https:\/\/www.aleenta.com\/wp-content\/uploads\/Aleenta-Retreat-Chiang-Mai-Accommodation.jpg","datePublished":"2022-06-15T07:34:31+00:00","dateModified":"2025-10-14T08:35:27+00:00","description":"Aleenta Retreat Chiang Mai, einschlie\u00dflich einer gro\u00dfz\u00fcgigen Auswahl an Suiten und Poolvillen mit 1 und 2 Schlafzimmern sowie einer spektakul\u00e4ren Residenz aus goldenem Teakholz mit 4 Schlafzimmern, antiken M\u00f6beln und privatem Pool","breadcrumb":{"@id":"https:\/\/www.aleenta.com\/chiang-mai\/accommodation\/#breadcrumb"},"inLanguage":"de","potentialAction":[{"@type":"ReadAction","target":["https:\/\/www.aleenta.com\/chiang-mai\/accommodation\/"]}]},{"@type":"ImageObject","inLanguage":"de","@id":"https:\/\/www.aleenta.com\/chiang-mai\/accommodation\/#primaryimage","url":"https:\/\/www.aleenta.com\/wp-content\/uploads\/Aleenta-Retreat-Chiang-Mai-Accommodation.jpg","contentUrl":"https:\/\/www.aleenta.com\/wp-content\/uploads\/Aleenta-Retreat-Chiang-Mai-Accommodation.jpg","width":840,"height":507,"caption":"Aleenta Retreat Chiang Mai - Accommodation - Rooms & Villas"},{"@type":"BreadcrumbList","@id":"https:\/\/www.aleenta.com\/chiang-mai\/accommodation\/#breadcrumb","itemListElement":[{"@type":"ListItem","position":1,"name":"Home","item":"https:\/\/www.aleenta.com\/"},{"@type":"ListItem","position":2,"name":"Chiang Mai","item":"https:\/\/www.aleenta.com\/chiang-mai\/"},{"@type":"ListItem","position":3,"name":"Accommodation"}]},{"@type":"WebSite","@id":"https:\/\/www.aleenta.com\/#website","url":"https:\/\/www.aleenta.com\/","name":"Aleenta Resorts","description":"Luxusresorts und Hotels in Thailand","publisher":{"@id":"https:\/\/www.aleenta.com\/#organization"},"potentialAction":[{"@type":"SearchAction","target":{"@type":"EntryPoint","urlTemplate":"https:\/\/www.aleenta.com\/?s={search_term_string}"},"query-input":{"@type":"PropertyValueSpecification","valueRequired":true,"valueName":"search_term_string"}}],"inLanguage":"de"},{"@type":"Organization","@id":"https:\/\/www.aleenta.com\/#organization","name":"Aleenta Resorts","alternateName":"Aleenta","url":"https:\/\/www.aleenta.com\/","logo":{"@type":"ImageObject","inLanguage":"de","@id":"https:\/\/www.aleenta.com\/#\/schema\/logo\/image\/","url":"https:\/\/www.aleenta.com\/wp-content\/uploads\/Aleenta-Logo-Text-1.png","contentUrl":"https:\/\/www.aleenta.com\/wp-content\/uploads\/Aleenta-Logo-Text-1.png","width":924,"height":300,"caption":"Aleenta Resorts"},"image":{"@id":"https:\/\/www.aleenta.com\/#\/schema\/logo\/image\/"}}]}},"_links":{"self":[{"href":"https:\/\/www.aleenta.com\/de\/wp-json\/wp\/v2\/pages\/9227","targetHints":{"allow":["GET"]}}],"collection":[{"href":"https:\/\/www.aleenta.com\/de\/wp-json\/wp\/v2\/pages"}],"about":[{"href":"https:\/\/www.aleenta.com\/de\/wp-json\/wp\/v2\/types\/page"}],"author":[{"embeddable":true,"href":"https:\/\/www.aleenta.com\/de\/wp-json\/wp\/v2\/users\/2"}],"replies":[{"embeddable":true,"href":"https:\/\/www.aleenta.com\/de\/wp-json\/wp\/v2\/comments?post=9227"}],"version-history":[{"count":51,"href":"https:\/\/www.aleenta.com\/de\/wp-json\/wp\/v2\/pages\/9227\/revisions"}],"predecessor-version":[{"id":32987,"href":"https:\/\/www.aleenta.com\/de\/wp-json\/wp\/v2\/pages\/9227\/revisions\/32987"}],"up":[{"embeddable":true,"href":"https:\/\/www.aleenta.com\/de\/wp-json\/wp\/v2\/pages\/9215"}],"wp:featuredmedia":[{"embeddable":true,"href":"https:\/\/www.aleenta.com\/de\/wp-json\/wp\/v2\/media\/13239"}],"wp:attachment":[{"href":"https:\/\/www.aleenta.com\/de\/wp-json\/wp\/v2\/media?parent=9227"}],"wp:term":[{"taxonomy":"retreat-cat","embeddable":true,"href":"https:\/\/www.aleenta.com\/de\/wp-json\/wp\/v2\/retreat-cat?post=9227"},{"taxonomy":"retreat-cat-chiang-mai","embeddable":true,"href":"https:\/\/www.aleenta.com\/de\/wp-json\/wp\/v2\/retreat-cat-chiang-mai?post=9227"},{"taxonomy":"retreat-cat-hua-hin","embeddable":true,"href":"https:\/\/www.aleenta.com\/de\/wp-json\/wp\/v2\/retreat-cat-hua-hin?post=9227"}],"curies":[{"name":"wp","href":"https:\/\/api.w.org\/{rel}","templated":true}]}}