{"id":22270,"date":"2024-01-17T13:45:57","date_gmt":"2024-01-17T06:45:57","guid":{"rendered":"https:\/\/www.aleenta.com\/?page_id=22270"},"modified":"2025-07-17T15:48:16","modified_gmt":"2025-07-17T08:48:16","slug":"staycation-package","status":"publish","type":"page","link":"https:\/\/www.aleenta.com\/fr\/chiang-mai\/special-offers\/staycation-package\/","title":{"rendered":"Forfait s\u00e9jour"},"content":{"rendered":"<div data-elementor-type=\"wp-page\" data-elementor-id=\"22270\" class=\"elementor elementor-22270\" data-elementor-post-type=\"page\">\n\t\t\t\t\t\t<section class=\"elementor-section elementor-top-section elementor-element elementor-element-4e73d29 elementor-section-content-middle elementor-section-height-min-height elementor-section-items-bottom elementor-section-boxed elementor-section-height-default\" data-id=\"4e73d29\" data-element_type=\"section\" data-settings=\"{&quot;background_background&quot;:&quot;classic&quot;,&quot;jet_parallax_layout_list&quot;:[]}\">\n\t\t\t\t\t\t\t<div class=\"elementor-background-overlay\"><\/div>\n\t\t\t\t\t\t\t<div class=\"elementor-container elementor-column-gap-no\">\n\t\t\t\t\t<div class=\"elementor-column elementor-col-100 elementor-top-column elementor-element elementor-element-8a21f67\" data-id=\"8a21f67\" data-element_type=\"column\">\n\t\t\t<div class=\"elementor-widget-wrap elementor-element-populated\">\n\t\t\t\t\t\t<div class=\"elementor-element elementor-element-3bb1c3f elementor-widget elementor-widget-heading\" data-id=\"3bb1c3f\" data-element_type=\"widget\" data-widget_type=\"heading.default\">\n\t\t\t\t<div class=\"elementor-widget-container\">\n\t\t\t\t\t<h1 class=\"elementor-heading-title elementor-size-default\">S\u00e9jour et d\u00eener<\/h1>\t\t\t\t<\/div>\n\t\t\t\t<\/div>\n\t\t\t\t\t<\/div>\n\t\t<\/div>\n\t\t\t\t\t<\/div>\n\t\t<\/section>\n\t\t\t\t<section class=\"elementor-section elementor-top-section elementor-element elementor-element-502e45b elementor-section-boxed elementor-section-height-default elementor-section-height-default\" data-id=\"502e45b\" data-element_type=\"section\" data-settings=\"{&quot;jet_parallax_layout_list&quot;:[]}\">\n\t\t\t\t\t\t<div class=\"elementor-container elementor-column-gap-default\">\n\t\t\t\t\t<div class=\"elementor-column elementor-col-100 elementor-top-column elementor-element elementor-element-7561643\" data-id=\"7561643\" data-element_type=\"column\">\n\t\t\t<div class=\"elementor-widget-wrap elementor-element-populated\">\n\t\t\t\t\t\t<div class=\"elementor-element elementor-element-fd3313b elementor-widget elementor-widget-heading\" data-id=\"fd3313b\" data-element_type=\"widget\" data-widget_type=\"heading.default\">\n\t\t\t\t<div class=\"elementor-widget-container\">\n\t\t\t\t\t<h2 class=\"elementor-heading-title elementor-size-default\">S\u00e9journer et d\u00eener \u00e0 Chiang Mai<\/h2>\t\t\t\t<\/div>\n\t\t\t\t<\/div>\n\t\t\t\t<div class=\"elementor-element elementor-element-894dd60 elementor-widget elementor-widget-text-editor\" data-id=\"894dd60\" data-element_type=\"widget\" data-widget_type=\"text-editor.default\">\n\t\t\t\t<div class=\"elementor-widget-container\">\n\t\t\t\t\t\t\t\t\t<h4 data-start=\"134\" data-end=\"246\">Profitez de s\u00e9jours nourrissants avec d\u00e9jeuner ou d\u00eener gratuit<\/h4><p class=\"\" data-start=\"248\" data-end=\"565\">Reposez-vous dans les collines fra\u00eeches et apaisantes du nord de la Tha\u00eflande au Aleenta Retreat Chiang Mai, o\u00f9 l&#039;\u00e9t\u00e9 se d\u00e9ploie avec brises de montagne, moments de pleine conscience et cuisine nourrissante. R\u00e9servez votre s\u00e9jour d\u00e8s maintenant et b\u00e9n\u00e9ficiez de r\u00e9ductions exclusives ainsi que de la demi-pension offerte (d\u00e9jeuner ou d\u00eener quotidien) pour les r\u00e9servations anticip\u00e9es.<\/p><p data-start=\"248\" data-end=\"565\">\u00a0<\/p><p class=\"\" data-start=\"567\" data-end=\"755\">Entour\u00e9 de nature et impr\u00e9gn\u00e9 de culture, vos journ\u00e9es ici se d\u00e9roulent avec des promenades en for\u00eat, des rituels de spa aux herbes, des m\u00e9ditations dirig\u00e9es par des moines et des repas sains \u00e9labor\u00e9s \u00e0 partir d&#039;ingr\u00e9dients locaux et biologiques.<\/p><p data-start=\"567\" data-end=\"755\">\u00a0<\/p><p class=\"\" data-start=\"757\" data-end=\"842\">Planifiez \u00e0 l\u2019avance et laissez votre voyage vers la paix int\u00e9rieure commencer : la s\u00e9r\u00e9nit\u00e9 de Chiang Mai vous appelle.<\/p><p data-start=\"757\" data-end=\"842\">\u00a0<\/p><p>Veuillez contacter <a href=\"mailto:reservation@akaryn.com\">reservation@akaryn.com<\/a> pour des avantages personnalis\u00e9s ou d\u00e9couvrez plus d&#039;offres sp\u00e9ciales au Aleenta Retreat Chiang Mai.<\/p>\t\t\t\t\t\t\t\t<\/div>\n\t\t\t\t<\/div>\n\t\t\t\t<div class=\"elementor-element elementor-element-b0de2b8 elementor-widget__width-auto elementor-widget elementor-widget-button\" data-id=\"b0de2b8\" data-element_type=\"widget\" data-widget_type=\"button.default\">\n\t\t\t\t<div class=\"elementor-widget-container\">\n\t\t\t\t\t\t\t\t\t<div class=\"elementor-button-wrapper\">\n\t\t\t\t\t<a class=\"elementor-button elementor-button-link elementor-size-sm\" href=\"https:\/\/secure.aleenta.com\/convert\/site\/Aleenta%20Retreat%20Chiang%20Mai\/en\/rate\/97727741.html?partya=0&#038;noerr=\">\n\t\t\t\t\t\t<span class=\"elementor-button-content-wrapper\">\n\t\t\t\t\t\t\t\t\t<span class=\"elementor-button-text\">Reserve maintenant<\/span>\n\t\t\t\t\t<\/span>\n\t\t\t\t\t<\/a>\n\t\t\t\t<\/div>\n\t\t\t\t\t\t\t\t<\/div>\n\t\t\t\t<\/div>\n\t\t\t\t\t<\/div>\n\t\t<\/div>\n\t\t\t\t\t<\/div>\n\t\t<\/section>\n\t\t\t\t<section class=\"elementor-section elementor-top-section elementor-element elementor-element-b22bba5 elementor-section-boxed elementor-section-height-default elementor-section-height-default\" data-id=\"b22bba5\" data-element_type=\"section\" data-settings=\"{&quot;jet_parallax_layout_list&quot;:[]}\">\n\t\t\t\t\t\t<div class=\"elementor-container elementor-column-gap-default\">\n\t\t\t\t\t<div class=\"elementor-column elementor-col-100 elementor-top-column elementor-element elementor-element-fb57321\" data-id=\"fb57321\" data-element_type=\"column\">\n\t\t\t<div class=\"elementor-widget-wrap elementor-element-populated\">\n\t\t\t\t\t\t<div class=\"elementor-element elementor-element-1bd294a elementor-widget elementor-widget-heading\" data-id=\"1bd294a\" data-element_type=\"widget\" data-widget_type=\"heading.default\">\n\t\t\t\t<div class=\"elementor-widget-container\">\n\t\t\t\t\t<h2 class=\"elementor-heading-title elementor-size-default\">Ce que disent nos clients<\/h2>\t\t\t\t<\/div>\n\t\t\t\t<\/div>\n\t\t\t\t<div class=\"elementor-element elementor-element-4ef1675 elementor-widget elementor-widget-shortcode\" data-id=\"4ef1675\" data-element_type=\"widget\" data-widget_type=\"shortcode.default\">\n\t\t\t\t<div class=\"elementor-widget-container\">\n\t\t\t\t\t\t\t<div class=\"elementor-shortcode\"><div data-src=\"https:\/\/cdn.trustindex.io\/loader.js?c75f95c175161703a326db37d89\"><\/div><\/div>\n\t\t\t\t\t\t<\/div>\n\t\t\t\t<\/div>\n\t\t\t\t\t<\/div>\n\t\t<\/div>\n\t\t\t\t\t<\/div>\n\t\t<\/section>\n\t\t\t\t<\/div>","protected":false},"excerpt":{"rendered":"<p>Stay &amp; Dine Stay &amp; Dine in Chiang Mai Enjoy Nourishing Stays with Complimentary Lunch or Dinner Retreat to the [&hellip;]<\/p>\n","protected":false},"author":1,"featured_media":0,"parent":13262,"menu_order":0,"comment_status":"closed","ping_status":"closed","template":"","meta":{"_acf_changed":false,"site-sidebar-layout":"no-sidebar","site-content-layout":"page-builder","ast-site-content-layout":"full-width-container","site-content-style":"unboxed","site-sidebar-style":"unboxed","ast-global-header-display":"","ast-banner-title-visibility":"","ast-main-header-display":"","ast-hfb-above-header-display":"","ast-hfb-below-header-display":"","ast-hfb-mobile-header-display":"","site-post-title":"disabled","ast-breadcrumbs-content":"","ast-featured-img":"disabled","footer-sml-layout":"","ast-disable-related-posts":"","theme-transparent-header-meta":"default","adv-header-id-meta":"","stick-header-meta":"default","header-above-stick-meta":"","header-main-stick-meta":"","header-below-stick-meta":"","astra-migrate-meta-layouts":"set","ast-page-background-enabled":"default","ast-page-background-meta":{"desktop":{"background-color":"var(--ast-global-color-4)","background-image":"","background-repeat":"repeat","background-position":"center center","background-size":"auto","background-attachment":"scroll","background-type":"","background-media":"","overlay-type":"","overlay-color":"","overlay-opacity":"","overlay-gradient":""},"tablet":{"background-color":"","background-image":"","background-repeat":"repeat","background-position":"center center","background-size":"auto","background-attachment":"scroll","background-type":"","background-media":"","overlay-type":"","overlay-color":"","overlay-opacity":"","overlay-gradient":""},"mobile":{"background-color":"","background-image":"","background-repeat":"repeat","background-position":"center center","background-size":"auto","background-attachment":"scroll","background-type":"","background-media":"","overlay-type":"","overlay-color":"","overlay-opacity":"","overlay-gradient":""}},"ast-content-background-meta":{"desktop":{"background-color":"var(--ast-global-color-5)","background-image":"","background-repeat":"repeat","background-position":"center center","background-size":"auto","background-attachment":"scroll","background-type":"","background-media":"","overlay-type":"","overlay-color":"","overlay-opacity":"","overlay-gradient":""},"tablet":{"background-color":"var(--ast-global-color-5)","background-image":"","background-repeat":"repeat","background-position":"center center","background-size":"auto","background-attachment":"scroll","background-type":"","background-media":"","overlay-type":"","overlay-color":"","overlay-opacity":"","overlay-gradient":""},"mobile":{"background-color":"var(--ast-global-color-5)","background-image":"","background-repeat":"repeat","background-position":"center center","background-size":"auto","background-attachment":"scroll","background-type":"","background-media":"","overlay-type":"","overlay-color":"","overlay-opacity":"","overlay-gradient":""}},"footnotes":""},"retreat-cat":[],"retreat-cat-chiang-mai":[],"retreat-cat-hua-hin":[],"class_list":["post-22270","page","type-page","status-publish","hentry"],"acf":[],"yoast_head":"<!-- This site is optimized with the Yoast SEO plugin v27.3 - https:\/\/yoast.com\/product\/yoast-seo-wordpress\/ -->\n<title>Staycation Package - Aleenta Retreat Chiang Mai<\/title>\n<meta name=\"description\" content=\"Extend your stay at Aleenta Retreat Chiang Mai\" \/>\n<meta name=\"robots\" content=\"index, follow, max-snippet:-1, max-image-preview:large, max-video-preview:-1\" \/>\n<link rel=\"canonical\" href=\"https:\/\/www.aleenta.com\/fr\/chiang-mai\/special-offers\/staycation-package\/\" \/>\n<meta property=\"og:locale\" content=\"fr_FR\" \/>\n<meta property=\"og:type\" content=\"article\" \/>\n<meta property=\"og:title\" content=\"Staycation Package - Aleenta Retreat Chiang Mai\" \/>\n<meta property=\"og:description\" content=\"Extend your stay at Aleenta Retreat Chiang Mai\" \/>\n<meta property=\"og:url\" content=\"https:\/\/www.aleenta.com\/fr\/chiang-mai\/special-offers\/staycation-package\/\" \/>\n<meta property=\"og:site_name\" content=\"Aleenta Resorts\" \/>\n<meta property=\"article:modified_time\" content=\"2025-07-17T08:48:16+00:00\" \/>\n<meta name=\"twitter:card\" content=\"summary_large_image\" \/>\n<script type=\"application\/ld+json\" class=\"yoast-schema-graph\">{\"@context\":\"https:\\\/\\\/schema.org\",\"@graph\":[{\"@type\":\"WebPage\",\"@id\":\"https:\\\/\\\/www.aleenta.com\\\/chiang-mai\\\/special-offers\\\/staycation-package\\\/\",\"url\":\"https:\\\/\\\/www.aleenta.com\\\/chiang-mai\\\/special-offers\\\/staycation-package\\\/\",\"name\":\"Staycation Package - Aleenta Retreat Chiang Mai\",\"isPartOf\":{\"@id\":\"https:\\\/\\\/www.aleenta.com\\\/#website\"},\"datePublished\":\"2024-01-17T06:45:57+00:00\",\"dateModified\":\"2025-07-17T08:48:16+00:00\",\"description\":\"Extend your stay at Aleenta Retreat Chiang Mai\",\"breadcrumb\":{\"@id\":\"https:\\\/\\\/www.aleenta.com\\\/chiang-mai\\\/special-offers\\\/staycation-package\\\/#breadcrumb\"},\"inLanguage\":\"fr-FR\",\"potentialAction\":[{\"@type\":\"ReadAction\",\"target\":[\"https:\\\/\\\/www.aleenta.com\\\/chiang-mai\\\/special-offers\\\/staycation-package\\\/\"]}]},{\"@type\":\"BreadcrumbList\",\"@id\":\"https:\\\/\\\/www.aleenta.com\\\/chiang-mai\\\/special-offers\\\/staycation-package\\\/#breadcrumb\",\"itemListElement\":[{\"@type\":\"ListItem\",\"position\":1,\"name\":\"Home\",\"item\":\"https:\\\/\\\/www.aleenta.com\\\/\"},{\"@type\":\"ListItem\",\"position\":2,\"name\":\"Chiang Mai\",\"item\":\"https:\\\/\\\/www.aleenta.com\\\/chiang-mai\\\/\"},{\"@type\":\"ListItem\",\"position\":3,\"name\":\"Special Offers\",\"item\":\"https:\\\/\\\/www.aleenta.com\\\/chiang-mai\\\/special-offers\\\/\"},{\"@type\":\"ListItem\",\"position\":4,\"name\":\"Staycation Package\"}]},{\"@type\":\"WebSite\",\"@id\":\"https:\\\/\\\/www.aleenta.com\\\/#website\",\"url\":\"https:\\\/\\\/www.aleenta.com\\\/\",\"name\":\"Aleenta Resorts\",\"description\":\"Luxury Resorts &amp; Hotels in Thailand\",\"publisher\":{\"@id\":\"https:\\\/\\\/www.aleenta.com\\\/#organization\"},\"potentialAction\":[{\"@type\":\"SearchAction\",\"target\":{\"@type\":\"EntryPoint\",\"urlTemplate\":\"https:\\\/\\\/www.aleenta.com\\\/?s={search_term_string}\"},\"query-input\":{\"@type\":\"PropertyValueSpecification\",\"valueRequired\":true,\"valueName\":\"search_term_string\"}}],\"inLanguage\":\"fr-FR\"},{\"@type\":\"Organization\",\"@id\":\"https:\\\/\\\/www.aleenta.com\\\/#organization\",\"name\":\"Aleenta Resorts\",\"alternateName\":\"Aleenta\",\"url\":\"https:\\\/\\\/www.aleenta.com\\\/\",\"logo\":{\"@type\":\"ImageObject\",\"inLanguage\":\"fr-FR\",\"@id\":\"https:\\\/\\\/www.aleenta.com\\\/#\\\/schema\\\/logo\\\/image\\\/\",\"url\":\"https:\\\/\\\/www.aleenta.com\\\/wp-content\\\/uploads\\\/Aleenta-Logo-Text-1.png\",\"contentUrl\":\"https:\\\/\\\/www.aleenta.com\\\/wp-content\\\/uploads\\\/Aleenta-Logo-Text-1.png\",\"width\":924,\"height\":300,\"caption\":\"Aleenta Resorts\"},\"image\":{\"@id\":\"https:\\\/\\\/www.aleenta.com\\\/#\\\/schema\\\/logo\\\/image\\\/\"}}]}<\/script>\n<!-- \/ Yoast SEO plugin. -->","yoast_head_json":{"title":"Forfait Staycation - Aleenta Retreat Chiang Mai","description":"Prolongez votre s\u00e9jour au Aleenta Retreat Chiang Mai","robots":{"index":"index","follow":"follow","max-snippet":"max-snippet:-1","max-image-preview":"max-image-preview:large","max-video-preview":"max-video-preview:-1"},"canonical":"https:\/\/www.aleenta.com\/fr\/chiang-mai\/special-offers\/staycation-package\/","og_locale":"fr_FR","og_type":"article","og_title":"Staycation Package - Aleenta Retreat Chiang Mai","og_description":"Extend your stay at Aleenta Retreat Chiang Mai","og_url":"https:\/\/www.aleenta.com\/fr\/chiang-mai\/special-offers\/staycation-package\/","og_site_name":"Aleenta Resorts","article_modified_time":"2025-07-17T08:48:16+00:00","twitter_card":"summary_large_image","schema":{"@context":"https:\/\/schema.org","@graph":[{"@type":"WebPage","@id":"https:\/\/www.aleenta.com\/chiang-mai\/special-offers\/staycation-package\/","url":"https:\/\/www.aleenta.com\/chiang-mai\/special-offers\/staycation-package\/","name":"Forfait Staycation - Aleenta Retreat Chiang Mai","isPartOf":{"@id":"https:\/\/www.aleenta.com\/#website"},"datePublished":"2024-01-17T06:45:57+00:00","dateModified":"2025-07-17T08:48:16+00:00","description":"Prolongez votre s\u00e9jour au Aleenta Retreat Chiang Mai","breadcrumb":{"@id":"https:\/\/www.aleenta.com\/chiang-mai\/special-offers\/staycation-package\/#breadcrumb"},"inLanguage":"fr-FR","potentialAction":[{"@type":"ReadAction","target":["https:\/\/www.aleenta.com\/chiang-mai\/special-offers\/staycation-package\/"]}]},{"@type":"BreadcrumbList","@id":"https:\/\/www.aleenta.com\/chiang-mai\/special-offers\/staycation-package\/#breadcrumb","itemListElement":[{"@type":"ListItem","position":1,"name":"Home","item":"https:\/\/www.aleenta.com\/"},{"@type":"ListItem","position":2,"name":"Chiang Mai","item":"https:\/\/www.aleenta.com\/chiang-mai\/"},{"@type":"ListItem","position":3,"name":"Special Offers","item":"https:\/\/www.aleenta.com\/chiang-mai\/special-offers\/"},{"@type":"ListItem","position":4,"name":"Staycation Package"}]},{"@type":"WebSite","@id":"https:\/\/www.aleenta.com\/#website","url":"https:\/\/www.aleenta.com\/","name":"Stations Aleenta","description":"H\u00f4tels de luxe en Tha\u00eflande","publisher":{"@id":"https:\/\/www.aleenta.com\/#organization"},"potentialAction":[{"@type":"SearchAction","target":{"@type":"EntryPoint","urlTemplate":"https:\/\/www.aleenta.com\/?s={search_term_string}"},"query-input":{"@type":"PropertyValueSpecification","valueRequired":true,"valueName":"search_term_string"}}],"inLanguage":"fr-FR"},{"@type":"Organization","@id":"https:\/\/www.aleenta.com\/#organization","name":"Stations Aleenta","alternateName":"Aleenta","url":"https:\/\/www.aleenta.com\/","logo":{"@type":"ImageObject","inLanguage":"fr-FR","@id":"https:\/\/www.aleenta.com\/#\/schema\/logo\/image\/","url":"https:\/\/www.aleenta.com\/wp-content\/uploads\/Aleenta-Logo-Text-1.png","contentUrl":"https:\/\/www.aleenta.com\/wp-content\/uploads\/Aleenta-Logo-Text-1.png","width":924,"height":300,"caption":"Aleenta Resorts"},"image":{"@id":"https:\/\/www.aleenta.com\/#\/schema\/logo\/image\/"}}]}},"_links":{"self":[{"href":"https:\/\/www.aleenta.com\/fr\/wp-json\/wp\/v2\/pages\/22270","targetHints":{"allow":["GET"]}}],"collection":[{"href":"https:\/\/www.aleenta.com\/fr\/wp-json\/wp\/v2\/pages"}],"about":[{"href":"https:\/\/www.aleenta.com\/fr\/wp-json\/wp\/v2\/types\/page"}],"author":[{"embeddable":true,"href":"https:\/\/www.aleenta.com\/fr\/wp-json\/wp\/v2\/users\/1"}],"replies":[{"embeddable":true,"href":"https:\/\/www.aleenta.com\/fr\/wp-json\/wp\/v2\/comments?post=22270"}],"version-history":[{"count":63,"href":"https:\/\/www.aleenta.com\/fr\/wp-json\/wp\/v2\/pages\/22270\/revisions"}],"predecessor-version":[{"id":31536,"href":"https:\/\/www.aleenta.com\/fr\/wp-json\/wp\/v2\/pages\/22270\/revisions\/31536"}],"up":[{"embeddable":true,"href":"https:\/\/www.aleenta.com\/fr\/wp-json\/wp\/v2\/pages\/13262"}],"wp:attachment":[{"href":"https:\/\/www.aleenta.com\/fr\/wp-json\/wp\/v2\/media?parent=22270"}],"wp:term":[{"taxonomy":"retreat-cat","embeddable":true,"href":"https:\/\/www.aleenta.com\/fr\/wp-json\/wp\/v2\/retreat-cat?post=22270"},{"taxonomy":"retreat-cat-chiang-mai","embeddable":true,"href":"https:\/\/www.aleenta.com\/fr\/wp-json\/wp\/v2\/retreat-cat-chiang-mai?post=22270"},{"taxonomy":"retreat-cat-hua-hin","embeddable":true,"href":"https:\/\/www.aleenta.com\/fr\/wp-json\/wp\/v2\/retreat-cat-hua-hin?post=22270"}],"curies":[{"name":"wp","href":"https:\/\/api.w.org\/{rel}","templated":true}]}}