{"id":36610,"date":"2026-04-21T20:12:27","date_gmt":"2026-04-21T13:12:27","guid":{"rendered":"https:\/\/www.aleenta.com\/?page_id=36610"},"modified":"2026-04-21T20:14:17","modified_gmt":"2026-04-21T13:14:17","slug":"luxury-all-inclusive","status":"publish","type":"page","link":"https:\/\/www.aleenta.com\/fr\/chiang-mai\/special-offers\/luxury-all-inclusive\/","title":{"rendered":"Luxury All-Inclusive Package"},"content":{"rendered":"<div data-elementor-type=\"wp-page\" data-elementor-id=\"36610\" class=\"elementor elementor-36610\" data-elementor-post-type=\"page\">\n\t\t\t\t\t\t<section class=\"elementor-section elementor-top-section elementor-element elementor-element-4e73d29 elementor-section-content-middle elementor-section-height-min-height elementor-section-items-bottom elementor-section-boxed elementor-section-height-default\" data-id=\"4e73d29\" data-element_type=\"section\" data-settings=\"{&quot;background_background&quot;:&quot;classic&quot;,&quot;jet_parallax_layout_list&quot;:[]}\">\n\t\t\t\t\t\t\t<div class=\"elementor-background-overlay\"><\/div>\n\t\t\t\t\t\t\t<div class=\"elementor-container elementor-column-gap-no\">\n\t\t\t\t\t<div class=\"elementor-column elementor-col-100 elementor-top-column elementor-element elementor-element-8a21f67\" data-id=\"8a21f67\" data-element_type=\"column\">\n\t\t\t<div class=\"elementor-widget-wrap elementor-element-populated\">\n\t\t\t\t\t\t<div class=\"elementor-element elementor-element-3bb1c3f elementor-widget elementor-widget-heading\" data-id=\"3bb1c3f\" data-element_type=\"widget\" data-widget_type=\"heading.default\">\n\t\t\t\t<div class=\"elementor-widget-container\">\n\t\t\t\t\t<h1 class=\"elementor-heading-title elementor-size-default\">All-Inclusive-Resort-Package Chiang Mai\n<\/h1>\t\t\t\t<\/div>\n\t\t\t\t<\/div>\n\t\t\t\t\t<\/div>\n\t\t<\/div>\n\t\t\t\t\t<\/div>\n\t\t<\/section>\n\t\t\t\t<section class=\"elementor-section elementor-top-section elementor-element elementor-element-502e45b elementor-section-boxed elementor-section-height-default elementor-section-height-default\" data-id=\"502e45b\" data-element_type=\"section\" data-settings=\"{&quot;jet_parallax_layout_list&quot;:[]}\">\n\t\t\t\t\t\t<div class=\"elementor-container elementor-column-gap-default\">\n\t\t\t\t\t<div class=\"elementor-column elementor-col-100 elementor-top-column elementor-element elementor-element-7561643\" data-id=\"7561643\" data-element_type=\"column\">\n\t\t\t<div class=\"elementor-widget-wrap elementor-element-populated\">\n\t\t\t\t\t\t<div class=\"elementor-element elementor-element-fd3313b elementor-widget elementor-widget-heading\" data-id=\"fd3313b\" data-element_type=\"widget\" data-widget_type=\"heading.default\">\n\t\t\t\t<div class=\"elementor-widget-container\">\n\t\t\t\t\t<h2 class=\"elementor-heading-title elementor-size-default\">Luxe tout compris\n<\/h2>\t\t\t\t<\/div>\n\t\t\t\t<\/div>\n\t\t\t\t<div class=\"elementor-element elementor-element-894dd60 elementor-widget elementor-widget-text-editor\" data-id=\"894dd60\" data-element_type=\"widget\" data-widget_type=\"text-editor.default\">\n\t\t\t\t<div class=\"elementor-widget-container\">\n\t\t\t\t\t\t\t\t\t<p>Vous pr\u00e9voyez des vacances reposantes et d\u00e9contract\u00e9es ? Avec l&#039;exp\u00e9rience tout compris, vous pourrez profiter du meilleur de vacances ultimes \u00e0 la plage au Aleenta Hua Hin-Pranburi. Nous vous proposons trois options qui vous permettent d&#039;adapter vos vacances \u00e0 votre niveau de confort souhait\u00e9.<\/p><p>\u00a0<\/p><h4>Luxe tout compris<\/h4><p><strong>Les commodit\u00e9s suivantes sont incluses dans le forfait tout compris :<\/strong><\/p><ul><li>Vous pourrez savourer chaque jour le petit-d\u00e9jeuner, le d\u00e9jeuner et le d\u00eener \u00e0 la carte.<\/li><li>Boissons bien-\u00eatre et rafra\u00eechissements sans alcool \u00e0 volont\u00e9 tout au long de la journ\u00e9e.<\/li><li>Chaque jour comprend un soin spa personnalis\u00e9 chez AYURAH Wellness, s\u00e9lectionn\u00e9 parmi notre vaste carte soigneusement \u00e9labor\u00e9e.<\/li><li>Vous pourrez choisir une activit\u00e9 de bien-\u00eatre parmi celles propos\u00e9es dans notre programme, une fois durant les deux premiers jours de votre s\u00e9jour.<\/li><\/ul><div><div>* Non applicable aux repas en chambre ni aux \u00e9v\u00e9nements sp\u00e9ciaux.<br \/>* S\u00e9jour minimum de deux nuits.<\/div><\/div><div><div><div>\u00a0<\/div><\/div><\/div><p>Veuillez contacter\u00a0<a href=\"maito:reservation@akaryn.com\">reservation@akaryn.com<\/a> for the customised benefits.<\/p>\t\t\t\t\t\t\t\t<\/div>\n\t\t\t\t<\/div>\n\t\t\t\t<div class=\"elementor-element elementor-element-b0de2b8 elementor-widget__width-auto elementor-widget elementor-widget-button\" data-id=\"b0de2b8\" data-element_type=\"widget\" data-widget_type=\"button.default\">\n\t\t\t\t<div class=\"elementor-widget-container\">\n\t\t\t\t\t\t\t\t\t<div class=\"elementor-button-wrapper\">\n\t\t\t\t\t<a class=\"elementor-button elementor-button-link elementor-size-sm\" href=\"https:\/\/secure.aleenta.com\/convert\/site\/Aleenta%20Retreat%20Chiang%20Mai\/en\/rate\/97727741.html?partya=0&#038;noerr=\">\n\t\t\t\t\t\t<span class=\"elementor-button-content-wrapper\">\n\t\t\t\t\t\t\t\t\t<span class=\"elementor-button-text\">Reserve maintenant<\/span>\n\t\t\t\t\t<\/span>\n\t\t\t\t\t<\/a>\n\t\t\t\t<\/div>\n\t\t\t\t\t\t\t\t<\/div>\n\t\t\t\t<\/div>\n\t\t\t\t\t<\/div>\n\t\t<\/div>\n\t\t\t\t\t<\/div>\n\t\t<\/section>\n\t\t\t\t<section class=\"elementor-section elementor-top-section elementor-element elementor-element-b22bba5 elementor-section-boxed elementor-section-height-default elementor-section-height-default\" data-id=\"b22bba5\" data-element_type=\"section\" data-settings=\"{&quot;jet_parallax_layout_list&quot;:[]}\">\n\t\t\t\t\t\t<div class=\"elementor-container elementor-column-gap-default\">\n\t\t\t\t\t<div class=\"elementor-column elementor-col-100 elementor-top-column elementor-element elementor-element-fb57321\" data-id=\"fb57321\" data-element_type=\"column\">\n\t\t\t<div class=\"elementor-widget-wrap elementor-element-populated\">\n\t\t\t\t\t\t<div class=\"elementor-element elementor-element-1bd294a elementor-widget elementor-widget-heading\" data-id=\"1bd294a\" data-element_type=\"widget\" data-widget_type=\"heading.default\">\n\t\t\t\t<div class=\"elementor-widget-container\">\n\t\t\t\t\t<h2 class=\"elementor-heading-title elementor-size-default\">Ce que disent nos clients<\/h2>\t\t\t\t<\/div>\n\t\t\t\t<\/div>\n\t\t\t\t<div class=\"elementor-element elementor-element-4ef1675 elementor-widget elementor-widget-shortcode\" data-id=\"4ef1675\" data-element_type=\"widget\" data-widget_type=\"shortcode.default\">\n\t\t\t\t<div class=\"elementor-widget-container\">\n\t\t\t\t\t\t\t<div class=\"elementor-shortcode\"><div data-src=\"https:\/\/cdn.trustindex.io\/loader.js?c75f95c175161703a326db37d89\"><\/div><\/div>\n\t\t\t\t\t\t<\/div>\n\t\t\t\t<\/div>\n\t\t\t\t\t<\/div>\n\t\t<\/div>\n\t\t\t\t\t<\/div>\n\t\t<\/section>\n\t\t\t\t<\/div>","protected":false},"excerpt":{"rendered":"<p>All-Inclusive-Resort-Package Chiang Mai Luxury All-Inclusive Planning for a relaxing and laid-back vacation? With the all-inclusive experience, you may enjoy the [&hellip;]<\/p>\n","protected":false},"author":4,"featured_media":0,"parent":13262,"menu_order":0,"comment_status":"closed","ping_status":"closed","template":"","meta":{"_acf_changed":false,"site-sidebar-layout":"no-sidebar","site-content-layout":"page-builder","ast-site-content-layout":"full-width-container","site-content-style":"unboxed","site-sidebar-style":"unboxed","ast-global-header-display":"","ast-banner-title-visibility":"","ast-main-header-display":"","ast-hfb-above-header-display":"","ast-hfb-below-header-display":"","ast-hfb-mobile-header-display":"","site-post-title":"disabled","ast-breadcrumbs-content":"","ast-featured-img":"disabled","footer-sml-layout":"","ast-disable-related-posts":"","theme-transparent-header-meta":"default","adv-header-id-meta":"","stick-header-meta":"default","header-above-stick-meta":"","header-main-stick-meta":"","header-below-stick-meta":"","astra-migrate-meta-layouts":"set","ast-page-background-enabled":"default","ast-page-background-meta":{"desktop":{"background-color":"var(--ast-global-color-4)","background-image":"","background-repeat":"repeat","background-position":"center center","background-size":"auto","background-attachment":"scroll","background-type":"","background-media":"","overlay-type":"","overlay-color":"","overlay-opacity":"","overlay-gradient":""},"tablet":{"background-color":"","background-image":"","background-repeat":"repeat","background-position":"center center","background-size":"auto","background-attachment":"scroll","background-type":"","background-media":"","overlay-type":"","overlay-color":"","overlay-opacity":"","overlay-gradient":""},"mobile":{"background-color":"","background-image":"","background-repeat":"repeat","background-position":"center center","background-size":"auto","background-attachment":"scroll","background-type":"","background-media":"","overlay-type":"","overlay-color":"","overlay-opacity":"","overlay-gradient":""}},"ast-content-background-meta":{"desktop":{"background-color":"var(--ast-global-color-5)","background-image":"","background-repeat":"repeat","background-position":"center center","background-size":"auto","background-attachment":"scroll","background-type":"","background-media":"","overlay-type":"","overlay-color":"","overlay-opacity":"","overlay-gradient":""},"tablet":{"background-color":"var(--ast-global-color-5)","background-image":"","background-repeat":"repeat","background-position":"center center","background-size":"auto","background-attachment":"scroll","background-type":"","background-media":"","overlay-type":"","overlay-color":"","overlay-opacity":"","overlay-gradient":""},"mobile":{"background-color":"var(--ast-global-color-5)","background-image":"","background-repeat":"repeat","background-position":"center center","background-size":"auto","background-attachment":"scroll","background-type":"","background-media":"","overlay-type":"","overlay-color":"","overlay-opacity":"","overlay-gradient":""}},"footnotes":""},"retreat-cat":[],"retreat-cat-chiang-mai":[],"retreat-cat-hua-hin":[],"class_list":["post-36610","page","type-page","status-publish","hentry"],"acf":[],"yoast_head":"<!-- This site is optimized with the Yoast SEO plugin v27.4 - https:\/\/yoast.com\/product\/yoast-seo-wordpress\/ -->\n<title>Luxury All-Inclusive Package - Aleenta Retreat Chiang Mai<\/title>\n<meta name=\"description\" content=\"A seamless, fully inclusive experience designed for complete ease. at Aleenta Retreat Chiang Mai\" \/>\n<meta name=\"robots\" content=\"index, follow, max-snippet:-1, max-image-preview:large, max-video-preview:-1\" \/>\n<link rel=\"canonical\" href=\"https:\/\/www.aleenta.com\/fr\/chiang-mai\/special-offers\/luxury-all-inclusive\/\" \/>\n<meta property=\"og:locale\" content=\"fr_FR\" \/>\n<meta property=\"og:type\" content=\"article\" \/>\n<meta property=\"og:title\" content=\"Luxury All-Inclusive Package - Aleenta Retreat Chiang Mai\" \/>\n<meta property=\"og:description\" content=\"A seamless, fully inclusive experience designed for complete ease. at Aleenta Retreat Chiang Mai\" \/>\n<meta property=\"og:url\" content=\"https:\/\/www.aleenta.com\/fr\/chiang-mai\/special-offers\/luxury-all-inclusive\/\" \/>\n<meta property=\"og:site_name\" content=\"Aleenta Resorts\" \/>\n<meta property=\"article:modified_time\" content=\"2026-04-21T13:14:17+00:00\" \/>\n<meta name=\"twitter:card\" content=\"summary_large_image\" \/>\n<script type=\"application\/ld+json\" class=\"yoast-schema-graph\">{\"@context\":\"https:\\\/\\\/schema.org\",\"@graph\":[{\"@type\":\"WebPage\",\"@id\":\"https:\\\/\\\/www.aleenta.com\\\/chiang-mai\\\/special-offers\\\/luxury-all-inclusive\\\/\",\"url\":\"https:\\\/\\\/www.aleenta.com\\\/chiang-mai\\\/special-offers\\\/luxury-all-inclusive\\\/\",\"name\":\"Luxury All-Inclusive Package - Aleenta Retreat Chiang Mai\",\"isPartOf\":{\"@id\":\"https:\\\/\\\/www.aleenta.com\\\/#website\"},\"datePublished\":\"2026-04-21T13:12:27+00:00\",\"dateModified\":\"2026-04-21T13:14:17+00:00\",\"description\":\"A seamless, fully inclusive experience designed for complete ease. at Aleenta Retreat Chiang Mai\",\"breadcrumb\":{\"@id\":\"https:\\\/\\\/www.aleenta.com\\\/chiang-mai\\\/special-offers\\\/luxury-all-inclusive\\\/#breadcrumb\"},\"inLanguage\":\"fr-FR\",\"potentialAction\":[{\"@type\":\"ReadAction\",\"target\":[\"https:\\\/\\\/www.aleenta.com\\\/chiang-mai\\\/special-offers\\\/luxury-all-inclusive\\\/\"]}]},{\"@type\":\"BreadcrumbList\",\"@id\":\"https:\\\/\\\/www.aleenta.com\\\/chiang-mai\\\/special-offers\\\/luxury-all-inclusive\\\/#breadcrumb\",\"itemListElement\":[{\"@type\":\"ListItem\",\"position\":1,\"name\":\"Home\",\"item\":\"https:\\\/\\\/www.aleenta.com\\\/\"},{\"@type\":\"ListItem\",\"position\":2,\"name\":\"Chiang Mai\",\"item\":\"https:\\\/\\\/www.aleenta.com\\\/chiang-mai\\\/\"},{\"@type\":\"ListItem\",\"position\":3,\"name\":\"Special Offers\",\"item\":\"https:\\\/\\\/www.aleenta.com\\\/chiang-mai\\\/special-offers\\\/\"},{\"@type\":\"ListItem\",\"position\":4,\"name\":\"Luxury All-Inclusive Package\"}]},{\"@type\":\"WebSite\",\"@id\":\"https:\\\/\\\/www.aleenta.com\\\/#website\",\"url\":\"https:\\\/\\\/www.aleenta.com\\\/\",\"name\":\"Aleenta Resorts\",\"description\":\"Luxury Resorts &amp; Hotels in Thailand\",\"publisher\":{\"@id\":\"https:\\\/\\\/www.aleenta.com\\\/#organization\"},\"potentialAction\":[{\"@type\":\"SearchAction\",\"target\":{\"@type\":\"EntryPoint\",\"urlTemplate\":\"https:\\\/\\\/www.aleenta.com\\\/?s={search_term_string}\"},\"query-input\":{\"@type\":\"PropertyValueSpecification\",\"valueRequired\":true,\"valueName\":\"search_term_string\"}}],\"inLanguage\":\"fr-FR\"},{\"@type\":\"Organization\",\"@id\":\"https:\\\/\\\/www.aleenta.com\\\/#organization\",\"name\":\"Aleenta Resorts\",\"alternateName\":\"Aleenta\",\"url\":\"https:\\\/\\\/www.aleenta.com\\\/\",\"logo\":{\"@type\":\"ImageObject\",\"inLanguage\":\"fr-FR\",\"@id\":\"https:\\\/\\\/www.aleenta.com\\\/#\\\/schema\\\/logo\\\/image\\\/\",\"url\":\"https:\\\/\\\/www.aleenta.com\\\/wp-content\\\/uploads\\\/Aleenta-Logo-Text-1.png\",\"contentUrl\":\"https:\\\/\\\/www.aleenta.com\\\/wp-content\\\/uploads\\\/Aleenta-Logo-Text-1.png\",\"width\":924,\"height\":300,\"caption\":\"Aleenta Resorts\"},\"image\":{\"@id\":\"https:\\\/\\\/www.aleenta.com\\\/#\\\/schema\\\/logo\\\/image\\\/\"}}]}<\/script>\n<!-- \/ Yoast SEO plugin. -->","yoast_head_json":{"title":"Luxury All-Inclusive Package - Aleenta Retreat Chiang Mai","description":"A seamless, fully inclusive experience designed for complete ease. at Aleenta Retreat Chiang Mai","robots":{"index":"index","follow":"follow","max-snippet":"max-snippet:-1","max-image-preview":"max-image-preview:large","max-video-preview":"max-video-preview:-1"},"canonical":"https:\/\/www.aleenta.com\/fr\/chiang-mai\/special-offers\/luxury-all-inclusive\/","og_locale":"fr_FR","og_type":"article","og_title":"Luxury All-Inclusive Package - Aleenta Retreat Chiang Mai","og_description":"A seamless, fully inclusive experience designed for complete ease. at Aleenta Retreat Chiang Mai","og_url":"https:\/\/www.aleenta.com\/fr\/chiang-mai\/special-offers\/luxury-all-inclusive\/","og_site_name":"Aleenta Resorts","article_modified_time":"2026-04-21T13:14:17+00:00","twitter_card":"summary_large_image","schema":{"@context":"https:\/\/schema.org","@graph":[{"@type":"WebPage","@id":"https:\/\/www.aleenta.com\/chiang-mai\/special-offers\/luxury-all-inclusive\/","url":"https:\/\/www.aleenta.com\/chiang-mai\/special-offers\/luxury-all-inclusive\/","name":"Luxury All-Inclusive Package - Aleenta Retreat Chiang Mai","isPartOf":{"@id":"https:\/\/www.aleenta.com\/#website"},"datePublished":"2026-04-21T13:12:27+00:00","dateModified":"2026-04-21T13:14:17+00:00","description":"A seamless, fully inclusive experience designed for complete ease. at Aleenta Retreat Chiang Mai","breadcrumb":{"@id":"https:\/\/www.aleenta.com\/chiang-mai\/special-offers\/luxury-all-inclusive\/#breadcrumb"},"inLanguage":"fr-FR","potentialAction":[{"@type":"ReadAction","target":["https:\/\/www.aleenta.com\/chiang-mai\/special-offers\/luxury-all-inclusive\/"]}]},{"@type":"BreadcrumbList","@id":"https:\/\/www.aleenta.com\/chiang-mai\/special-offers\/luxury-all-inclusive\/#breadcrumb","itemListElement":[{"@type":"ListItem","position":1,"name":"Home","item":"https:\/\/www.aleenta.com\/"},{"@type":"ListItem","position":2,"name":"Chiang Mai","item":"https:\/\/www.aleenta.com\/chiang-mai\/"},{"@type":"ListItem","position":3,"name":"Special Offers","item":"https:\/\/www.aleenta.com\/chiang-mai\/special-offers\/"},{"@type":"ListItem","position":4,"name":"Luxury All-Inclusive Package"}]},{"@type":"WebSite","@id":"https:\/\/www.aleenta.com\/#website","url":"https:\/\/www.aleenta.com\/","name":"Stations Aleenta","description":"H\u00f4tels de luxe en Tha\u00eflande","publisher":{"@id":"https:\/\/www.aleenta.com\/#organization"},"potentialAction":[{"@type":"SearchAction","target":{"@type":"EntryPoint","urlTemplate":"https:\/\/www.aleenta.com\/?s={search_term_string}"},"query-input":{"@type":"PropertyValueSpecification","valueRequired":true,"valueName":"search_term_string"}}],"inLanguage":"fr-FR"},{"@type":"Organization","@id":"https:\/\/www.aleenta.com\/#organization","name":"Stations Aleenta","alternateName":"Aleenta","url":"https:\/\/www.aleenta.com\/","logo":{"@type":"ImageObject","inLanguage":"fr-FR","@id":"https:\/\/www.aleenta.com\/#\/schema\/logo\/image\/","url":"https:\/\/www.aleenta.com\/wp-content\/uploads\/Aleenta-Logo-Text-1.png","contentUrl":"https:\/\/www.aleenta.com\/wp-content\/uploads\/Aleenta-Logo-Text-1.png","width":924,"height":300,"caption":"Aleenta Resorts"},"image":{"@id":"https:\/\/www.aleenta.com\/#\/schema\/logo\/image\/"}}]}},"_links":{"self":[{"href":"https:\/\/www.aleenta.com\/fr\/wp-json\/wp\/v2\/pages\/36610","targetHints":{"allow":["GET"]}}],"collection":[{"href":"https:\/\/www.aleenta.com\/fr\/wp-json\/wp\/v2\/pages"}],"about":[{"href":"https:\/\/www.aleenta.com\/fr\/wp-json\/wp\/v2\/types\/page"}],"author":[{"embeddable":true,"href":"https:\/\/www.aleenta.com\/fr\/wp-json\/wp\/v2\/users\/4"}],"replies":[{"embeddable":true,"href":"https:\/\/www.aleenta.com\/fr\/wp-json\/wp\/v2\/comments?post=36610"}],"version-history":[{"count":4,"href":"https:\/\/www.aleenta.com\/fr\/wp-json\/wp\/v2\/pages\/36610\/revisions"}],"predecessor-version":[{"id":36614,"href":"https:\/\/www.aleenta.com\/fr\/wp-json\/wp\/v2\/pages\/36610\/revisions\/36614"}],"up":[{"embeddable":true,"href":"https:\/\/www.aleenta.com\/fr\/wp-json\/wp\/v2\/pages\/13262"}],"wp:attachment":[{"href":"https:\/\/www.aleenta.com\/fr\/wp-json\/wp\/v2\/media?parent=36610"}],"wp:term":[{"taxonomy":"retreat-cat","embeddable":true,"href":"https:\/\/www.aleenta.com\/fr\/wp-json\/wp\/v2\/retreat-cat?post=36610"},{"taxonomy":"retreat-cat-chiang-mai","embeddable":true,"href":"https:\/\/www.aleenta.com\/fr\/wp-json\/wp\/v2\/retreat-cat-chiang-mai?post=36610"},{"taxonomy":"retreat-cat-hua-hin","embeddable":true,"href":"https:\/\/www.aleenta.com\/fr\/wp-json\/wp\/v2\/retreat-cat-hua-hin?post=36610"}],"curies":[{"name":"wp","href":"https:\/\/api.w.org\/{rel}","templated":true}]}}