{"id":8593,"date":"2022-06-08T22:05:56","date_gmt":"2022-06-08T15:05:56","guid":{"rendered":"http:\/\/aleenta.bml2l1izss-eqg35n0pk3xn.p.temp-site.link\/?page_id=8593"},"modified":"2024-09-17T00:26:25","modified_gmt":"2024-09-16T17:26:25","slug":"destination-photo-shoot","status":"publish","type":"page","link":"https:\/\/www.aleenta.com\/fr\/phuket\/weddings\/destination-photo-shoot\/","title":{"rendered":"S\u00e9ance photo \u00e0 destination"},"content":{"rendered":"<div data-elementor-type=\"wp-page\" data-elementor-id=\"8593\" class=\"elementor elementor-8593\" data-elementor-post-type=\"page\">\n\t\t\t\t\t\t<section class=\"elementor-section elementor-top-section elementor-element elementor-element-93cb530 elementor-section-content-middle elementor-section-height-min-height elementor-section-items-bottom elementor-section-boxed elementor-section-height-default\" data-id=\"93cb530\" data-element_type=\"section\" data-settings=\"{&quot;background_background&quot;:&quot;classic&quot;,&quot;jet_parallax_layout_list&quot;:[]}\">\n\t\t\t\t\t\t\t<div class=\"elementor-background-overlay\"><\/div>\n\t\t\t\t\t\t\t<div class=\"elementor-container elementor-column-gap-no\">\n\t\t\t\t\t<div class=\"elementor-column elementor-col-100 elementor-top-column elementor-element elementor-element-3413700\" data-id=\"3413700\" data-element_type=\"column\">\n\t\t\t<div class=\"elementor-widget-wrap elementor-element-populated\">\n\t\t\t\t\t\t<div class=\"elementor-element elementor-element-f9504eb elementor-widget elementor-widget-heading\" data-id=\"f9504eb\" data-element_type=\"widget\" data-widget_type=\"heading.default\">\n\t\t\t\t<div class=\"elementor-widget-container\">\n\t\t\t\t\t<h1 class=\"elementor-heading-title elementor-size-default\">Emplacement de la s\u00e9ance photo avant le mariage, la lune de miel ou \u00e0 Phang Nga<\/h1>\t\t\t\t<\/div>\n\t\t\t\t<\/div>\n\t\t\t\t\t<\/div>\n\t\t<\/div>\n\t\t\t\t\t<\/div>\n\t\t<\/section>\n\t\t\t\t<section class=\"elementor-section elementor-top-section elementor-element elementor-element-679c7ea elementor-section-boxed elementor-section-height-default elementor-section-height-default\" data-id=\"679c7ea\" data-element_type=\"section\" data-settings=\"{&quot;jet_parallax_layout_list&quot;:[]}\">\n\t\t\t\t\t\t<div class=\"elementor-container elementor-column-gap-default\">\n\t\t\t\t\t<div class=\"elementor-column elementor-col-100 elementor-top-column elementor-element elementor-element-8a0992b\" data-id=\"8a0992b\" data-element_type=\"column\">\n\t\t\t<div class=\"elementor-widget-wrap elementor-element-populated\">\n\t\t\t\t\t\t<div class=\"elementor-element elementor-element-3c551fa elementor-widget elementor-widget-heading\" data-id=\"3c551fa\" data-element_type=\"widget\" data-widget_type=\"heading.default\">\n\t\t\t\t<div class=\"elementor-widget-container\">\n\t\t\t\t\t<h2 class=\"elementor-heading-title elementor-size-default\">Emplacement de la s\u00e9ance photo de la station baln\u00e9aire <\/h2>\t\t\t\t<\/div>\n\t\t\t\t<\/div>\n\t\t\t\t<div class=\"elementor-element elementor-element-a57e261 elementor-widget elementor-widget-text-editor\" data-id=\"a57e261\" data-element_type=\"widget\" data-widget_type=\"text-editor.default\">\n\t\t\t\t<div class=\"elementor-widget-container\">\n\t\t\t\t\t\t\t\t\t<p>Cr\u00e9ez un album de romance ou de destination ultime avec une exp\u00e9rience de s\u00e9ance photo avant le mariage, la lune de miel ou la destination. Cr\u00e9ez votre souvenir parfait avec des arri\u00e8re-plans \u00e9poustouflants, l&#039;oc\u00e9an sans fin, des plages immacul\u00e9es, une belle colline ou un gratte-ciel de la ville comme terrain de jeu.<\/p>\t\t\t\t\t\t\t\t<\/div>\n\t\t\t\t<\/div>\n\t\t\t\t<div class=\"elementor-element elementor-element-a960ddb elementor-widget elementor-widget-heading\" data-id=\"a960ddb\" data-element_type=\"widget\" data-widget_type=\"heading.default\">\n\t\t\t\t<div class=\"elementor-widget-container\">\n\t\t\t\t\t<h3 class=\"elementor-heading-title elementor-size-default\">Notre lieu de tournage<\/h3>\t\t\t\t<\/div>\n\t\t\t\t<\/div>\n\t\t\t\t<div class=\"elementor-element elementor-element-b3ec0f1 elementor-widget elementor-widget-text-editor\" data-id=\"b3ec0f1\" data-element_type=\"widget\" data-widget_type=\"text-editor.default\">\n\t\t\t\t<div class=\"elementor-widget-container\">\n\t\t\t\t\t\t\t\t\t<p>Qu&#039;il s&#039;agisse d&#039;un style tha\u00ef d\u00e9contract\u00e9, moderne ou traditionnel, nous serons \u00e0 vos c\u00f4t\u00e9s \u00e0 chaque \u00e9tape pour assurer tout ce que vous souhaitez. Nous offrons:<\/p>\t\t\t\t\t\t\t\t<\/div>\n\t\t\t\t<\/div>\n\t\t\t\t<div class=\"elementor-element elementor-element-3593db5 elementor-widget elementor-widget-heading\" data-id=\"3593db5\" data-element_type=\"widget\" data-widget_type=\"heading.default\">\n\t\t\t\t<div class=\"elementor-widget-container\">\n\t\t\t\t\t<h3 class=\"elementor-heading-title elementor-size-default\">Tout sur les classiques<\/h3>\t\t\t\t<\/div>\n\t\t\t\t<\/div>\n\t\t\t\t<div class=\"elementor-element elementor-element-628da45 elementor-widget elementor-widget-text-editor\" data-id=\"628da45\" data-element_type=\"widget\" data-widget_type=\"text-editor.default\">\n\t\t\t\t<div class=\"elementor-widget-container\">\n\t\t\t\t\t\t\t\t\t<ul><li>Acc\u00e8s \u00e0 jusqu&#039;\u00e0 4 salles de s\u00e9ances photo int\u00e9rieures et ext\u00e9rieures du complexe.\u00a0<\/li><li>Salle de jour (de 13h00 \u00e0 19h00).<\/li><li>D\u00e9jeuner tha\u00eflandais (2 plats) pour le couple.<\/li><li>20% remise sur les boissons non alcoolis\u00e9es.<\/li><li>20% de remise sur les soins Spa \u00e0 la carte.<\/li><\/ul>\t\t\t\t\t\t\t\t<\/div>\n\t\t\t\t<\/div>\n\t\t\t\t<div class=\"elementor-element elementor-element-29fa9d4 elementor-widget elementor-widget-heading\" data-id=\"29fa9d4\" data-element_type=\"widget\" data-widget_type=\"heading.default\">\n\t\t\t\t<div class=\"elementor-widget-container\">\n\t\t\t\t\t<h3 class=\"elementor-heading-title elementor-size-default\">Prime<\/h3>\t\t\t\t<\/div>\n\t\t\t\t<\/div>\n\t\t\t\t<div class=\"elementor-element elementor-element-fc3f659 elementor-widget elementor-widget-text-editor\" data-id=\"fc3f659\" data-element_type=\"widget\" data-widget_type=\"text-editor.default\">\n\t\t\t\t<div class=\"elementor-widget-container\">\n\t\t\t\t\t\t\t\t\t<ul><li>Accessibilit\u00e9 \u00e0 jusqu&#039;\u00e0 4 lieux de tournage photo dans le complexe et dans les environs.\u00a0<\/li><li>Transfert entre le complexe et les lieux de prise de vue ext\u00e9rieurs.<\/li><li>Maquillage &amp; coiffure.<\/li><li>Location d&#039;un costume tha\u00eflandais ou d&#039;une robe de mari\u00e9e occidentale pour le couple (1 ensemble par personne).<\/li><li>Service de photographe professionnel.<\/li><li>Salle de jour (de 13h00 \u00e0 19h00).<\/li><li>1 bouquet fleuri.<\/li><li>D\u00e9jeuner tha\u00eflandais (2 plats) pour le couple.<\/li><li>Retouches photo num\u00e9riques (jusqu&#039;\u00e0 100 photos).<\/li><li>Livraison \u00e9lectronique pour toutes les images brutes et photos retouch\u00e9es.<\/li><li>Remise 20% sur les boissons non alcoolis\u00e9es.<\/li><li>20% de remise sur les soins Spa \u00e0 la carte.<\/li><\/ul><p>\u00a0<\/p>\t\t\t\t\t\t\t\t<\/div>\n\t\t\t\t<\/div>\n\t\t\t\t<div class=\"elementor-element elementor-element-7e86be3 elementor-widget elementor-widget-text-editor\" data-id=\"7e86be3\" data-element_type=\"widget\" data-widget_type=\"text-editor.default\">\n\t\t\t\t<div class=\"elementor-widget-container\">\n\t\t\t\t\t\t\t\t\t<p>\u00c0 partir de THB 10 000++ par couple.<\/p>\n<p>&nbsp;<\/p>\n<h3>Remarques :<\/h3>\n<p>S\u00e9lection de lieux int\u00e9rieurs et ext\u00e9rieurs sous r\u00e9serve des conditions m\u00e9t\u00e9orologiques.<\/p>\n<p>D&#039;autres exigences seront disponibles moyennant des frais suppl\u00e9mentaires.<\/p>\n<p>Les tarifs des forfaits ci-dessus sont soumis \u00e0 la taxe gouvernementale 7% et aux frais de service 10%.<\/p>\n<p><br><\/p>\n<p>Pour plus d&#039;informations sur&nbsp;<a href=\"\/fr\/phuket\/weddings\/\">mariages \u00e0 Phang Nga<\/a>, r\u00e9servation ou offres personnalis\u00e9es, veuillez contacter notre Phang Nga Phuket Resort au :&nbsp;&nbsp;<a href=\"mailto:weddings@aleenta.com\">weddings@aleenta.com<\/a>.<\/p>\t\t\t\t\t\t\t\t<\/div>\n\t\t\t\t<\/div>\n\t\t\t\t\t<\/div>\n\t\t<\/div>\n\t\t\t\t\t<\/div>\n\t\t<\/section>\n\t\t\t\t<section class=\"elementor-section elementor-top-section elementor-element elementor-element-eb3c098 elementor-section-boxed elementor-section-height-default elementor-section-height-default\" data-id=\"eb3c098\" data-element_type=\"section\" data-settings=\"{&quot;jet_parallax_layout_list&quot;:[]}\">\n\t\t\t\t\t\t<div class=\"elementor-container elementor-column-gap-default\">\n\t\t\t\t\t<div class=\"elementor-column elementor-col-100 elementor-top-column elementor-element elementor-element-567f8e7\" data-id=\"567f8e7\" data-element_type=\"column\">\n\t\t\t<div class=\"elementor-widget-wrap elementor-element-populated\">\n\t\t\t\t\t\t<div class=\"elementor-element elementor-element-c4a1fbf elementor-widget elementor-widget-template\" data-id=\"c4a1fbf\" data-element_type=\"widget\" data-widget_type=\"template.default\">\n\t\t\t\t<div class=\"elementor-widget-container\">\n\t\t\t\t\t\t\t<div class=\"elementor-template\">\n\t\t\t\t\t<div data-elementor-type=\"section\" data-elementor-id=\"2592\" class=\"elementor elementor-2592\" data-elementor-post-type=\"elementor_library\">\n\t\t\t\t\t<section class=\"elementor-section elementor-top-section elementor-element elementor-element-7772136 elementor-section-content-middle elementor-section-boxed elementor-section-height-default elementor-section-height-default\" data-id=\"7772136\" data-element_type=\"section\" data-settings=\"{&quot;jet_parallax_layout_list&quot;:[]}\">\n\t\t\t\t\t\t<div class=\"elementor-container elementor-column-gap-default\">\n\t\t\t\t\t<div class=\"elementor-column elementor-col-50 elementor-top-column elementor-element elementor-element-5fe9e29\" data-id=\"5fe9e29\" data-element_type=\"column\">\n\t\t\t<div class=\"elementor-widget-wrap elementor-element-populated\">\n\t\t\t\t\t\t<div class=\"elementor-element elementor-element-5d2164e elementor-widget elementor-widget-heading\" data-id=\"5d2164e\" data-element_type=\"widget\" data-widget_type=\"heading.default\">\n\t\t\t\t<div class=\"elementor-widget-container\">\n\t\t\t\t\t<h2 class=\"elementor-heading-title elementor-size-default\"><h2 style=\"font-size: 25px\">Aleenta Phuket<br>Phang Nga Resort &amp; Spa<\/h2><\/h2>\t\t\t\t<\/div>\n\t\t\t\t<\/div>\n\t\t\t\t<div class=\"elementor-element elementor-element-c754078 elementor-widget elementor-widget-text-editor\" data-id=\"c754078\" data-element_type=\"widget\" data-widget_type=\"text-editor.default\">\n\t\t\t\t<div class=\"elementor-widget-container\">\n\t\t\t\t\t\t\t\t\t<p>33 Moo 5, Khok Kloi,<br \/>Takua Thung, Phang Nga<br \/>82140 Tha\u00eflande<\/p><p>\u00a0<\/p><p>T\u00e9l. : +66 (0) 76 580 333<\/p>\t\t\t\t\t\t\t\t<\/div>\n\t\t\t\t<\/div>\n\t\t\t\t\t<\/div>\n\t\t<\/div>\n\t\t\t\t<div class=\"elementor-column elementor-col-50 elementor-top-column elementor-element elementor-element-f406ec9\" data-id=\"f406ec9\" data-element_type=\"column\">\n\t\t\t<div class=\"elementor-widget-wrap elementor-element-populated\">\n\t\t\t\t\t\t<div class=\"elementor-element elementor-element-a37bd4f elementor-widget elementor-widget-google_maps\" data-id=\"a37bd4f\" data-element_type=\"widget\" data-widget_type=\"google_maps.default\">\n\t\t\t\t<div class=\"elementor-widget-container\">\n\t\t\t\t\t\t\t<div class=\"elementor-custom-embed\">\n\t\t\t<iframe loading=\"lazy\"\n\t\t\t\t\tsrc=\"https:\/\/maps.google.com\/maps?q=Aleenta%20Phuket%20-%20Phang%20Nga%20Resort&#038;t=m&#038;z=15&#038;output=embed&#038;iwloc=near\"\n\t\t\t\t\ttitle=\"Aleenta Phuket - Phang Nga Resort\"\n\t\t\t\t\taria-label=\"Aleenta Phuket - Phang Nga Resort\"\n\t\t\t><\/iframe>\n\t\t<\/div>\n\t\t\t\t\t\t<\/div>\n\t\t\t\t<\/div>\n\t\t\t\t\t<\/div>\n\t\t<\/div>\n\t\t\t\t\t<\/div>\n\t\t<\/section>\n\t\t\t\t<\/div>\n\t\t\t\t<\/div>\n\t\t\t\t\t\t<\/div>\n\t\t\t\t<\/div>\n\t\t\t\t\t<\/div>\n\t\t<\/div>\n\t\t\t\t\t<\/div>\n\t\t<\/section>\n\t\t\t\t<\/div>","protected":false},"excerpt":{"rendered":"<p>Pre-Wedding, Honeymoon or Phang Nga Travel Photo Shoot Location Beach Resort Photo Shoot Location Create an ultimate romance or destination [&hellip;]<\/p>\n","protected":false},"author":2,"featured_media":0,"parent":7324,"menu_order":0,"comment_status":"closed","ping_status":"closed","template":"","meta":{"_acf_changed":false,"site-sidebar-layout":"no-sidebar","site-content-layout":"page-builder","ast-site-content-layout":"full-width-container","site-content-style":"unboxed","site-sidebar-style":"unboxed","ast-global-header-display":"","ast-banner-title-visibility":"","ast-main-header-display":"","ast-hfb-above-header-display":"","ast-hfb-below-header-display":"","ast-hfb-mobile-header-display":"","site-post-title":"disabled","ast-breadcrumbs-content":"","ast-featured-img":"disabled","footer-sml-layout":"","ast-disable-related-posts":"","theme-transparent-header-meta":"default","adv-header-id-meta":"","stick-header-meta":"default","header-above-stick-meta":"","header-main-stick-meta":"","header-below-stick-meta":"","astra-migrate-meta-layouts":"set","ast-page-background-enabled":"default","ast-page-background-meta":{"desktop":{"background-color":"var(--ast-global-color-4)","background-image":"","background-repeat":"repeat","background-position":"center center","background-size":"auto","background-attachment":"scroll","background-type":"","background-media":"","overlay-type":"","overlay-color":"","overlay-opacity":"","overlay-gradient":""},"tablet":{"background-color":"","background-image":"","background-repeat":"repeat","background-position":"center center","background-size":"auto","background-attachment":"scroll","background-type":"","background-media":"","overlay-type":"","overlay-color":"","overlay-opacity":"","overlay-gradient":""},"mobile":{"background-color":"","background-image":"","background-repeat":"repeat","background-position":"center center","background-size":"auto","background-attachment":"scroll","background-type":"","background-media":"","overlay-type":"","overlay-color":"","overlay-opacity":"","overlay-gradient":""}},"ast-content-background-meta":{"desktop":{"background-color":"var(--ast-global-color-5)","background-image":"","background-repeat":"repeat","background-position":"center center","background-size":"auto","background-attachment":"scroll","background-type":"","background-media":"","overlay-type":"","overlay-color":"","overlay-opacity":"","overlay-gradient":""},"tablet":{"background-color":"var(--ast-global-color-5)","background-image":"","background-repeat":"repeat","background-position":"center center","background-size":"auto","background-attachment":"scroll","background-type":"","background-media":"","overlay-type":"","overlay-color":"","overlay-opacity":"","overlay-gradient":""},"mobile":{"background-color":"var(--ast-global-color-5)","background-image":"","background-repeat":"repeat","background-position":"center center","background-size":"auto","background-attachment":"scroll","background-type":"","background-media":"","overlay-type":"","overlay-color":"","overlay-opacity":"","overlay-gradient":""}},"footnotes":""},"retreat-cat":[],"retreat-cat-chiang-mai":[],"retreat-cat-hua-hin":[],"class_list":["post-8593","page","type-page","status-publish","hentry"],"acf":[],"yoast_head":"<!-- This site is optimized with the Yoast SEO plugin v27.3 - https:\/\/yoast.com\/product\/yoast-seo-wordpress\/ -->\n<title>Pre-Wedding &amp; Photo Shoot Location - Aleenta Phuket Resort &amp; Spa<\/title>\n<meta name=\"description\" content=\"Pre-Wedding, Honeymoon or Destination Photo Shoots at Aleenta Phuket Resort &amp; Spa\" \/>\n<meta name=\"robots\" content=\"index, follow, max-snippet:-1, max-image-preview:large, max-video-preview:-1\" \/>\n<link rel=\"canonical\" href=\"https:\/\/www.aleenta.com\/fr\/phuket\/weddings\/destination-photo-shoot\/\" \/>\n<meta property=\"og:locale\" content=\"fr_FR\" \/>\n<meta property=\"og:type\" content=\"article\" \/>\n<meta property=\"og:title\" content=\"Pre-Wedding &amp; Photo Shoot Location - Aleenta Phuket Resort &amp; Spa\" \/>\n<meta property=\"og:description\" content=\"Pre-Wedding, Honeymoon or Destination Photo Shoots at Aleenta Phuket Resort &amp; Spa\" \/>\n<meta property=\"og:url\" content=\"https:\/\/www.aleenta.com\/fr\/phuket\/weddings\/destination-photo-shoot\/\" \/>\n<meta property=\"og:site_name\" content=\"Aleenta Resorts\" \/>\n<meta property=\"article:modified_time\" content=\"2024-09-16T17:26:25+00:00\" \/>\n<meta name=\"twitter:card\" content=\"summary_large_image\" \/>\n<script type=\"application\/ld+json\" class=\"yoast-schema-graph\">{\"@context\":\"https:\\\/\\\/schema.org\",\"@graph\":[{\"@type\":\"WebPage\",\"@id\":\"https:\\\/\\\/www.aleenta.com\\\/phuket\\\/weddings\\\/destination-photo-shoot\\\/\",\"url\":\"https:\\\/\\\/www.aleenta.com\\\/phuket\\\/weddings\\\/destination-photo-shoot\\\/\",\"name\":\"Pre-Wedding & Photo Shoot Location - Aleenta Phuket Resort & Spa\",\"isPartOf\":{\"@id\":\"https:\\\/\\\/www.aleenta.com\\\/#website\"},\"datePublished\":\"2022-06-08T15:05:56+00:00\",\"dateModified\":\"2024-09-16T17:26:25+00:00\",\"description\":\"Pre-Wedding, Honeymoon or Destination Photo Shoots at Aleenta Phuket Resort & Spa\",\"breadcrumb\":{\"@id\":\"https:\\\/\\\/www.aleenta.com\\\/phuket\\\/weddings\\\/destination-photo-shoot\\\/#breadcrumb\"},\"inLanguage\":\"fr-FR\",\"potentialAction\":[{\"@type\":\"ReadAction\",\"target\":[\"https:\\\/\\\/www.aleenta.com\\\/phuket\\\/weddings\\\/destination-photo-shoot\\\/\"]}]},{\"@type\":\"BreadcrumbList\",\"@id\":\"https:\\\/\\\/www.aleenta.com\\\/phuket\\\/weddings\\\/destination-photo-shoot\\\/#breadcrumb\",\"itemListElement\":[{\"@type\":\"ListItem\",\"position\":1,\"name\":\"Home\",\"item\":\"https:\\\/\\\/www.aleenta.com\\\/\"},{\"@type\":\"ListItem\",\"position\":2,\"name\":\"Phuket\",\"item\":\"https:\\\/\\\/www.aleenta.com\\\/phuket\\\/\"},{\"@type\":\"ListItem\",\"position\":3,\"name\":\"Weddings\",\"item\":\"https:\\\/\\\/www.aleenta.com\\\/phuket\\\/weddings\\\/\"},{\"@type\":\"ListItem\",\"position\":4,\"name\":\"Destination Photo Shoot\"}]},{\"@type\":\"WebSite\",\"@id\":\"https:\\\/\\\/www.aleenta.com\\\/#website\",\"url\":\"https:\\\/\\\/www.aleenta.com\\\/\",\"name\":\"Aleenta Resorts\",\"description\":\"Luxury Resorts &amp; Hotels in Thailand\",\"publisher\":{\"@id\":\"https:\\\/\\\/www.aleenta.com\\\/#organization\"},\"potentialAction\":[{\"@type\":\"SearchAction\",\"target\":{\"@type\":\"EntryPoint\",\"urlTemplate\":\"https:\\\/\\\/www.aleenta.com\\\/?s={search_term_string}\"},\"query-input\":{\"@type\":\"PropertyValueSpecification\",\"valueRequired\":true,\"valueName\":\"search_term_string\"}}],\"inLanguage\":\"fr-FR\"},{\"@type\":\"Organization\",\"@id\":\"https:\\\/\\\/www.aleenta.com\\\/#organization\",\"name\":\"Aleenta Resorts\",\"alternateName\":\"Aleenta\",\"url\":\"https:\\\/\\\/www.aleenta.com\\\/\",\"logo\":{\"@type\":\"ImageObject\",\"inLanguage\":\"fr-FR\",\"@id\":\"https:\\\/\\\/www.aleenta.com\\\/#\\\/schema\\\/logo\\\/image\\\/\",\"url\":\"https:\\\/\\\/www.aleenta.com\\\/wp-content\\\/uploads\\\/Aleenta-Logo-Text-1.png\",\"contentUrl\":\"https:\\\/\\\/www.aleenta.com\\\/wp-content\\\/uploads\\\/Aleenta-Logo-Text-1.png\",\"width\":924,\"height\":300,\"caption\":\"Aleenta Resorts\"},\"image\":{\"@id\":\"https:\\\/\\\/www.aleenta.com\\\/#\\\/schema\\\/logo\\\/image\\\/\"}}]}<\/script>\n<!-- \/ Yoast SEO plugin. -->","yoast_head_json":{"title":"Lieu de pr\u00e9-mariage et de s\u00e9ance photo - Aleenta Phuket Resort &amp; Spa","description":"S\u00e9ances photos avant mariage, lune de miel ou destination au Aleenta Phuket Resort &amp; Spa","robots":{"index":"index","follow":"follow","max-snippet":"max-snippet:-1","max-image-preview":"max-image-preview:large","max-video-preview":"max-video-preview:-1"},"canonical":"https:\/\/www.aleenta.com\/fr\/phuket\/weddings\/destination-photo-shoot\/","og_locale":"fr_FR","og_type":"article","og_title":"Pre-Wedding & Photo Shoot Location - Aleenta Phuket Resort & Spa","og_description":"Pre-Wedding, Honeymoon or Destination Photo Shoots at Aleenta Phuket Resort & Spa","og_url":"https:\/\/www.aleenta.com\/fr\/phuket\/weddings\/destination-photo-shoot\/","og_site_name":"Aleenta Resorts","article_modified_time":"2024-09-16T17:26:25+00:00","twitter_card":"summary_large_image","schema":{"@context":"https:\/\/schema.org","@graph":[{"@type":"WebPage","@id":"https:\/\/www.aleenta.com\/phuket\/weddings\/destination-photo-shoot\/","url":"https:\/\/www.aleenta.com\/phuket\/weddings\/destination-photo-shoot\/","name":"Lieu de pr\u00e9-mariage et de s\u00e9ance photo - Aleenta Phuket Resort &amp; Spa","isPartOf":{"@id":"https:\/\/www.aleenta.com\/#website"},"datePublished":"2022-06-08T15:05:56+00:00","dateModified":"2024-09-16T17:26:25+00:00","description":"S\u00e9ances photos avant mariage, lune de miel ou destination au Aleenta Phuket Resort &amp; Spa","breadcrumb":{"@id":"https:\/\/www.aleenta.com\/phuket\/weddings\/destination-photo-shoot\/#breadcrumb"},"inLanguage":"fr-FR","potentialAction":[{"@type":"ReadAction","target":["https:\/\/www.aleenta.com\/phuket\/weddings\/destination-photo-shoot\/"]}]},{"@type":"BreadcrumbList","@id":"https:\/\/www.aleenta.com\/phuket\/weddings\/destination-photo-shoot\/#breadcrumb","itemListElement":[{"@type":"ListItem","position":1,"name":"Home","item":"https:\/\/www.aleenta.com\/"},{"@type":"ListItem","position":2,"name":"Phuket","item":"https:\/\/www.aleenta.com\/phuket\/"},{"@type":"ListItem","position":3,"name":"Weddings","item":"https:\/\/www.aleenta.com\/phuket\/weddings\/"},{"@type":"ListItem","position":4,"name":"Destination Photo Shoot"}]},{"@type":"WebSite","@id":"https:\/\/www.aleenta.com\/#website","url":"https:\/\/www.aleenta.com\/","name":"Stations Aleenta","description":"H\u00f4tels de luxe en Tha\u00eflande","publisher":{"@id":"https:\/\/www.aleenta.com\/#organization"},"potentialAction":[{"@type":"SearchAction","target":{"@type":"EntryPoint","urlTemplate":"https:\/\/www.aleenta.com\/?s={search_term_string}"},"query-input":{"@type":"PropertyValueSpecification","valueRequired":true,"valueName":"search_term_string"}}],"inLanguage":"fr-FR"},{"@type":"Organization","@id":"https:\/\/www.aleenta.com\/#organization","name":"Stations Aleenta","alternateName":"Aleenta","url":"https:\/\/www.aleenta.com\/","logo":{"@type":"ImageObject","inLanguage":"fr-FR","@id":"https:\/\/www.aleenta.com\/#\/schema\/logo\/image\/","url":"https:\/\/www.aleenta.com\/wp-content\/uploads\/Aleenta-Logo-Text-1.png","contentUrl":"https:\/\/www.aleenta.com\/wp-content\/uploads\/Aleenta-Logo-Text-1.png","width":924,"height":300,"caption":"Aleenta Resorts"},"image":{"@id":"https:\/\/www.aleenta.com\/#\/schema\/logo\/image\/"}}]}},"_links":{"self":[{"href":"https:\/\/www.aleenta.com\/fr\/wp-json\/wp\/v2\/pages\/8593","targetHints":{"allow":["GET"]}}],"collection":[{"href":"https:\/\/www.aleenta.com\/fr\/wp-json\/wp\/v2\/pages"}],"about":[{"href":"https:\/\/www.aleenta.com\/fr\/wp-json\/wp\/v2\/types\/page"}],"author":[{"embeddable":true,"href":"https:\/\/www.aleenta.com\/fr\/wp-json\/wp\/v2\/users\/2"}],"replies":[{"embeddable":true,"href":"https:\/\/www.aleenta.com\/fr\/wp-json\/wp\/v2\/comments?post=8593"}],"version-history":[{"count":3,"href":"https:\/\/www.aleenta.com\/fr\/wp-json\/wp\/v2\/pages\/8593\/revisions"}],"predecessor-version":[{"id":20738,"href":"https:\/\/www.aleenta.com\/fr\/wp-json\/wp\/v2\/pages\/8593\/revisions\/20738"}],"up":[{"embeddable":true,"href":"https:\/\/www.aleenta.com\/fr\/wp-json\/wp\/v2\/pages\/7324"}],"wp:attachment":[{"href":"https:\/\/www.aleenta.com\/fr\/wp-json\/wp\/v2\/media?parent=8593"}],"wp:term":[{"taxonomy":"retreat-cat","embeddable":true,"href":"https:\/\/www.aleenta.com\/fr\/wp-json\/wp\/v2\/retreat-cat?post=8593"},{"taxonomy":"retreat-cat-chiang-mai","embeddable":true,"href":"https:\/\/www.aleenta.com\/fr\/wp-json\/wp\/v2\/retreat-cat-chiang-mai?post=8593"},{"taxonomy":"retreat-cat-hua-hin","embeddable":true,"href":"https:\/\/www.aleenta.com\/fr\/wp-json\/wp\/v2\/retreat-cat-hua-hin?post=8593"}],"curies":[{"name":"wp","href":"https:\/\/api.w.org\/{rel}","templated":true}]}}