{"id":9227,"date":"2022-06-15T14:34:31","date_gmt":"2022-06-15T07:34:31","guid":{"rendered":"http:\/\/aleenta.bml2l1izss-eqg35n0pk3xn.p.temp-site.link\/?page_id=9227"},"modified":"2025-10-14T15:35:27","modified_gmt":"2025-10-14T08:35:27","slug":"accommodation","status":"publish","type":"page","link":"https:\/\/www.aleenta.com\/fr\/chiang-mai\/accommodation\/","title":{"rendered":"Logement"},"content":{"rendered":"<div data-elementor-type=\"wp-page\" data-elementor-id=\"9227\" class=\"elementor elementor-9227\" data-elementor-post-type=\"page\">\n\t\t\t\t\t\t<section class=\"elementor-section elementor-top-section elementor-element elementor-element-91e5c22 elementor-section-content-middle elementor-section-height-min-height elementor-section-items-bottom elementor-section-boxed elementor-section-height-default\" data-id=\"91e5c22\" data-element_type=\"section\" data-settings=\"{&quot;background_background&quot;:&quot;classic&quot;,&quot;jet_parallax_layout_list&quot;:[]}\">\n\t\t\t\t\t\t\t<div class=\"elementor-background-overlay\"><\/div>\n\t\t\t\t\t\t\t<div class=\"elementor-container elementor-column-gap-no\">\n\t\t\t\t\t<div class=\"elementor-column elementor-col-100 elementor-top-column elementor-element elementor-element-ba6f843\" data-id=\"ba6f843\" data-element_type=\"column\">\n\t\t\t<div class=\"elementor-widget-wrap elementor-element-populated\">\n\t\t\t\t\t\t<div class=\"elementor-element elementor-element-fed609a elementor-widget elementor-widget-heading\" data-id=\"fed609a\" data-element_type=\"widget\" data-widget_type=\"heading.default\">\n\t\t\t\t<div class=\"elementor-widget-container\">\n\t\t\t\t\t<h1 class=\"elementor-heading-title elementor-size-default\">Retraite de Chiang Mai <br>Logement<\/h1>\t\t\t\t<\/div>\n\t\t\t\t<\/div>\n\t\t\t\t\t<\/div>\n\t\t<\/div>\n\t\t\t\t\t<\/div>\n\t\t<\/section>\n\t\t<div class=\"elementor-element elementor-element-852cb5a e-flex e-con-boxed e-con e-parent\" data-id=\"852cb5a\" data-element_type=\"container\" data-settings=\"{&quot;jet_parallax_layout_list&quot;:[]}\">\n\t\t\t\t\t<div class=\"e-con-inner\">\n\t\t\t\t<div class=\"elementor-element elementor-element-4dc4bbc elementor-widget elementor-widget-text-editor\" data-id=\"4dc4bbc\" data-element_type=\"widget\" data-widget_type=\"text-editor.default\">\n\t\t\t\t<div class=\"elementor-widget-container\">\n\t\t\t\t\t\t\t\t\t<p>\u00a0<\/p><p>Bienvenue dans vos vacances de r\u00eave ! Notre magnifique refuge vous propose l&#039;h\u00e9bergement id\u00e9al \u00e0 Chiang Mai pour des vacances inoubliables dans le nord enchanteur de la Tha\u00eflande. Dans les chambres et villas de haute qualit\u00e9, vous avez la possibilit\u00e9 de simplement laisser derri\u00e8re vous le stress de la vie quotidienne et de vous d\u00e9tendre.<br \/>Choisissez votre h\u00e9bergement pr\u00e9f\u00e9r\u00e9 parmi notre fantastique gamme. De la chambre de luxe de 45 m\u00b2 \u00e0 la somptueuse chambre de 300 m\u00b2.<a href=\"https:\/\/www.aleenta.com\/fr\/chiang-mai\/accommodation\/4-bedroom-golden-teak-villa\/\"> villa en teck dor\u00e9<\/a>Chacun trouvera son bonheur. D\u00e9tendez-vous sur votre balcon, au bord de la piscine ou dans un lit double confortable avec des draps en coton \u00e9gyptien de haute qualit\u00e9. Nos r\u00e9sidences et la villa disposent m\u00eame de leur propre piscine, mais le complexe dispose \u00e9galement d&#039;une piscine commune o\u00f9 tous les clients peuvent se d\u00e9tendre.<\/p>\t\t\t\t\t\t\t\t<\/div>\n\t\t\t\t<\/div>\n\t\t\t\t\t<\/div>\n\t\t\t\t<\/div>\n\t\t<div class=\"elementor-element elementor-element-25f14c3 e-flex e-con-boxed e-con e-parent\" data-id=\"25f14c3\" data-element_type=\"container\" data-settings=\"{&quot;jet_parallax_layout_list&quot;:[]}\">\n\t\t\t\t\t<div class=\"e-con-inner\">\n\t\t\t\t<div class=\"elementor-element elementor-element-fea3ef1 elementor-widget elementor-widget-text-editor\" data-id=\"fea3ef1\" data-element_type=\"widget\" data-widget_type=\"text-editor.default\">\n\t\t\t\t<div class=\"elementor-widget-container\">\n\t\t\t\t\t\t\t\t\t<h2>\u00a0<\/h2><h2>Chambres &amp; Villas<\/h2><p>D\u00e9couvrez nos chambres, r\u00e9sidences et villas au design \u00e9l\u00e9gant. Notre h\u00e9bergement enchanteur \u00e0 Chiang Mai vous offre beaucoup d&#039;espace pour vous d\u00e9tendre, r\u00eaver et vous sentir bien. Installez-vous confortablement et profitez de votre s\u00e9jour chez nous.<\/p>\t\t\t\t\t\t\t\t<\/div>\n\t\t\t\t<\/div>\n\t\t\t\t\t<\/div>\n\t\t\t\t<\/div>\n\t\t\t\t<section class=\"elementor-section elementor-top-section elementor-element elementor-element-226428a elementor-section-boxed elementor-section-height-default elementor-section-height-default\" data-id=\"226428a\" data-element_type=\"section\" data-settings=\"{&quot;jet_parallax_layout_list&quot;:[]}\">\n\t\t\t\t\t\t<div class=\"elementor-container elementor-column-gap-default\">\n\t\t\t\t\t<div class=\"elementor-column elementor-col-100 elementor-top-column elementor-element elementor-element-be88d92\" data-id=\"be88d92\" data-element_type=\"column\">\n\t\t\t<div class=\"elementor-widget-wrap elementor-element-populated\">\n\t\t\t\t\t\t<div class=\"elementor-element elementor-element-7f81155 elementor-widget elementor-widget-template\" data-id=\"7f81155\" data-element_type=\"widget\" data-widget_type=\"template.default\">\n\t\t\t\t<div class=\"elementor-widget-container\">\n\t\t\t\t\t\t\t<div class=\"elementor-template\">\n\t\t\t\t\t<div data-elementor-type=\"page\" data-elementor-id=\"9269\" class=\"elementor elementor-9269\" data-elementor-post-type=\"elementor_library\">\n\t\t\t\t\t\t<section class=\"elementor-section elementor-top-section elementor-element elementor-element-52c180f elementor-section-boxed elementor-section-height-default elementor-section-height-default\" data-id=\"52c180f\" data-element_type=\"section\" data-settings=\"{&quot;jet_parallax_layout_list&quot;:[]}\">\n\t\t\t\t\t\t<div class=\"elementor-container elementor-column-gap-default\">\n\t\t\t\t\t<div class=\"elementor-column elementor-col-100 elementor-top-column elementor-element elementor-element-5e2d46e\" data-id=\"5e2d46e\" data-element_type=\"column\">\n\t\t\t<div class=\"elementor-widget-wrap elementor-element-populated\">\n\t\t\t\t\t\t<div class=\"elementor-element elementor-element-da7ea5a elementor-widget elementor-widget-jet-carousel\" data-id=\"da7ea5a\" data-element_type=\"widget\" data-settings=\"{&quot;slides_to_show&quot;:&quot;3&quot;,&quot;slides_to_show_mobile&quot;:&quot;1&quot;,&quot;slides_to_scroll&quot;:&quot;1&quot;}\" data-widget_type=\"jet-carousel.default\">\n\t\t\t\t<div class=\"elementor-widget-container\">\n\t\t\t\t\t<div class=\"elementor-jet-carousel jet-elements\"><div class=\"jet-carousel-wrap\">\n\t<div class=\"jet-carousel\" data-slider_options=\"{&quot;autoplaySpeed&quot;:5000,&quot;autoplay&quot;:true,&quot;infinite&quot;:true,&quot;centerMode&quot;:false,&quot;centerPadding&quot;:&quot;50px&quot;,&quot;pauseOnHover&quot;:false,&quot;speed&quot;:500,&quot;arrows&quot;:true,&quot;dots&quot;:false,&quot;variableWidth&quot;:false,&quot;prevArrow&quot;:&quot;.jet-carousel__prev-arrow-da7ea5a&quot;,&quot;nextArrow&quot;:&quot;.jet-carousel__next-arrow-da7ea5a&quot;,&quot;rtl&quot;:false,&quot;fractionNav&quot;:false}\" dir=\"ltr\">\n\t<div class=\"elementor-slick-slider\">\n\n<div class=\"jet-carousel__item\">\n\t<div class=\"jet-carousel__item-inner\"><a href=\"https:\/\/www.aleenta.com\/fr\/chiang-mai\/accommodation\/deluxe-room\/\" class=\"jet-carousel__item-link\" ><img decoding=\"async\" src=\"https:\/\/www.aleenta.com\/wp-content\/uploads\/Aleenta-Chiang-Mai-Deluxe-Rooms-preview.jpg\" class=\"jet-carousel__item-img\" alt=\"Aleenta Chiang Mai Chambres de luxe\" loading=\"lazy\"><\/a><div class=\"jet-carousel__content\"><h3 class=\"jet-carousel__item-title\">Chambre de luxe<\/h3><\/div><\/div>\n<\/div>\n\n<div class=\"jet-carousel__item\">\n\t<div class=\"jet-carousel__item-inner\"><a href=\"https:\/\/www.aleenta.com\/fr\/chiang-mai\/accommodation\/club-balcony-rooms\/\" class=\"jet-carousel__item-link\" ><img decoding=\"async\" src=\"https:\/\/www.aleenta.com\/wp-content\/uploads\/Club-Rooms-Thumbnail.jpg\" class=\"jet-carousel__item-img\" alt=\"Miniature des salles de club\" loading=\"lazy\"><\/a><div class=\"jet-carousel__content\"><h3 class=\"jet-carousel__item-title\">Chambre Club avec Balcon<\/h3><\/div><\/div>\n<\/div>\n\n<div class=\"jet-carousel__item\">\n\t<div class=\"jet-carousel__item-inner\"><a href=\"https:\/\/www.aleenta.com\/fr\/chiang-mai\/accommodation\/1-bedroom-pool-residence\/\" class=\"jet-carousel__item-link\" ><img decoding=\"async\" src=\"https:\/\/www.aleenta.com\/wp-content\/uploads\/Aleenta-Chiang-Mai-1-Bed-Pool-Villa-preview.jpg\" class=\"jet-carousel__item-img\" alt=\"Aleenta Chiang Mai Villa 1 chambre avec piscine\" loading=\"lazy\"><\/a><div class=\"jet-carousel__content\"><h3 class=\"jet-carousel__item-title\">R\u00e9sidence 1 chambre avec piscine<\/h3><\/div><\/div>\n<\/div>\n\n<div class=\"jet-carousel__item\">\n\t<div class=\"jet-carousel__item-inner\"><a href=\"https:\/\/www.aleenta.com\/fr\/chiang-mai\/accommodation\/2-bedroom-pool-residence\/\" class=\"jet-carousel__item-link\" ><img decoding=\"async\" src=\"https:\/\/www.aleenta.com\/wp-content\/uploads\/Aleenta-Chiang-Mai-2-Bed-Pool-Villa-preview.jpg\" class=\"jet-carousel__item-img\" alt=\"Aleenta Chiang Mai Villa 2 chambres avec piscine\" loading=\"lazy\"><\/a><div class=\"jet-carousel__content\"><h3 class=\"jet-carousel__item-title\">R\u00e9sidence 2 chambres avec piscine<\/h3><\/div><\/div>\n<\/div>\n\n<div class=\"jet-carousel__item\">\n\t<div class=\"jet-carousel__item-inner\"><a href=\"https:\/\/www.aleenta.com\/fr\/chiang-mai\/accommodation\/4-bedroom-golden-teak-villa\/\" class=\"jet-carousel__item-link\" ><img decoding=\"async\" src=\"https:\/\/www.aleenta.com\/wp-content\/uploads\/4-Bedroom-Golden-Teak-Villa-Master-Bedroom-1.jpg\" class=\"jet-carousel__item-img\" alt=\"Chambre principale de la villa en teck dor\u00e9 de 4 chambres\" loading=\"lazy\"><\/a><div class=\"jet-carousel__content\"><h3 class=\"jet-carousel__item-title\">Villa en teck dor\u00e9 de 4 chambres<\/h3><\/div><\/div>\n<\/div>\n<\/div><div class=\"jet-carousel__prev-arrow-da7ea5a jet-arrow prev-arrow\"><svg aria-hidden=\"true\" class=\"e-font-icon-svg e-fas-angle-left\" viewbox=\"0 0 256 512\" xmlns=\"http:\/\/www.w3.org\/2000\/svg\"><path d=\"M31.7 239l136-136c9.4-9.4 24.6-9.4 33.9 0l22.6 22.6c9.4 9.4 9.4 24.6 0 33.9L127.9 256l96.4 96.4c9.4 9.4 9.4 24.6 0 33.9L201.7 409c-9.4 9.4-24.6 9.4-33.9 0l-136-136c-9.5-9.4-9.5-24.6-.1-34z\"><\/path><\/svg><\/div><div class=\"jet-carousel__next-arrow-da7ea5a jet-arrow next-arrow\"><svg aria-hidden=\"true\" class=\"e-font-icon-svg e-fas-angle-right\" viewbox=\"0 0 256 512\" xmlns=\"http:\/\/www.w3.org\/2000\/svg\"><path d=\"M224.3 273l-136 136c-9.4 9.4-24.6 9.4-33.9 0l-22.6-22.6c-9.4-9.4-9.4-24.6 0-33.9l96.4-96.4-96.4-96.4c-9.4-9.4-9.4-24.6 0-33.9L54.3 103c9.4-9.4 24.6-9.4 33.9 0l136 136c9.5 9.4 9.5 24.6.1 34z\"><\/path><\/svg><\/div><\/div>\n<\/div>\n<\/div>\t\t\t\t<\/div>\n\t\t\t\t<\/div>\n\t\t\t\t\t<\/div>\n\t\t<\/div>\n\t\t\t\t\t<\/div>\n\t\t<\/section>\n\t\t\t\t<\/div>\n\t\t\t\t<\/div>\n\t\t\t\t\t\t<\/div>\n\t\t\t\t<\/div>\n\t\t\t\t<div class=\"elementor-element elementor-element-d0b3d77 elementor-widget elementor-widget-heading\" data-id=\"d0b3d77\" data-element_type=\"widget\" data-widget_type=\"heading.default\">\n\t\t\t\t<div class=\"elementor-widget-container\">\n\t\t\t\t\t<h2 class=\"elementor-heading-title elementor-size-default\">D\u00e9couvrir plus<\/h2>\t\t\t\t<\/div>\n\t\t\t\t<\/div>\n\t\t\t\t<div class=\"elementor-element elementor-element-7ec62ce elementor-widget elementor-widget-text-editor\" data-id=\"7ec62ce\" data-element_type=\"widget\" data-widget_type=\"text-editor.default\">\n\t\t\t\t<div class=\"elementor-widget-container\">\n\t\t\t\t\t\t\t\t\t<h3><a href=\"https:\/\/www.aleenta.com\/fr\/chiang-mai\/dining\/\">Culinaire<\/a><\/h3><p>D\u00e9couvrez les nombreuses saveurs diff\u00e9rentes de la Tha\u00eflande et savourez les magnifiques d\u00e9lices de nos restaurants.<\/p><p>\u00a0<\/p><h3><a href=\"https:\/\/www.aleenta.com\/fr\/chiang-mai\/spa\/\">Centre de bien-\u00eatre et spa Ayurah<\/a><\/h3><p>\u00c9vadez-vous de votre quotidien et explorez la d\u00e9tente pure dans notre centre Spa &amp; Bien-\u00eatre<\/p><p>\u00a0<\/p><h3><a href=\"https:\/\/www.aleenta.com\/fr\/chiang-mai\/special-offers\/\">Offres et forfaits<\/a><\/h3><p>Avec nos forfaits soigneusement combin\u00e9s, vos vacances en Tha\u00eflande seront une exp\u00e9rience inoubliable.<\/p>\t\t\t\t\t\t\t\t<\/div>\n\t\t\t\t<\/div>\n\t\t\t\t\t<\/div>\n\t\t<\/div>\n\t\t\t\t\t<\/div>\n\t\t<\/section>\n\t\t<div class=\"elementor-element elementor-element-302a319 e-flex e-con-boxed e-con e-parent\" data-id=\"302a319\" data-element_type=\"container\" data-settings=\"{&quot;jet_parallax_layout_list&quot;:[]}\">\n\t\t\t\t\t<div class=\"e-con-inner\">\n\t\t\t\t\t<\/div>\n\t\t\t\t<\/div>\n\t\t\t\t<\/div>","protected":false},"excerpt":{"rendered":"<p>Chiang Mai Retreat Accommodation \u00a0 Welcome to your dream vacation! Our beautiful retreat offers you the perfect accommodation in Chiang [&hellip;]<\/p>\n","protected":false},"author":2,"featured_media":13239,"parent":9215,"menu_order":0,"comment_status":"closed","ping_status":"closed","template":"","meta":{"_acf_changed":false,"site-sidebar-layout":"no-sidebar","site-content-layout":"page-builder","ast-site-content-layout":"full-width-container","site-content-style":"unboxed","site-sidebar-style":"unboxed","ast-global-header-display":"","ast-banner-title-visibility":"","ast-main-header-display":"","ast-hfb-above-header-display":"","ast-hfb-below-header-display":"","ast-hfb-mobile-header-display":"","site-post-title":"disabled","ast-breadcrumbs-content":"","ast-featured-img":"disabled","footer-sml-layout":"","ast-disable-related-posts":"","theme-transparent-header-meta":"default","adv-header-id-meta":"","stick-header-meta":"default","header-above-stick-meta":"","header-main-stick-meta":"","header-below-stick-meta":"","astra-migrate-meta-layouts":"set","ast-page-background-enabled":"default","ast-page-background-meta":{"desktop":{"background-color":"var(--ast-global-color-4)","background-image":"","background-repeat":"repeat","background-position":"center center","background-size":"auto","background-attachment":"scroll","background-type":"","background-media":"","overlay-type":"","overlay-color":"","overlay-opacity":"","overlay-gradient":""},"tablet":{"background-color":"","background-image":"","background-repeat":"repeat","background-position":"center center","background-size":"auto","background-attachment":"scroll","background-type":"","background-media":"","overlay-type":"","overlay-color":"","overlay-opacity":"","overlay-gradient":""},"mobile":{"background-color":"","background-image":"","background-repeat":"repeat","background-position":"center center","background-size":"auto","background-attachment":"scroll","background-type":"","background-media":"","overlay-type":"","overlay-color":"","overlay-opacity":"","overlay-gradient":""}},"ast-content-background-meta":{"desktop":{"background-color":"var(--ast-global-color-5)","background-image":"","background-repeat":"repeat","background-position":"center center","background-size":"auto","background-attachment":"scroll","background-type":"","background-media":"","overlay-type":"","overlay-color":"","overlay-opacity":"","overlay-gradient":""},"tablet":{"background-color":"var(--ast-global-color-5)","background-image":"","background-repeat":"repeat","background-position":"center center","background-size":"auto","background-attachment":"scroll","background-type":"","background-media":"","overlay-type":"","overlay-color":"","overlay-opacity":"","overlay-gradient":""},"mobile":{"background-color":"var(--ast-global-color-5)","background-image":"","background-repeat":"repeat","background-position":"center center","background-size":"auto","background-attachment":"scroll","background-type":"","background-media":"","overlay-type":"","overlay-color":"","overlay-opacity":"","overlay-gradient":""}},"footnotes":""},"retreat-cat":[],"retreat-cat-chiang-mai":[],"retreat-cat-hua-hin":[],"class_list":["post-9227","page","type-page","status-publish","has-post-thumbnail","hentry"],"acf":[],"yoast_head":"<!-- This site is optimized with the Yoast SEO plugin v27.3 - https:\/\/yoast.com\/product\/yoast-seo-wordpress\/ -->\n<title>Accommodation - Rooms &amp; Villas - Aleenta Retreat Chiang Mai<\/title>\n<meta name=\"description\" content=\"Aleenta Retreat Chiang Mai including spacious selection of suites and 1 and 2 bedroom pool villas and a spectacular 4 bedroom golden teak wood residence with period furnishing and private pool\" \/>\n<meta name=\"robots\" content=\"index, follow, max-snippet:-1, max-image-preview:large, max-video-preview:-1\" \/>\n<link rel=\"canonical\" href=\"https:\/\/www.aleenta.com\/fr\/chiang-mai\/accommodation\/\" \/>\n<meta property=\"og:locale\" content=\"fr_FR\" \/>\n<meta property=\"og:type\" content=\"article\" \/>\n<meta property=\"og:title\" content=\"Accommodation - Rooms &amp; Villas - Aleenta Retreat Chiang Mai\" \/>\n<meta property=\"og:description\" content=\"Aleenta Retreat Chiang Mai including spacious selection of suites and 1 and 2 bedroom pool villas and a spectacular 4 bedroom golden teak wood residence with period furnishing and private pool\" \/>\n<meta property=\"og:url\" content=\"https:\/\/www.aleenta.com\/fr\/chiang-mai\/accommodation\/\" \/>\n<meta property=\"og:site_name\" content=\"Aleenta Resorts\" \/>\n<meta property=\"article:modified_time\" content=\"2025-10-14T08:35:27+00:00\" \/>\n<meta property=\"og:image\" content=\"https:\/\/www.aleenta.com\/wp-content\/uploads\/Aleenta-Retreat-Chiang-Mai-Accommodation.jpg\" \/>\n\t<meta property=\"og:image:width\" content=\"840\" \/>\n\t<meta property=\"og:image:height\" content=\"507\" \/>\n\t<meta property=\"og:image:type\" content=\"image\/jpeg\" \/>\n<meta name=\"twitter:card\" content=\"summary_large_image\" \/>\n<script type=\"application\/ld+json\" class=\"yoast-schema-graph\">{\"@context\":\"https:\\\/\\\/schema.org\",\"@graph\":[{\"@type\":\"WebPage\",\"@id\":\"https:\\\/\\\/www.aleenta.com\\\/chiang-mai\\\/accommodation\\\/\",\"url\":\"https:\\\/\\\/www.aleenta.com\\\/chiang-mai\\\/accommodation\\\/\",\"name\":\"Accommodation - Rooms & Villas - Aleenta Retreat Chiang Mai\",\"isPartOf\":{\"@id\":\"https:\\\/\\\/www.aleenta.com\\\/#website\"},\"primaryImageOfPage\":{\"@id\":\"https:\\\/\\\/www.aleenta.com\\\/chiang-mai\\\/accommodation\\\/#primaryimage\"},\"image\":{\"@id\":\"https:\\\/\\\/www.aleenta.com\\\/chiang-mai\\\/accommodation\\\/#primaryimage\"},\"thumbnailUrl\":\"https:\\\/\\\/www.aleenta.com\\\/wp-content\\\/uploads\\\/Aleenta-Retreat-Chiang-Mai-Accommodation.jpg\",\"datePublished\":\"2022-06-15T07:34:31+00:00\",\"dateModified\":\"2025-10-14T08:35:27+00:00\",\"description\":\"Aleenta Retreat Chiang Mai including spacious selection of suites and 1 and 2 bedroom pool villas and a spectacular 4 bedroom golden teak wood residence with period furnishing and private pool\",\"breadcrumb\":{\"@id\":\"https:\\\/\\\/www.aleenta.com\\\/chiang-mai\\\/accommodation\\\/#breadcrumb\"},\"inLanguage\":\"fr-FR\",\"potentialAction\":[{\"@type\":\"ReadAction\",\"target\":[\"https:\\\/\\\/www.aleenta.com\\\/chiang-mai\\\/accommodation\\\/\"]}]},{\"@type\":\"ImageObject\",\"inLanguage\":\"fr-FR\",\"@id\":\"https:\\\/\\\/www.aleenta.com\\\/chiang-mai\\\/accommodation\\\/#primaryimage\",\"url\":\"https:\\\/\\\/www.aleenta.com\\\/wp-content\\\/uploads\\\/Aleenta-Retreat-Chiang-Mai-Accommodation.jpg\",\"contentUrl\":\"https:\\\/\\\/www.aleenta.com\\\/wp-content\\\/uploads\\\/Aleenta-Retreat-Chiang-Mai-Accommodation.jpg\",\"width\":840,\"height\":507,\"caption\":\"Aleenta Retreat Chiang Mai - Accommodation - Rooms & Villas\"},{\"@type\":\"BreadcrumbList\",\"@id\":\"https:\\\/\\\/www.aleenta.com\\\/chiang-mai\\\/accommodation\\\/#breadcrumb\",\"itemListElement\":[{\"@type\":\"ListItem\",\"position\":1,\"name\":\"Home\",\"item\":\"https:\\\/\\\/www.aleenta.com\\\/\"},{\"@type\":\"ListItem\",\"position\":2,\"name\":\"Chiang Mai\",\"item\":\"https:\\\/\\\/www.aleenta.com\\\/chiang-mai\\\/\"},{\"@type\":\"ListItem\",\"position\":3,\"name\":\"Accommodation\"}]},{\"@type\":\"WebSite\",\"@id\":\"https:\\\/\\\/www.aleenta.com\\\/#website\",\"url\":\"https:\\\/\\\/www.aleenta.com\\\/\",\"name\":\"Aleenta Resorts\",\"description\":\"Luxury Resorts &amp; Hotels in Thailand\",\"publisher\":{\"@id\":\"https:\\\/\\\/www.aleenta.com\\\/#organization\"},\"potentialAction\":[{\"@type\":\"SearchAction\",\"target\":{\"@type\":\"EntryPoint\",\"urlTemplate\":\"https:\\\/\\\/www.aleenta.com\\\/?s={search_term_string}\"},\"query-input\":{\"@type\":\"PropertyValueSpecification\",\"valueRequired\":true,\"valueName\":\"search_term_string\"}}],\"inLanguage\":\"fr-FR\"},{\"@type\":\"Organization\",\"@id\":\"https:\\\/\\\/www.aleenta.com\\\/#organization\",\"name\":\"Aleenta Resorts\",\"alternateName\":\"Aleenta\",\"url\":\"https:\\\/\\\/www.aleenta.com\\\/\",\"logo\":{\"@type\":\"ImageObject\",\"inLanguage\":\"fr-FR\",\"@id\":\"https:\\\/\\\/www.aleenta.com\\\/#\\\/schema\\\/logo\\\/image\\\/\",\"url\":\"https:\\\/\\\/www.aleenta.com\\\/wp-content\\\/uploads\\\/Aleenta-Logo-Text-1.png\",\"contentUrl\":\"https:\\\/\\\/www.aleenta.com\\\/wp-content\\\/uploads\\\/Aleenta-Logo-Text-1.png\",\"width\":924,\"height\":300,\"caption\":\"Aleenta Resorts\"},\"image\":{\"@id\":\"https:\\\/\\\/www.aleenta.com\\\/#\\\/schema\\\/logo\\\/image\\\/\"}}]}<\/script>\n<!-- \/ Yoast SEO plugin. -->","yoast_head_json":{"title":"H\u00e9bergement - Chambres &amp; Villas - Aleenta Retreat Chiang Mai","description":"Aleenta Retreat Chiang Mai comprenant une s\u00e9lection spacieuse de suites et de villas avec piscine \u00e0 1 et 2 chambres et une spectaculaire r\u00e9sidence en bois de teck dor\u00e9 de 4 chambres avec mobilier d&#039;\u00e9poque et piscine priv\u00e9e","robots":{"index":"index","follow":"follow","max-snippet":"max-snippet:-1","max-image-preview":"max-image-preview:large","max-video-preview":"max-video-preview:-1"},"canonical":"https:\/\/www.aleenta.com\/fr\/chiang-mai\/accommodation\/","og_locale":"fr_FR","og_type":"article","og_title":"Accommodation - Rooms & Villas - Aleenta Retreat Chiang Mai","og_description":"Aleenta Retreat Chiang Mai including spacious selection of suites and 1 and 2 bedroom pool villas and a spectacular 4 bedroom golden teak wood residence with period furnishing and private pool","og_url":"https:\/\/www.aleenta.com\/fr\/chiang-mai\/accommodation\/","og_site_name":"Aleenta Resorts","article_modified_time":"2025-10-14T08:35:27+00:00","og_image":[{"width":840,"height":507,"url":"https:\/\/www.aleenta.com\/wp-content\/uploads\/Aleenta-Retreat-Chiang-Mai-Accommodation.jpg","type":"image\/jpeg"}],"twitter_card":"summary_large_image","schema":{"@context":"https:\/\/schema.org","@graph":[{"@type":"WebPage","@id":"https:\/\/www.aleenta.com\/chiang-mai\/accommodation\/","url":"https:\/\/www.aleenta.com\/chiang-mai\/accommodation\/","name":"H\u00e9bergement - Chambres &amp; Villas - Aleenta Retreat Chiang Mai","isPartOf":{"@id":"https:\/\/www.aleenta.com\/#website"},"primaryImageOfPage":{"@id":"https:\/\/www.aleenta.com\/chiang-mai\/accommodation\/#primaryimage"},"image":{"@id":"https:\/\/www.aleenta.com\/chiang-mai\/accommodation\/#primaryimage"},"thumbnailUrl":"https:\/\/www.aleenta.com\/wp-content\/uploads\/Aleenta-Retreat-Chiang-Mai-Accommodation.jpg","datePublished":"2022-06-15T07:34:31+00:00","dateModified":"2025-10-14T08:35:27+00:00","description":"Aleenta Retreat Chiang Mai comprenant une s\u00e9lection spacieuse de suites et de villas avec piscine \u00e0 1 et 2 chambres et une spectaculaire r\u00e9sidence en bois de teck dor\u00e9 de 4 chambres avec mobilier d&#039;\u00e9poque et piscine priv\u00e9e","breadcrumb":{"@id":"https:\/\/www.aleenta.com\/chiang-mai\/accommodation\/#breadcrumb"},"inLanguage":"fr-FR","potentialAction":[{"@type":"ReadAction","target":["https:\/\/www.aleenta.com\/chiang-mai\/accommodation\/"]}]},{"@type":"ImageObject","inLanguage":"fr-FR","@id":"https:\/\/www.aleenta.com\/chiang-mai\/accommodation\/#primaryimage","url":"https:\/\/www.aleenta.com\/wp-content\/uploads\/Aleenta-Retreat-Chiang-Mai-Accommodation.jpg","contentUrl":"https:\/\/www.aleenta.com\/wp-content\/uploads\/Aleenta-Retreat-Chiang-Mai-Accommodation.jpg","width":840,"height":507,"caption":"Aleenta Retreat Chiang Mai - Accommodation - Rooms & Villas"},{"@type":"BreadcrumbList","@id":"https:\/\/www.aleenta.com\/chiang-mai\/accommodation\/#breadcrumb","itemListElement":[{"@type":"ListItem","position":1,"name":"Home","item":"https:\/\/www.aleenta.com\/"},{"@type":"ListItem","position":2,"name":"Chiang Mai","item":"https:\/\/www.aleenta.com\/chiang-mai\/"},{"@type":"ListItem","position":3,"name":"Accommodation"}]},{"@type":"WebSite","@id":"https:\/\/www.aleenta.com\/#website","url":"https:\/\/www.aleenta.com\/","name":"Stations Aleenta","description":"H\u00f4tels de luxe en Tha\u00eflande","publisher":{"@id":"https:\/\/www.aleenta.com\/#organization"},"potentialAction":[{"@type":"SearchAction","target":{"@type":"EntryPoint","urlTemplate":"https:\/\/www.aleenta.com\/?s={search_term_string}"},"query-input":{"@type":"PropertyValueSpecification","valueRequired":true,"valueName":"search_term_string"}}],"inLanguage":"fr-FR"},{"@type":"Organization","@id":"https:\/\/www.aleenta.com\/#organization","name":"Stations Aleenta","alternateName":"Aleenta","url":"https:\/\/www.aleenta.com\/","logo":{"@type":"ImageObject","inLanguage":"fr-FR","@id":"https:\/\/www.aleenta.com\/#\/schema\/logo\/image\/","url":"https:\/\/www.aleenta.com\/wp-content\/uploads\/Aleenta-Logo-Text-1.png","contentUrl":"https:\/\/www.aleenta.com\/wp-content\/uploads\/Aleenta-Logo-Text-1.png","width":924,"height":300,"caption":"Aleenta Resorts"},"image":{"@id":"https:\/\/www.aleenta.com\/#\/schema\/logo\/image\/"}}]}},"_links":{"self":[{"href":"https:\/\/www.aleenta.com\/fr\/wp-json\/wp\/v2\/pages\/9227","targetHints":{"allow":["GET"]}}],"collection":[{"href":"https:\/\/www.aleenta.com\/fr\/wp-json\/wp\/v2\/pages"}],"about":[{"href":"https:\/\/www.aleenta.com\/fr\/wp-json\/wp\/v2\/types\/page"}],"author":[{"embeddable":true,"href":"https:\/\/www.aleenta.com\/fr\/wp-json\/wp\/v2\/users\/2"}],"replies":[{"embeddable":true,"href":"https:\/\/www.aleenta.com\/fr\/wp-json\/wp\/v2\/comments?post=9227"}],"version-history":[{"count":51,"href":"https:\/\/www.aleenta.com\/fr\/wp-json\/wp\/v2\/pages\/9227\/revisions"}],"predecessor-version":[{"id":32987,"href":"https:\/\/www.aleenta.com\/fr\/wp-json\/wp\/v2\/pages\/9227\/revisions\/32987"}],"up":[{"embeddable":true,"href":"https:\/\/www.aleenta.com\/fr\/wp-json\/wp\/v2\/pages\/9215"}],"wp:featuredmedia":[{"embeddable":true,"href":"https:\/\/www.aleenta.com\/fr\/wp-json\/wp\/v2\/media\/13239"}],"wp:attachment":[{"href":"https:\/\/www.aleenta.com\/fr\/wp-json\/wp\/v2\/media?parent=9227"}],"wp:term":[{"taxonomy":"retreat-cat","embeddable":true,"href":"https:\/\/www.aleenta.com\/fr\/wp-json\/wp\/v2\/retreat-cat?post=9227"},{"taxonomy":"retreat-cat-chiang-mai","embeddable":true,"href":"https:\/\/www.aleenta.com\/fr\/wp-json\/wp\/v2\/retreat-cat-chiang-mai?post=9227"},{"taxonomy":"retreat-cat-hua-hin","embeddable":true,"href":"https:\/\/www.aleenta.com\/fr\/wp-json\/wp\/v2\/retreat-cat-hua-hin?post=9227"}],"curies":[{"name":"wp","href":"https:\/\/api.w.org\/{rel}","templated":true}]}}